{"id":4285,"date":"2022-04-28T15:48:43","date_gmt":"2022-04-28T13:48:43","guid":{"rendered":"https:\/\/antcube.shop\/produkt\/reagenzglaser-180x18-mm-10-st\/"},"modified":"2026-03-25T09:38:34","modified_gmt":"2026-03-25T08:38:34","slug":"reagenzglaser-180x18-mm-10-st","status":"publish","type":"product","link":"https:\/\/antcube.shop\/sk\/produkt\/reagenzglaser-180x18-mm-10-st\/","title":{"rendered":"Sklo-sk\u00famavka 180 \u00d7 18 mm \/ 10 ks"},"content":{"rendered":"<p><b>Ve\u013ekos\u0165:<\/b> 180 x 18 mm<\/p>\n<p><b>Popis: V s\u00fa\u010dasnosti je na trhu viac ako 10 000 zariaden\u00ed, ktor\u00e9 s\u00fa ur\u010den\u00e9 na predaj:<\/b> Sk\u00famavka zo sodno-v\u00e1penat\u00e9ho skla s hrub\u00fdmi stenami a okrajom. M\u00f4\u017ee sa pou\u017ei\u0165 ako hniezdna komora na dlh\u0161\u00ed \u010das naplnen\u00edm 1\/3 vodou a utesnen\u00edm absorp\u010dnou bavlnou. Vhodn\u00e1 aj ako prepravn\u00e1 n\u00e1doba.<\/p>","protected":false},"excerpt":{"rendered":"<p>Popis: V s\u00fa\u010dasnosti sa nach\u00e1dza na \u00fazem\u00ed Slovenskej republiky: Sk\u00famavka zo sodno-v\u00e1penat\u00e9ho skla, hrubostenn\u00e1, s okrajom. M\u00f4\u017ee sa pou\u017ei\u0165 ako hniezdna komora na dlh\u0161\u00ed \u010das naplnen\u00edm 1\/3 vodou a utesnen\u00edm absorp\u010dnou bavlnou. Vhodn\u00e1 aj ako prepravn\u00e1 n\u00e1doba.<\/p>","protected":false},"featured_media":4290,"comment_status":"open","ping_status":"closed","template":"","meta":{"_acf_changed":false,"content-type":"","_monsterinsights_skip_tracking":false,"_monsterinsights_sitenote_active":false,"_monsterinsights_sitenote_note":"","_monsterinsights_sitenote_category":0},"product_brand":[],"product_cat":[237],"product_tag":[],"class_list":{"0":"post-4285","1":"product","2":"type-product","3":"status-publish","4":"has-post-thumbnail","6":"product_cat-tools","8":"first","9":"instock","10":"taxable","11":"shipping-taxable","12":"purchasable","13":"product-type-simple"},"acf":[],"aioseo_notices":[],"jetpack_sharing_enabled":true,"_links":{"self":[{"href":"https:\/\/antcube.shop\/sk\/wp-json\/wp\/v2\/product\/4285","targetHints":{"allow":["GET"]}}],"collection":[{"href":"https:\/\/antcube.shop\/sk\/wp-json\/wp\/v2\/product"}],"about":[{"href":"https:\/\/antcube.shop\/sk\/wp-json\/wp\/v2\/types\/product"}],"replies":[{"embeddable":true,"href":"https:\/\/antcube.shop\/sk\/wp-json\/wp\/v2\/comments?post=4285"}],"wp:featuredmedia":[{"embeddable":true,"href":"https:\/\/antcube.shop\/sk\/wp-json\/wp\/v2\/media\/4290"}],"wp:attachment":[{"href":"https:\/\/antcube.shop\/sk\/wp-json\/wp\/v2\/media?parent=4285"}],"wp:term":[{"taxonomy":"product_brand","embeddable":true,"href":"https:\/\/antcube.shop\/sk\/wp-json\/wp\/v2\/product_brand?post=4285"},{"taxonomy":"product_cat","embeddable":true,"href":"https:\/\/antcube.shop\/sk\/wp-json\/wp\/v2\/product_cat?post=4285"},{"taxonomy":"product_tag","embeddable":true,"href":"https:\/\/antcube.shop\/sk\/wp-json\/wp\/v2\/product_tag?post=4285"}],"curies":[{"name":"wp","href":"https:\/\/api.w.org\/{rel}","templated":true}]}}