{"id":4260,"date":"2022-04-28T14:01:03","date_gmt":"2022-04-28T12:01:03","guid":{"rendered":"https:\/\/antcube.shop\/produkt\/nestrohrchen-rack-18mm\/"},"modified":"2026-03-23T15:57:06","modified_gmt":"2026-03-23T14:57:06","slug":"hniezdo-na-rurky-18-mm","status":"publish","type":"product","link":"https:\/\/antcube.shop\/sk\/produkt\/hniezdo-na-rurky-18-mm\/","title":{"rendered":"Stojan na hniezda 18 mm"},"content":{"rendered":"<p style=\"margin-bottom: 0cm;\"><strong>Rozmery:<\/strong> 25x12x3 cm<\/p>\n<p><strong>Materi\u00e1ly: <\/strong>PMMA, PVC<\/p>\n<p><strong>Farba: <\/strong>kri\u0161t\u00e1\u013eovo \u010dist\u00fd, prieh\u013eadn\u00fd, transparentn\u00fd<\/p>\n<p><strong>Obsah:<\/strong><br \/>\n2x otvorov\u00e1 doska (10x otvory)<br \/>\n2x \u00fachopov\u00e1 doska<br \/>\n4x elastick\u00e9 popruhy<\/p>\n<p><strong>Pozn\u00e1mka: <\/strong>Diely sa dod\u00e1vaj\u00fa ako s\u00faprava alebo z\u00e1suvn\u00fd syst\u00e9m. Nie je potrebn\u00e9 \u017eiadne lepenie.<\/p>\n<p><strong>Pripojenie:<\/strong><br \/>\npre hniezda s priemerom 18 mm<\/p>\n<p><strong>Popis: V s\u00fa\u010dasnosti je na trhu viac ako 10 000 zariaden\u00ed, ktor\u00e9 s\u00fa ur\u010den\u00e9 na predaj:<\/strong> Stojan na hniezdne trubice sa pou\u017e\u00edva na starostliv\u00e9 uskladnenie mrav\u010d\u00edch hniezdnych trub\u00edc. S\u00faprava sa \u013eahko zostavuje.<\/p>\n<p><strong>Pou\u017eitie:<\/strong> Na uskladnenie hniezdnych trub\u00edc. Vhodn\u00e9 pre n\u00e1\u0161 inkub\u00e1tor na mravce<\/p>\n<p><strong>Pozn\u00e1mka:<\/strong> Na zlep\u0161enie stability pri stohovan\u00ed odpor\u00fa\u010dame pou\u017ei\u0165 \"Tesniaci kr\u00fa\u017eok prieh\u013eadn\u00fd pru\u017en\u00fd 20-50 mm - 10 ks\" pozri odpor\u00fa\u010danie k \u010dl\u00e1nku.<\/p>","protected":false},"excerpt":{"rendered":"<p>pre 18 mm hniezdov\u00e9 r\u00farky<\/p>","protected":false},"featured_media":4277,"comment_status":"open","ping_status":"closed","template":"","meta":{"_acf_changed":false,"content-type":"","_monsterinsights_skip_tracking":false,"_monsterinsights_sitenote_active":false,"_monsterinsights_sitenote_note":"","_monsterinsights_sitenote_category":0},"product_brand":[],"product_cat":[237],"product_tag":[],"class_list":{"0":"post-4260","1":"product","2":"type-product","3":"status-publish","4":"has-post-thumbnail","6":"product_cat-tools","8":"first","9":"instock","10":"taxable","11":"shipping-taxable","12":"purchasable","13":"product-type-simple"},"acf":[],"aioseo_notices":[],"jetpack_sharing_enabled":true,"_links":{"self":[{"href":"https:\/\/antcube.shop\/sk\/wp-json\/wp\/v2\/product\/4260","targetHints":{"allow":["GET"]}}],"collection":[{"href":"https:\/\/antcube.shop\/sk\/wp-json\/wp\/v2\/product"}],"about":[{"href":"https:\/\/antcube.shop\/sk\/wp-json\/wp\/v2\/types\/product"}],"replies":[{"embeddable":true,"href":"https:\/\/antcube.shop\/sk\/wp-json\/wp\/v2\/comments?post=4260"}],"wp:featuredmedia":[{"embeddable":true,"href":"https:\/\/antcube.shop\/sk\/wp-json\/wp\/v2\/media\/4277"}],"wp:attachment":[{"href":"https:\/\/antcube.shop\/sk\/wp-json\/wp\/v2\/media?parent=4260"}],"wp:term":[{"taxonomy":"product_brand","embeddable":true,"href":"https:\/\/antcube.shop\/sk\/wp-json\/wp\/v2\/product_brand?post=4260"},{"taxonomy":"product_cat","embeddable":true,"href":"https:\/\/antcube.shop\/sk\/wp-json\/wp\/v2\/product_cat?post=4260"},{"taxonomy":"product_tag","embeddable":true,"href":"https:\/\/antcube.shop\/sk\/wp-json\/wp\/v2\/product_tag?post=4260"}],"curies":[{"name":"wp","href":"https:\/\/api.w.org\/{rel}","templated":true}]}}