{"id":4258,"date":"2022-04-28T14:00:36","date_gmt":"2022-04-28T12:00:36","guid":{"rendered":"https:\/\/antcube.shop\/produkt\/ameisen-inkubator\/"},"modified":"2026-04-09T15:04:51","modified_gmt":"2026-04-09T13:04:51","slug":"ameisen-inkubator","status":"publish","type":"product","link":"https:\/\/antcube.shop\/sk\/produkt\/ameisen-inkubator\/","title":{"rendered":"Inkub\u00e1tor mravcov"},"content":{"rendered":"<p><strong>Ve\u013ekos\u0165:\u00a0<\/strong>Rozmery jednotky: 40 \u00d7 39,5 \u00d7 48 cm ; Vn\u00fatorn\u00e9 rozmery: 32 \u00d7 22,5 \u00d7 37 cm<\/p>\n<p><strong>Farba:<\/strong> \u010cierna<\/p>\n<p><strong>Technick\u00e9 \u0161pecifik\u00e1cie:<\/strong><br \/>\nNap\u00e4tie: 220-240 V, 50 Hz<br \/>\nV\u00fdkon: 70 W<br \/>\nD\u013a\u017eka sie\u0165ov\u00e9ho k\u00e1bla: 1.60m<br \/>\nTeplotn\u00fd rozsah: 5\u00b0C - 40\u00b0C<\/p>\n<p><strong>Materi\u00e1l:<\/strong> Kov, sklo<\/p>\n<p><strong>Popis: V s\u00fa\u010dasnosti je na trhu viac ako 10 000 zariaden\u00ed, ktor\u00e9 s\u00fa ur\u010den\u00e9 na predaj:<\/strong><br \/>\nTento inkub\u00e1tor na mravce je ve\u013emi vhodn\u00fd nielen na chov kol\u00f3ni\u00ed mravcov z tropick\u00fdch oblast\u00ed, ale aj na chov kol\u00f3ni\u00ed mravcov po\u010das zimn\u00e9ho sp\u00e1nku.<br \/>\nM\u00e1 regul\u00e1tor teploty s digit\u00e1lnym displejom a odn\u00edmate\u013en\u00fa medziposchodov\u00fa policu, ktor\u00e1 poskytuje viac priestoru. Teplotu mo\u017eno nastavi\u0165 a meni\u0165 pod\u013ea potreby. Spotrebi\u010d dok\u00e1\u017ee chladi\u0165 (na pribli\u017ene 5 \u00b0C) aj ohrieva\u0165 (na pribli\u017ene 40 \u00b0C). Rozsah nastavite\u013enej teploty je pribli\u017ene 5 \u00b0C - 40 \u00b0C. M\u00f4\u017ee sa preto pou\u017e\u00edva\u0165 aj na prezimovanie dom\u00e1cich mravcov.<\/p>\n<p><strong>V\u00fdhody:<\/strong><br \/>\n\u010casto sa stret\u00e1vate s ot\u00e1zkou, ako ulo\u017ei\u0165 mravce na zimn\u00fd sp\u00e1nok bez komplik\u00e1ci\u00ed pri spr\u00e1vnej teplote. Chladni\u010dka je aj tak pr\u00edli\u0161 pln\u00e1, na balk\u00f3ne m\u00f4\u017ee by\u0165 pre zvierat\u00e1 pr\u00edli\u0161 chladno a v pivnici je tie\u017e tesno, alebo nem\u00e1te dostato\u010dn\u00fa kontrolu.<br \/>\n<strong>Tu je rie\u0161enie:<\/strong> Zvierat\u00e1 m\u00f4\u017eete necha\u0165 prezimova\u0165 bu\u010f v inkub\u00e1tore s na\u0161imi stojanmi na hniezda v sk\u00famavk\u00e1ch, v tomto pr\u00edpade a\u017e 100 kol\u00f3ni\u00ed naraz, alebo spolu s cel\u00fdm formik\u00e1riom ANTCUBE. Napr\u00edklad do n\u00e1\u0161ho inkub\u00e1tora ANTCUBE Arena Combi sa zmest\u00ed cel\u00fd. Ale aj \u0161tartovacia s\u00faprava s ar\u00e9nou 20 \u00d7 20 \u00d7 10 a 2 hniezdami 20 \u00d7 20 by mala dostatok miesta.<br \/>\nTakisto je mo\u017en\u00e9 uskladnenie a preprava s vozidlom, napr\u00edklad po\u010das letu roja, premiestnenia alebo prepravy obzvl\u00e1\u0161\u0165 citliv\u00fdch mravcov listn\u00e1\u010dov.<br \/>\nPraktick\u00e9 stojany na sk\u00famavky (hniezda na sk\u00famavky) s\u00fa k dispoz\u00edcii v troch r\u00f4znych ve\u013ekostiach. Tu je na\u0161e odpor\u00fa\u010danie:<\/p>\n<p><strong>Odpor\u00fa\u010danie:<\/strong><br \/>\nPriestor v inkub\u00e1tore je vhodn\u00fd pre:<br \/>\nA\u017e 24x sk\u00famavka na cvr\u010dka\/ alebo 24x zbern\u00e1 \u0161katu\u013ea prieh\u013eadn\u00e1 115x115x55<br \/>\nPre mravce v hniezdnych trubiciach odpor\u00fa\u010dame stojany na uskladnenie hniezdnych trub\u00edc<br \/>\nZapadaj\u00fa do interi\u00e9ru:<br \/>\n- stojan na hniezda s priemerom 16 mm = 12 kusov alebo 120 hniezd s priemerom 16 mm<br \/>\n- Stojan na vkladacie trubice pre 18 mm = 12 kusov alebo 120 vkladac\u00edch trub\u00edc s priemerom 18 mm<br \/>\n- Stojan na vkladacie r\u00farky pre 25 mm = 9 kusov, resp. 54 vkladac\u00edch r\u00farok s priemerom 25 mm<\/p>\n<p><strong>Pozn\u00e1mka:<\/strong><br \/>\n- Zariadenie nestavajte na priame slne\u010dn\u00e9 svetlo ani ved\u013ea zdroja tepla, preto\u017ee v\u00fdkyvy vonkaj\u0161ej teploty ovplyv\u0148uj\u00fa vn\u00fatorn\u00fa teplotu.<br \/>\n- Spotrebi\u010d postavte na such\u00e9 miesto s \u010do najst\u00e1lej\u0161ou teplotou.<br \/>\n- Ventil\u00e1tory sa musia da\u0165 vo\u013ene ot\u00e1\u010da\u0165<br \/>\n- Vzdu\u0161n\u00e9 plochy musia zosta\u0165 \u010dist\u00e9<br \/>\n- Pravidelne kontrolujte, \u010di nedo\u0161lo k po\u0161kodeniu -&gt; ak sa vyskytne, okam\u017eite zastavte prev\u00e1dzku<br \/>\n- Inkub\u00e1tor je mo\u017en\u00e9 chr\u00e1ni\u0165 dvojitou ochranou pomocou pr\u00eddavn\u00e9ho zariadenia Thermo Control II alebo Thermo Control Pro II. Pr\u00edslu\u0161n\u00fd priechod je umiestnen\u00fd na zadnej strane spotrebi\u010da.<\/p>\n<p><strong>Pozn\u00e1mka: <\/strong>20.01.2025 - Aktualiz\u00e1cia produktu - nov\u00fd model<\/p>","protected":false},"excerpt":{"rendered":"<p>Ve\u013ekos\u0165: Rozmery jednotky: 40 \u00d7 39,5 \u00d7 48 cm ; Vn\u00fatorn\u00e9 rozmery: 32 \u00d7 22,5 \u00d7 37 cm Farba: \u010dierna Technick\u00e9 \u0161pecifik\u00e1cie: Nap\u00e4tie: 220-240 V, 50 Hz Pr\u00edkon: 70 W D\u013a\u017eka sie\u0165ov\u00e9ho k\u00e1bla: Rozsah teploty: 1,60 m  Materi\u00e1l: kov, sklo Popis: Materi\u00e1l: kov, sklo Tento inkub\u00e1tor mravcov je ve\u013emi vhodn\u00fd nielen na chov kol\u00f3ni\u00ed mravcov z tropick\u00fdch oblast\u00ed, ale aj na chov kol\u00f3ni\u00ed mravcov po\u010das zimn\u00e9ho sp\u00e1nku. M\u00e1 [...]","protected":false},"featured_media":11099,"comment_status":"open","ping_status":"closed","template":"","meta":{"_acf_changed":false,"content-type":"","_monsterinsights_skip_tracking":false,"_monsterinsights_sitenote_active":false,"_monsterinsights_sitenote_note":"","_monsterinsights_sitenote_category":0},"product_brand":[],"product_cat":[237],"product_tag":[],"class_list":{"0":"post-4258","1":"product","2":"type-product","3":"status-publish","4":"has-post-thumbnail","6":"product_cat-tools","8":"first","9":"instock","10":"taxable","11":"shipping-taxable","12":"purchasable","13":"product-type-simple"},"acf":[],"aioseo_notices":[],"jetpack_sharing_enabled":true,"_links":{"self":[{"href":"https:\/\/antcube.shop\/sk\/wp-json\/wp\/v2\/product\/4258","targetHints":{"allow":["GET"]}}],"collection":[{"href":"https:\/\/antcube.shop\/sk\/wp-json\/wp\/v2\/product"}],"about":[{"href":"https:\/\/antcube.shop\/sk\/wp-json\/wp\/v2\/types\/product"}],"replies":[{"embeddable":true,"href":"https:\/\/antcube.shop\/sk\/wp-json\/wp\/v2\/comments?post=4258"}],"wp:featuredmedia":[{"embeddable":true,"href":"https:\/\/antcube.shop\/sk\/wp-json\/wp\/v2\/media\/11099"}],"wp:attachment":[{"href":"https:\/\/antcube.shop\/sk\/wp-json\/wp\/v2\/media?parent=4258"}],"wp:term":[{"taxonomy":"product_brand","embeddable":true,"href":"https:\/\/antcube.shop\/sk\/wp-json\/wp\/v2\/product_brand?post=4258"},{"taxonomy":"product_cat","embeddable":true,"href":"https:\/\/antcube.shop\/sk\/wp-json\/wp\/v2\/product_cat?post=4258"},{"taxonomy":"product_tag","embeddable":true,"href":"https:\/\/antcube.shop\/sk\/wp-json\/wp\/v2\/product_tag?post=4258"}],"curies":[{"name":"wp","href":"https:\/\/api.w.org\/{rel}","templated":true}]}}