{"id":4175,"date":"2022-03-14T17:24:15","date_gmt":"2022-03-14T16:24:15","guid":{"rendered":"https:\/\/antcube.shop\/produkt\/candy-ant-snack-20g\/"},"modified":"2026-04-04T06:34:17","modified_gmt":"2026-04-04T04:34:17","slug":"candy-ant-snack-20g","status":"publish","type":"product","link":"https:\/\/antcube.shop\/sk\/produkt\/candy-ant-snack-20g\/","title":{"rendered":"Candy Ant Snack - 20g"},"content":{"rendered":"<p><strong>Obsah:<\/strong><br \/>\n20g<\/p>\n<p><strong>Popis: V s\u00fa\u010dasnosti je na trhu viac ako 10 000 zariaden\u00ed, ktor\u00e9 s\u00fa ur\u010den\u00e9 na predaj:<\/strong><br \/>\nIde o \u010disto pr\u00edrodn\u00fd produkt. N\u00e1\u0161 Candy Ant Snack, vyroben\u00fd z ekologicky pestovan\u00fdch mravcov Acheta domesticus, potiahnut\u00fd ekologick\u00fdm medom.<br \/>\n\u013dahko str\u00e1vite\u013en\u00e9. V\u010faka kvalitn\u00fdm bielkovin\u00e1m je takmer kompletnou potravou (nahr\u00e1dza med\/cukor a bielkoviny) pre v\u00e4\u010d\u0161inu druhov mravcov, ako s\u00fa Lasius sp., Camponotus sp. alebo Messor sp. at\u010f. Mravce ho miluj\u00fa. Nenahr\u00e1dza \u010derstv\u00fa vodu, ktor\u00fa mravce potrebuj\u00fa. Nenahr\u00e1dza ani potrebu \u017eiv\u00fdch bielkov\u00edn, ako je napr\u00edklad drobn\u00fd hmyz.<\/p>\n<p>Toto doplnkov\u00e9 krmivo je pln\u00e9 siln\u00fdch bielkov\u00edn a obsahuje pribli\u017ene 50% \u010dist\u00fdch pr\u00edrodn\u00fdch bielkov\u00edn.<br \/>\nOkrem toho sa v\u00fdrobok k\u0155mil organick\u00fdm rastlinn\u00fdm odpadom bez pestic\u00eddov, ktor\u00fd m\u00e1 vysok\u00fa ekologick\u00fa hodnotu, preto\u017ee sa pri jeho v\u00fdrobe spotrebuje menej energie a vody.<\/p>\n<p>Pridanou hodnotou pre v\u0161etk\u00fdch milovn\u00edkov mravcov je kombin\u00e1cia pr\u00edrodn\u00fdch bielkov\u00edn a n\u00e1teru s pr\u00edrodn\u00fdm medom. Mravce ho miluj\u00fa a potrebuj\u00fa pre dobr\u00fd v\u00fdvoj ml\u00e1\u010fat a zdrav\u00fd rast kol\u00f3nie.<\/p>\n<p><strong>Pou\u017eitie:<\/strong><br \/>\nNa k\u0155menie by sa mal Candy Ant Snack rozdeli\u0165 na men\u0161ie porcie alebo rozpusti\u0165 vo vode.<\/p>\n<p><strong>Obsahuje:<\/strong><br \/>\nPr\u00edrodne su\u0161en\u00e1 Acheta domesticus potiahnut\u00e1 organick\u00fdm medom. Nie je ur\u010den\u00fd na \u013eudsk\u00fa spotrebu. Len pre mravce.<br \/>\nPribli\u017en\u00fd pomer mie\u0161ania 70% Acheta domesticus a 30% medu.<\/p>\n<p><strong>Skladovanie:<\/strong><br \/>\nOp\u00e4tovne uzatv\u00e1rate\u013en\u00e9. Skladujte na tmavom, chladnom a suchom mieste.<\/p>\n<p><strong>Pozn\u00e1mka:<\/strong><br \/>\nDoplnkov\u00e1 potrava pre mravce.<br \/>\nZlo\u017eenie, analytick\u00e9 zlo\u017eky, d\u00e1tum minim\u00e1lnej trvanlivosti a \u010d\u00edslo \u0161ar\u017ee n\u00e1jdete v pr\u00edbalovom let\u00e1ku.<\/p>\n<p>Informa\u010dn\u00e1 linka +49 30 439703870<\/p>\n<p>Zodpovedn\u00fd veterin\u00e1rny a potravinov\u00fd in\u0161pektor\u00e1t:<br \/>\nVeterin\u00e1rna kancel\u00e1ria Steglitz<br \/>\nK\u00f6nigin-Luise-Str. 92<br \/>\n14195 Berl\u00edn<\/p>","protected":false},"excerpt":{"rendered":"<p>Doplnkov\u00e9 potraviny<\/p>","protected":false},"featured_media":4182,"comment_status":"open","ping_status":"closed","template":"","meta":{"_acf_changed":false,"content-type":"","_monsterinsights_skip_tracking":false,"_monsterinsights_sitenote_active":false,"_monsterinsights_sitenote_note":"","_monsterinsights_sitenote_category":0},"product_brand":[],"product_cat":[115,116],"product_tag":[],"class_list":{"0":"post-4175","1":"product","2":"type-product","3":"status-publish","4":"has-post-thumbnail","6":"product_cat-food-and-feeding","7":"product_cat-food","9":"first","10":"instock","11":"taxable","12":"shipping-taxable","13":"purchasable","14":"product-type-simple"},"acf":[],"aioseo_notices":[],"jetpack_sharing_enabled":true,"_links":{"self":[{"href":"https:\/\/antcube.shop\/sk\/wp-json\/wp\/v2\/product\/4175","targetHints":{"allow":["GET"]}}],"collection":[{"href":"https:\/\/antcube.shop\/sk\/wp-json\/wp\/v2\/product"}],"about":[{"href":"https:\/\/antcube.shop\/sk\/wp-json\/wp\/v2\/types\/product"}],"replies":[{"embeddable":true,"href":"https:\/\/antcube.shop\/sk\/wp-json\/wp\/v2\/comments?post=4175"}],"wp:featuredmedia":[{"embeddable":true,"href":"https:\/\/antcube.shop\/sk\/wp-json\/wp\/v2\/media\/4182"}],"wp:attachment":[{"href":"https:\/\/antcube.shop\/sk\/wp-json\/wp\/v2\/media?parent=4175"}],"wp:term":[{"taxonomy":"product_brand","embeddable":true,"href":"https:\/\/antcube.shop\/sk\/wp-json\/wp\/v2\/product_brand?post=4175"},{"taxonomy":"product_cat","embeddable":true,"href":"https:\/\/antcube.shop\/sk\/wp-json\/wp\/v2\/product_cat?post=4175"},{"taxonomy":"product_tag","embeddable":true,"href":"https:\/\/antcube.shop\/sk\/wp-json\/wp\/v2\/product_tag?post=4175"}],"curies":[{"name":"wp","href":"https:\/\/api.w.org\/{rel}","templated":true}]}}