{"id":4165,"date":"2022-02-28T11:41:35","date_gmt":"2022-02-28T10:41:35","guid":{"rendered":"https:\/\/antcube.shop\/produkt\/fixier-punkte-8-st\/"},"modified":"2026-04-17T18:44:48","modified_gmt":"2026-04-17T16:44:48","slug":"fixier-punkte-8-st","status":"publish","type":"product","link":"https:\/\/antcube.shop\/sk\/produkt\/fixier-punkte-8-st\/","title":{"rendered":"Upev\u0148ovacie body - 8 ks"},"content":{"rendered":"<p><strong>Rozmery (Dx\u0160xV):<\/strong> 12x12x3 mm (cez lichobe\u017en\u00edkov\u00fd tvar na vrchu 10x10 mm).<\/p>\n<p><strong>Materi\u00e1l:<\/strong> polyuret\u00e1n bez zm\u00e4k\u010dovadiel s akryl\u00e1tov\u00fdm lepidlom<\/p>\n<p><strong>Farba:<\/strong> transparentn\u00e9<\/p>\n<p><strong>Obsah:<\/strong><br \/>\n8x fixa\u010dn\u00e9 body<\/p>\n<p><strong>Popis: V s\u00fa\u010dasnosti je na trhu viac ako 10 000 zariaden\u00ed, ktor\u00e9 s\u00fa ur\u010den\u00e9 na predaj:<\/strong> Pre n\u00e1\u0161 kryt mraveniska. Fixa\u010dn\u00e9 body s\u00fa nalepen\u00e9 na spodnej \u010dasti krytu, aby sa zabr\u00e1nilo jeho sk\u013aznutiu z ar\u00e9ny. Body mo\u017eno pou\u017ei\u0165 aj ako no\u017ei\u010dky pre ar\u00e9nu a tie\u017e pre vn\u00fatorn\u00e9 koncov\u00e9 vlo\u017eky ar\u00e9ny, aby sa chr\u00e1nili pred prevr\u00e1ten\u00edm.<\/p>","protected":false},"excerpt":{"rendered":"<p>Rozmery (Dx\u0160xV): 12x12x3 mm (cez lichobe\u017en\u00edkov\u00fd tvar na vrchu 10x10 mm). Materi\u00e1l: polyuret\u00e1n bez zm\u00e4k\u010dovadiel s akryl\u00e1tov\u00fdm lepidlom Farba: prieh\u013eadn\u00e1 Obsah: Popis: 8x fixa\u010dn\u00e9 body: Pre n\u00e1\u0161 kryt mraveniska. Fixa\u010dn\u00e9 body s\u00fa nalepen\u00e9 na spodnej \u010dasti krytu, aby sa zabr\u00e1nilo jeho sk\u013aznutiu z ar\u00e9ny. Body mo\u017eno pou\u017ei\u0165 aj ako","protected":false},"featured_media":4178,"comment_status":"open","ping_status":"closed","template":"","meta":{"_acf_changed":false,"content-type":"","_monsterinsights_skip_tracking":false,"_monsterinsights_sitenote_active":false,"_monsterinsights_sitenote_note":"","_monsterinsights_sitenote_category":0},"product_brand":[],"product_cat":[92,237],"product_tag":[],"class_list":{"0":"post-4165","1":"product","2":"type-product","3":"status-publish","4":"has-post-thumbnail","6":"product_cat-arena-cover","7":"product_cat-tools","9":"first","10":"instock","11":"taxable","12":"shipping-taxable","13":"purchasable","14":"product-type-simple"},"acf":[],"aioseo_notices":[],"jetpack_sharing_enabled":true,"_links":{"self":[{"href":"https:\/\/antcube.shop\/sk\/wp-json\/wp\/v2\/product\/4165","targetHints":{"allow":["GET"]}}],"collection":[{"href":"https:\/\/antcube.shop\/sk\/wp-json\/wp\/v2\/product"}],"about":[{"href":"https:\/\/antcube.shop\/sk\/wp-json\/wp\/v2\/types\/product"}],"replies":[{"embeddable":true,"href":"https:\/\/antcube.shop\/sk\/wp-json\/wp\/v2\/comments?post=4165"}],"wp:featuredmedia":[{"embeddable":true,"href":"https:\/\/antcube.shop\/sk\/wp-json\/wp\/v2\/media\/4178"}],"wp:attachment":[{"href":"https:\/\/antcube.shop\/sk\/wp-json\/wp\/v2\/media?parent=4165"}],"wp:term":[{"taxonomy":"product_brand","embeddable":true,"href":"https:\/\/antcube.shop\/sk\/wp-json\/wp\/v2\/product_brand?post=4165"},{"taxonomy":"product_cat","embeddable":true,"href":"https:\/\/antcube.shop\/sk\/wp-json\/wp\/v2\/product_cat?post=4165"},{"taxonomy":"product_tag","embeddable":true,"href":"https:\/\/antcube.shop\/sk\/wp-json\/wp\/v2\/product_tag?post=4165"}],"curies":[{"name":"wp","href":"https:\/\/api.w.org\/{rel}","templated":true}]}}