{"id":4151,"date":"2022-02-14T17:00:31","date_gmt":"2022-02-14T16:00:31","guid":{"rendered":"https:\/\/antcube.shop\/produkt\/sand-0-1mm-gewaschen-1000g\/"},"modified":"2026-04-05T21:18:39","modified_gmt":"2026-04-05T19:18:39","slug":"sand-0-1mm-gewaschen-1000g","status":"publish","type":"product","link":"https:\/\/antcube.shop\/sk\/produkt\/sand-0-1mm-gewaschen-1000g\/","title":{"rendered":"piesok 0-1mm pran\u00fd 1000g"},"content":{"rendered":"<p><strong>\u00a0Obsah \/ objem:<\/strong> 1000g<\/p>\n<p><strong>Obsah:<\/strong> granul\u00e1cia: Bez farieb.<\/p>\n<p><strong>Popis: V s\u00fa\u010dasnosti je na trhu viac ako 10 000 zariaden\u00ed, ktor\u00e9 s\u00fa ur\u010den\u00e9 na predaj:<\/strong> Jemn\u00fd piesok. V oblasti hniezda by mal by\u0165 piesok zmie\u0161an\u00fd v pomere 3:1 s hlinou, aby sa vytvorila tvrd\u00e1 a pevn\u00e1 hmota, v ktorej si mravce m\u00f4\u017eu vyh\u013abi\u0165 svoje chodby.<\/p>","protected":false},"excerpt":{"rendered":"<p>Ve\u013ekos\u0165 zrna: 0,1 - 1 mm<\/p>","protected":false},"featured_media":4381,"comment_status":"open","ping_status":"closed","template":"","meta":{"_acf_changed":false,"content-type":"","_monsterinsights_skip_tracking":false,"_monsterinsights_sitenote_active":false,"_monsterinsights_sitenote_note":"","_monsterinsights_sitenote_category":0},"product_brand":[],"product_cat":[96],"product_tag":[],"class_list":{"0":"post-4151","1":"product","2":"type-product","3":"status-publish","4":"has-post-thumbnail","6":"product_cat-soil","8":"first","9":"instock","10":"taxable","11":"shipping-taxable","12":"purchasable","13":"product-type-simple"},"acf":[],"aioseo_notices":[],"jetpack_sharing_enabled":true,"_links":{"self":[{"href":"https:\/\/antcube.shop\/sk\/wp-json\/wp\/v2\/product\/4151","targetHints":{"allow":["GET"]}}],"collection":[{"href":"https:\/\/antcube.shop\/sk\/wp-json\/wp\/v2\/product"}],"about":[{"href":"https:\/\/antcube.shop\/sk\/wp-json\/wp\/v2\/types\/product"}],"replies":[{"embeddable":true,"href":"https:\/\/antcube.shop\/sk\/wp-json\/wp\/v2\/comments?post=4151"}],"wp:featuredmedia":[{"embeddable":true,"href":"https:\/\/antcube.shop\/sk\/wp-json\/wp\/v2\/media\/4381"}],"wp:attachment":[{"href":"https:\/\/antcube.shop\/sk\/wp-json\/wp\/v2\/media?parent=4151"}],"wp:term":[{"taxonomy":"product_brand","embeddable":true,"href":"https:\/\/antcube.shop\/sk\/wp-json\/wp\/v2\/product_brand?post=4151"},{"taxonomy":"product_cat","embeddable":true,"href":"https:\/\/antcube.shop\/sk\/wp-json\/wp\/v2\/product_cat?post=4151"},{"taxonomy":"product_tag","embeddable":true,"href":"https:\/\/antcube.shop\/sk\/wp-json\/wp\/v2\/product_tag?post=4151"}],"curies":[{"name":"wp","href":"https:\/\/api.w.org\/{rel}","templated":true}]}}