{"id":4145,"date":"2022-02-14T15:54:25","date_gmt":"2022-02-14T14:54:25","guid":{"rendered":"https:\/\/antcube.shop\/produkt\/ant-nuggets-20g\/"},"modified":"2026-04-20T09:56:24","modified_gmt":"2026-04-20T07:56:24","slug":"mravcie-nugetky-20g","status":"publish","type":"product","link":"https:\/\/antcube.shop\/sk\/produkt\/mravcie-nugetky-20g\/","title":{"rendered":"Mrav\u010die nugetky - 20g"},"content":{"rendered":"<p><strong>Obsah:<\/strong><br \/>\n20g<\/p>\n<p><strong>Popis: V s\u00fa\u010dasnosti je na trhu viac ako 10 000 zariaden\u00ed, ktor\u00e9 s\u00fa ur\u010den\u00e9 na predaj:<\/strong><br \/>\nIde o \u010disto pr\u00edrodn\u00fd produkt. Na\u0161e mrav\u010die nugety boli starostlivo zozbieran\u00e9 v divokej pr\u00edrode Bulharska v\u010del\u00e1rmi. \u013dahko str\u00e1vite\u013en\u00e9 v\u010faka prirodzenej ferment\u00e1cii. V\u010faka vysokokvalitn\u00fdm bielkovin\u00e1m je to takmer kompletn\u00e1 potrava (nahr\u00e1dza med\/cukor a bielkoviny) pre v\u00e4\u010d\u0161inu formicoidn\u00fdch druhov mravcov, ako s\u00fa Lasius sp., Camponotus sp. alebo Messor sp. a dokonca aj mravce listonohy ho miluj\u00fa. Nenahr\u00e1dza sladk\u00fa vodu, ktor\u00fa mravce potrebuj\u00fa. Nenahr\u00e1dza ani potrebu \u017eiv\u00fdch bielkov\u00edn, ako je napr\u00edklad drobn\u00fd hmyz.<\/p>\n<p><strong>Pou\u017eitie:<\/strong><br \/>\nNa k\u0155menie by sa mrav\u010die nugety mali rozdeli\u0165 na men\u0161ie porcie alebo rozpusti\u0165 vo vode.<\/p>\n<p><strong>Obsahuje:<\/strong><br \/>\n100% prirodzene fermentovan\u00fd kvetov\u00fd pe\u013e. Nie je ur\u010den\u00fd na \u013eudsk\u00fa spotrebu. Len pre mravce.<\/p>\n<p><strong>Skladovanie:<\/strong><br \/>\nOp\u00e4tovne uzatv\u00e1rate\u013en\u00e9. Skladujte na tmavom, chladnom a suchom mieste.<\/p>\n<p><strong>Pozn\u00e1mka:<\/strong><br \/>\nDoplnkov\u00e1 potrava pre mravce.<br \/>\nZlo\u017eenie, analytick\u00e9 zlo\u017eky, d\u00e1tum minim\u00e1lnej trvanlivosti a \u010d\u00edslo \u0161ar\u017ee n\u00e1jdete v pr\u00edbalovom let\u00e1ku.<\/p>\n<p>Informa\u010dn\u00e1 linka +49 30 439703870<\/p>\n<p>Zodpovedn\u00fd veterin\u00e1rny a potravinov\u00fd in\u0161pektor\u00e1t:<br \/>\nVeterin\u00e1rna kancel\u00e1ria Steglitz<br \/>\nK\u00f6nigin-Luise-Str. 92<br \/>\n14195 Berl\u00edn<\/p>","protected":false},"excerpt":{"rendered":"<p>Doplnkov\u00e9 potraviny<\/p>","protected":false},"featured_media":4149,"comment_status":"open","ping_status":"closed","template":"","meta":{"_acf_changed":false,"content-type":"","_monsterinsights_skip_tracking":false,"_monsterinsights_sitenote_active":false,"_monsterinsights_sitenote_note":"","_monsterinsights_sitenote_category":0},"product_brand":[],"product_cat":[115,116],"product_tag":[],"class_list":{"0":"post-4145","1":"product","2":"type-product","3":"status-publish","4":"has-post-thumbnail","6":"product_cat-food-and-feeding","7":"product_cat-food","9":"first","10":"instock","11":"taxable","12":"shipping-taxable","13":"purchasable","14":"product-type-simple"},"acf":[],"aioseo_notices":[],"jetpack_sharing_enabled":true,"_links":{"self":[{"href":"https:\/\/antcube.shop\/sk\/wp-json\/wp\/v2\/product\/4145","targetHints":{"allow":["GET"]}}],"collection":[{"href":"https:\/\/antcube.shop\/sk\/wp-json\/wp\/v2\/product"}],"about":[{"href":"https:\/\/antcube.shop\/sk\/wp-json\/wp\/v2\/types\/product"}],"replies":[{"embeddable":true,"href":"https:\/\/antcube.shop\/sk\/wp-json\/wp\/v2\/comments?post=4145"}],"wp:featuredmedia":[{"embeddable":true,"href":"https:\/\/antcube.shop\/sk\/wp-json\/wp\/v2\/media\/4149"}],"wp:attachment":[{"href":"https:\/\/antcube.shop\/sk\/wp-json\/wp\/v2\/media?parent=4145"}],"wp:term":[{"taxonomy":"product_brand","embeddable":true,"href":"https:\/\/antcube.shop\/sk\/wp-json\/wp\/v2\/product_brand?post=4145"},{"taxonomy":"product_cat","embeddable":true,"href":"https:\/\/antcube.shop\/sk\/wp-json\/wp\/v2\/product_cat?post=4145"},{"taxonomy":"product_tag","embeddable":true,"href":"https:\/\/antcube.shop\/sk\/wp-json\/wp\/v2\/product_tag?post=4145"}],"curies":[{"name":"wp","href":"https:\/\/api.w.org\/{rel}","templated":true}]}}