{"id":4141,"date":"2022-02-14T15:33:41","date_gmt":"2022-02-14T14:33:41","guid":{"rendered":"https:\/\/antcube.shop\/produkt\/bodengrund-sand-lehm-beige-200g\/"},"modified":"2026-04-04T17:56:25","modified_gmt":"2026-04-04T15:56:25","slug":"bodengrund-sand-lehm-beige-200g","status":"publish","type":"product","link":"https:\/\/antcube.shop\/sk\/produkt\/bodengrund-sand-lehm-beige-200g\/","title":{"rendered":"zemina - pieso\u010dnato-hlinit\u00e1 zmes b\u00e9\u017eov\u00e1 - 200g"},"content":{"rendered":"<p><strong>Obsah:<\/strong> 200g<\/p>\n<p><strong>Materi\u00e1l:<\/strong> piesok, hlina<\/p>\n<p><strong>Farba:<\/strong> b\u00e9\u017eov\u00e1<\/p>\n<p><strong>Pomer mie\u0161ania:<\/strong> diggable<\/p>\n<p><strong>Popis: V s\u00fa\u010dasnosti je na trhu viac ako 10 000 zariaden\u00ed, ktor\u00e9 s\u00fa ur\u010den\u00e9 na predaj:<\/strong> T\u00e1to hotov\u00e1 zmes piesku a hliny je \u010disto pr\u00edrodn\u00fd produkt. Zafarbenie a pevnos\u0165 vytv\u00e1ra pr\u00edrodn\u00e1 \u00edlovit\u00e1 zemina, ktor\u00e1 je pre zvierat\u00e1 ne\u0161kodn\u00e1.<\/p>\n<p><strong>Pou\u017eitie:<\/strong> P\u00f4da na kopanie, mo\u017eno ju pou\u017ei\u0165 na hniezdo a ar\u00e9nu!<\/p>\n<p><strong>Pozn\u00e1mka:<\/strong> ke\u010f\u017ee ide o \u010disto pr\u00edrodn\u00fd produkt, m\u00f4\u017eu sa vyskytn\u00fa\u0165 drobn\u00e9 rozdiely vo farbe a \u0161trukt\u00fare, ktor\u00e9 nem\u00f4\u017eeme ovplyvni\u0165.<\/p>\n<p><strong>D\u00f4le\u017eit\u00e9:<\/strong> Pred pou\u017eit\u00edm substr\u00e1t navlh\u010dite, aby sa zmes mohla spoji\u0165 a v mravenisku sa pevne uchytila. Okrem toho pr\u00edli\u0161 such\u00fd a pra\u0161n\u00fd substr\u00e1t m\u00f4\u017ee vies\u0165 k zablokovaniu d\u00fdchac\u00edch ciest mravcov a v najhor\u0161om pr\u00edpade k uduseniu zvierat.<\/p>","protected":false},"excerpt":{"rendered":"<p>Pr\u00edrodn\u00fd substr\u00e1t - vhodn\u00fd na kopanie<\/p>","protected":false},"featured_media":4390,"comment_status":"open","ping_status":"closed","template":"","meta":{"_acf_changed":false,"content-type":"","_monsterinsights_skip_tracking":false,"_monsterinsights_sitenote_active":false,"_monsterinsights_sitenote_note":"","_monsterinsights_sitenote_category":0},"product_brand":[],"product_cat":[96],"product_tag":[],"class_list":{"0":"post-4141","1":"product","2":"type-product","3":"status-publish","4":"has-post-thumbnail","6":"product_cat-soil","8":"first","9":"instock","10":"taxable","11":"shipping-taxable","12":"purchasable","13":"product-type-simple"},"acf":[],"aioseo_notices":[],"jetpack_sharing_enabled":true,"_links":{"self":[{"href":"https:\/\/antcube.shop\/sk\/wp-json\/wp\/v2\/product\/4141","targetHints":{"allow":["GET"]}}],"collection":[{"href":"https:\/\/antcube.shop\/sk\/wp-json\/wp\/v2\/product"}],"about":[{"href":"https:\/\/antcube.shop\/sk\/wp-json\/wp\/v2\/types\/product"}],"replies":[{"embeddable":true,"href":"https:\/\/antcube.shop\/sk\/wp-json\/wp\/v2\/comments?post=4141"}],"wp:featuredmedia":[{"embeddable":true,"href":"https:\/\/antcube.shop\/sk\/wp-json\/wp\/v2\/media\/4390"}],"wp:attachment":[{"href":"https:\/\/antcube.shop\/sk\/wp-json\/wp\/v2\/media?parent=4141"}],"wp:term":[{"taxonomy":"product_brand","embeddable":true,"href":"https:\/\/antcube.shop\/sk\/wp-json\/wp\/v2\/product_brand?post=4141"},{"taxonomy":"product_cat","embeddable":true,"href":"https:\/\/antcube.shop\/sk\/wp-json\/wp\/v2\/product_cat?post=4141"},{"taxonomy":"product_tag","embeddable":true,"href":"https:\/\/antcube.shop\/sk\/wp-json\/wp\/v2\/product_tag?post=4141"}],"curies":[{"name":"wp","href":"https:\/\/api.w.org\/{rel}","templated":true}]}}