{"id":4047,"date":"2021-11-30T15:12:53","date_gmt":"2021-11-30T14:12:53","guid":{"rendered":"https:\/\/antcube.shop\/produkt\/enamel-mug\/"},"modified":"2024-12-12T12:25:27","modified_gmt":"2024-12-12T11:25:27","slug":"smaltovany-hrncek","status":"publish","type":"product","link":"https:\/\/antcube.shop\/sk\/produkt\/smaltovany-hrncek\/","title":{"rendered":"Smaltovan\u00fd hrn\u010dek"},"content":{"rendered":"<p>Ka\u017ed\u00fd \u0161\u0165astn\u00fd t\u00e1born\u00edk potrebuje jedine\u010dn\u00fd hrn\u010dek. Je \u013eahk\u00fd, odoln\u00fd a multifunk\u010dn\u00fd. Pou\u017eite ho na svoj ob\u013e\u00faben\u00fd n\u00e1poj alebo tepl\u00e9 jedlo a pripevnite ho na ta\u0161ku, aby ste k nemu mali \u013eahk\u00fd pr\u00edstup na t\u00fare.<\/p>\n<p>- Materi\u00e1l: Smalt<br \/>\n- Rozmery: v\u00fd\u0161ka 3,14\u2033 (8 cm), priemer 3,25\u2033 (8,25 cm)<br \/>\n- Biely povlak so strieborn\u00fdm okrajom<br \/>\n- Iba ru\u010dn\u00e9 pranie<br \/>\n- Pr\u00e1zdny v\u00fdrobok poch\u00e1dzaj\u00faci z \u010c\u00edny<\/p>\n<p><strong>Pozor! Neohrievajte tekutiny ani potraviny priamo v hrn\u010deku - mohlo by d\u00f4js\u0165 k po\u0161kodeniu povrchovej \u00fapravy.<\/strong><\/p>","protected":false},"excerpt":{"rendered":"<p>Ka\u017ed\u00fd \u0161\u0165astn\u00fd t\u00e1born\u00edk potrebuje jedine\u010dn\u00fd hrn\u010dek. Je \u013eahk\u00fd, odoln\u00fd a multifunk\u010dn\u00fd. Pou\u017eite ho na svoj ob\u013e\u00faben\u00fd n\u00e1poj alebo tepl\u00e9 jedlo a pripevnite ho na ta\u0161ku, aby ste k nemu mali \u013eahk\u00fd pr\u00edstup na t\u00fare. - Materi\u00e1l: Rozmery: v\u00fd\u0161ka 3,14\u2033 (8 cm), priemer 3,25\u2033 (8,25 cm) - biely povlak so strieborn\u00fdm okrajom - [...]","protected":false},"featured_media":4048,"comment_status":"open","ping_status":"closed","template":"","meta":{"_acf_changed":false,"content-type":"","_monsterinsights_skip_tracking":false,"_monsterinsights_sitenote_active":false,"_monsterinsights_sitenote_note":"","_monsterinsights_sitenote_category":0},"product_brand":[],"product_cat":[245],"product_tag":[],"class_list":{"0":"post-4047","1":"product","2":"type-product","3":"status-publish","4":"has-post-thumbnail","6":"product_cat-merchandise","8":"first","9":"instock","10":"taxable","11":"shipping-taxable","12":"purchasable","13":"product-type-simple"},"acf":[],"aioseo_notices":[],"jetpack_sharing_enabled":true,"_links":{"self":[{"href":"https:\/\/antcube.shop\/sk\/wp-json\/wp\/v2\/product\/4047","targetHints":{"allow":["GET"]}}],"collection":[{"href":"https:\/\/antcube.shop\/sk\/wp-json\/wp\/v2\/product"}],"about":[{"href":"https:\/\/antcube.shop\/sk\/wp-json\/wp\/v2\/types\/product"}],"replies":[{"embeddable":true,"href":"https:\/\/antcube.shop\/sk\/wp-json\/wp\/v2\/comments?post=4047"}],"wp:featuredmedia":[{"embeddable":true,"href":"https:\/\/antcube.shop\/sk\/wp-json\/wp\/v2\/media\/4048"}],"wp:attachment":[{"href":"https:\/\/antcube.shop\/sk\/wp-json\/wp\/v2\/media?parent=4047"}],"wp:term":[{"taxonomy":"product_brand","embeddable":true,"href":"https:\/\/antcube.shop\/sk\/wp-json\/wp\/v2\/product_brand?post=4047"},{"taxonomy":"product_cat","embeddable":true,"href":"https:\/\/antcube.shop\/sk\/wp-json\/wp\/v2\/product_cat?post=4047"},{"taxonomy":"product_tag","embeddable":true,"href":"https:\/\/antcube.shop\/sk\/wp-json\/wp\/v2\/product_tag?post=4047"}],"curies":[{"name":"wp","href":"https:\/\/api.w.org\/{rel}","templated":true}]}}