{"id":4002,"date":"2021-11-30T13:36:03","date_gmt":"2021-11-30T12:36:03","guid":{"rendered":"https:\/\/antcube.shop\/produkt\/cuffed-beanie\/"},"modified":"2024-12-12T12:25:36","modified_gmt":"2024-12-12T11:25:36","slug":"manzetove-ciapky","status":"publish","type":"product","link":"https:\/\/antcube.shop\/sk\/produkt\/manzetove-ciapky\/","title":{"rendered":"\u010ciapka s man\u017eetami"},"content":{"rendered":"<p>Priliehav\u00e1 \u010diapka. Je to nielen skvel\u00fd k\u00fasok na zahriatie hlavy, ale aj z\u00e1kladn\u00fd doplnok v \u0161atn\u00edku ka\u017ed\u00e9ho \u010dloveka.<\/p>\n<p>- 100% Turbo akryl<br \/>\n- D\u013a\u017eka 12\u2033 (30 cm)<br \/>\n- Hypoalerg\u00e9nny<br \/>\n- Unisex \u0161t\u00fdl<br \/>\n- Ru\u010dne um\u00fdvate\u013en\u00e9<br \/>\n- Pr\u00e1zdny v\u00fdrobok poch\u00e1dzaj\u00faci z Vietnamu alebo Banglad\u00e9\u0161a<\/p>","protected":false},"excerpt":{"rendered":"<p>Priliehav\u00e1 \u010diapka. Je to nielen skvel\u00fd k\u00fasok na zahriatie hlavy, ale aj z\u00e1kladn\u00fd doplnok v \u0161atn\u00edku ka\u017ed\u00e9ho \u010dloveka. - 100% Turbo Akryl - D\u013a\u017eka 12\u2033 (30 cm) - Hypoalerg\u00e9nny - Unisex \u0161t\u00fdl - Mo\u017eno pra\u0165 v ruke - Pr\u00e1zdny v\u00fdrobok poch\u00e1dzaj\u00faci z Vietnamu alebo Banglad\u00e9\u0161a<\/p>","protected":false},"featured_media":4004,"comment_status":"open","ping_status":"closed","template":"","meta":{"_acf_changed":false,"content-type":"","_monsterinsights_skip_tracking":false,"_monsterinsights_sitenote_active":false,"_monsterinsights_sitenote_note":"","_monsterinsights_sitenote_category":0},"product_brand":[],"product_cat":[245],"product_tag":[],"class_list":{"0":"post-4002","1":"product","2":"type-product","3":"status-publish","4":"has-post-thumbnail","6":"product_cat-merchandise","8":"first","9":"instock","10":"taxable","11":"shipping-taxable","12":"purchasable","13":"product-type-simple"},"acf":[],"aioseo_notices":[],"jetpack_sharing_enabled":true,"_links":{"self":[{"href":"https:\/\/antcube.shop\/sk\/wp-json\/wp\/v2\/product\/4002","targetHints":{"allow":["GET"]}}],"collection":[{"href":"https:\/\/antcube.shop\/sk\/wp-json\/wp\/v2\/product"}],"about":[{"href":"https:\/\/antcube.shop\/sk\/wp-json\/wp\/v2\/types\/product"}],"replies":[{"embeddable":true,"href":"https:\/\/antcube.shop\/sk\/wp-json\/wp\/v2\/comments?post=4002"}],"wp:featuredmedia":[{"embeddable":true,"href":"https:\/\/antcube.shop\/sk\/wp-json\/wp\/v2\/media\/4004"}],"wp:attachment":[{"href":"https:\/\/antcube.shop\/sk\/wp-json\/wp\/v2\/media?parent=4002"}],"wp:term":[{"taxonomy":"product_brand","embeddable":true,"href":"https:\/\/antcube.shop\/sk\/wp-json\/wp\/v2\/product_brand?post=4002"},{"taxonomy":"product_cat","embeddable":true,"href":"https:\/\/antcube.shop\/sk\/wp-json\/wp\/v2\/product_cat?post=4002"},{"taxonomy":"product_tag","embeddable":true,"href":"https:\/\/antcube.shop\/sk\/wp-json\/wp\/v2\/product_tag?post=4002"}],"curies":[{"name":"wp","href":"https:\/\/api.w.org\/{rel}","templated":true}]}}