{"id":3957,"date":"2021-11-30T13:32:38","date_gmt":"2021-11-30T12:32:38","guid":{"rendered":"https:\/\/antcube.shop\/produkt\/mens-high-top-canvas-shoes\/"},"modified":"2024-12-12T12:25:45","modified_gmt":"2024-12-12T11:25:45","slug":"panske-vysoke-platenne-topanky","status":"publish","type":"product","link":"https:\/\/antcube.shop\/sk\/produkt\/panske-vysoke-platenne-topanky\/","title":{"rendered":"P\u00e1nske vysok\u00e9 top\u00e1nky z pl\u00e1tna"},"content":{"rendered":"<p>Zlep\u0161ite svoju hru s top\u00e1nkami High Top Canvas. Tieto ru\u010dne vyroben\u00e9, m\u00f3dne top\u00e1nky ur\u010dite o\u017eivia v\u00e1\u0161 outfit. K\u00fapte si ich teraz!<\/p>\n<p>- 100% polyester, vrchn\u00e1 strana pl\u00e1tno<br \/>\n- Gumov\u00e1 podr\u00e1\u017eka z etyl\u00e9n-vinylacet\u00e1tu (EVA)<br \/>\n- Priedu\u0161n\u00e1 pod\u0161\u00edvka, m\u00e4kk\u00e1 stielka<br \/>\n- Umel\u00e1 ko\u017ea na \u0161pi\u010dke<br \/>\n- Biele \u0161n\u00farky<br \/>\n- Polstrovan\u00fd golier, \u0161nurovanie vpredu<br \/>\n- Pr\u00e1zdny v\u00fdrobok poch\u00e1dzaj\u00faci z \u010c\u00edny<\/p>\n<p><strong>D\u00f4le\u017eit\u00e9:<\/strong> Tento produkt je dostupn\u00fd v nasleduj\u00facich krajin\u00e1ch: USA, Kanada, Austr\u00e1lia, Nov\u00fd Z\u00e9land a Japonsko. Ak sa va\u0161a dodacia adresa nach\u00e1dza mimo t\u00fdchto kraj\u00edn, vyberte si in\u00fd produkt.<\/p>\n<p><strong>Odmietnutie zodpovednosti:<\/strong> Pri otvoren\u00ed krabice je c\u00edti\u0165 z\u00e1pach podobn\u00fd lepidlu. Z\u00e1pach zmizne nieko\u013eko dn\u00ed po rozbalen\u00ed top\u00e1nok.<\/p>","protected":false},"excerpt":{"rendered":"<p>Zlep\u0161ite svoju hru s top\u00e1nkami High Top Canvas. Tieto ru\u010dne vyroben\u00e9, m\u00f3dne top\u00e1nky ur\u010dite o\u017eivia v\u00e1\u0161 outfit. K\u00fapte si ich teraz! - 100% polyester, vrchn\u00e1 strana pl\u00e1tno - Podr\u00e1\u017eka z etyl\u00e9n-vinylacet\u00e1tu (EVA) gumy - Priedu\u0161n\u00e1 pod\u0161\u00edvka, m\u00e4kk\u00e1 stielka - \u0160pi\u010dka z umelej ko\u017ee - Biele \u0161n\u00farky - Polstrovan\u00fd golier, \u0161nurovanie vpredu","protected":false},"featured_media":3975,"comment_status":"open","ping_status":"closed","template":"","meta":{"_acf_changed":false,"content-type":"","_monsterinsights_skip_tracking":false,"_monsterinsights_sitenote_active":false,"_monsterinsights_sitenote_note":"","_monsterinsights_sitenote_category":0},"product_brand":[],"product_cat":[245],"product_tag":[],"class_list":{"0":"post-3957","1":"product","2":"type-product","3":"status-publish","4":"has-post-thumbnail","6":"product_cat-merchandise","8":"first","9":"instock","10":"taxable","11":"shipping-taxable","12":"purchasable","13":"product-type-variable"},"acf":[],"aioseo_notices":[],"jetpack_sharing_enabled":true,"_links":{"self":[{"href":"https:\/\/antcube.shop\/sk\/wp-json\/wp\/v2\/product\/3957","targetHints":{"allow":["GET"]}}],"collection":[{"href":"https:\/\/antcube.shop\/sk\/wp-json\/wp\/v2\/product"}],"about":[{"href":"https:\/\/antcube.shop\/sk\/wp-json\/wp\/v2\/types\/product"}],"replies":[{"embeddable":true,"href":"https:\/\/antcube.shop\/sk\/wp-json\/wp\/v2\/comments?post=3957"}],"wp:featuredmedia":[{"embeddable":true,"href":"https:\/\/antcube.shop\/sk\/wp-json\/wp\/v2\/media\/3975"}],"wp:attachment":[{"href":"https:\/\/antcube.shop\/sk\/wp-json\/wp\/v2\/media?parent=3957"}],"wp:term":[{"taxonomy":"product_brand","embeddable":true,"href":"https:\/\/antcube.shop\/sk\/wp-json\/wp\/v2\/product_brand?post=3957"},{"taxonomy":"product_cat","embeddable":true,"href":"https:\/\/antcube.shop\/sk\/wp-json\/wp\/v2\/product_cat?post=3957"},{"taxonomy":"product_tag","embeddable":true,"href":"https:\/\/antcube.shop\/sk\/wp-json\/wp\/v2\/product_tag?post=3957"}],"curies":[{"name":"wp","href":"https:\/\/api.w.org\/{rel}","templated":true}]}}