{"id":3875,"date":"2021-11-23T18:19:09","date_gmt":"2021-11-23T17:19:09","guid":{"rendered":"https:\/\/antcube.shop\/produkt\/ameisen-spiralturm-s-30\/"},"modified":"2026-03-26T09:29:21","modified_gmt":"2026-03-26T08:29:21","slug":"ameisen-spiralturm-s-30","status":"publish","type":"product","link":"https:\/\/antcube.shop\/sk\/produkt\/ameisen-spiralturm-s-30\/","title":{"rendered":"Mraven\u010dia \u0161pir\u00e1lov\u00e1 ve\u017ea S - 30"},"content":{"rendered":"<div><strong>Rozmery<\/strong>: 19x19x30cm; <strong>S<\/strong> pre hadicu 10\/06 mm<\/div>\n<div><\/div>\n<div><strong>Materi\u00e1l<\/strong>: PMMA, PVC<\/div>\n<div><\/div>\n<div><strong>Farba<\/strong>: kri\u0161t\u00e1\u013eovo \u010dist\u00fd, prieh\u013eadn\u00fd, priesvitn\u00fd<\/div>\n<div><\/div>\n<div><strong>Obsah<\/strong>:<\/div>\n<div>2x spodn\u00e1 \/ krycia doska<\/div>\n<div>2x pr\u00edstup k hadici 10\/06 mm<\/div>\n<div>4x hadicov\u00fd st\u013apik pre hadicu 10\/06 mm<\/div>\n<div>10x up\u00ednac\u00ed kol\u00edk<\/div>\n<div>7 m hadica 10\/06 mm<\/div>\n<div><strong>Pozn\u00e1mka<\/strong>: Diely sa dod\u00e1vaj\u00fa ako s\u00faprava alebo z\u00e1suvn\u00fd syst\u00e9m. Nie je potrebn\u00e9 \u017eiadne lepenie.<\/div>\n<div><\/div>\n<div><strong>Pripojenie<\/strong>:<\/div>\n<div>2x hadica 10\/06 mm<\/div>\n<div><\/div>\n<div><strong>Popis<\/strong>: Mraven\u010dia \u0161pir\u00e1lov\u00e1 ve\u017ea sl\u00fa\u017ei na prekonanie v\u00fd\u0161ky z ar\u00e9ny na mravenisko a navy\u0161e pon\u00faka zvierat\u00e1m ve\u013ek\u00fa vzdialenos\u0165 na prech\u00e1dzanie na kompaktnom povrchu. Dodato\u010dn\u00e1 vzdialenos\u0165 ch\u00f4dze simuluje cesty, ktor\u00e9 musia mravce prekon\u00e1va\u0165 v pr\u00edrode k zdrojom potravy, a m\u00f4\u017ee ma\u0165 pozit\u00edvny vplyv na v\u00fdvoj a spr\u00e1vanie mraveniska.<\/div>\n<div><\/div>\n<div><strong>Aplik\u00e1cia<\/strong>: pre ve\u013ekos\u0165 mraveniska <strong>S<\/strong><\/div>","protected":false},"excerpt":{"rendered":"<p>Pripojenie: hadica 10\/06 mm<br \/>\nVe\u013ekos\u0165 <strong>S<\/strong><\/p>","protected":false},"featured_media":3883,"comment_status":"open","ping_status":"closed","template":"","meta":{"_acf_changed":false,"content-type":"","_monsterinsights_skip_tracking":false,"_monsterinsights_sitenote_active":false,"_monsterinsights_sitenote_note":"","_monsterinsights_sitenote_category":0},"product_brand":[],"product_cat":[119,256],"product_tag":[],"class_list":{"0":"post-3875","1":"product","2":"type-product","3":"status-publish","4":"has-post-thumbnail","6":"product_cat-formicarium-components","7":"product_cat-spiral-tower","9":"first","10":"instock","11":"taxable","12":"shipping-taxable","13":"purchasable","14":"product-type-simple"},"acf":[],"aioseo_notices":[],"jetpack_sharing_enabled":true,"_links":{"self":[{"href":"https:\/\/antcube.shop\/sk\/wp-json\/wp\/v2\/product\/3875","targetHints":{"allow":["GET"]}}],"collection":[{"href":"https:\/\/antcube.shop\/sk\/wp-json\/wp\/v2\/product"}],"about":[{"href":"https:\/\/antcube.shop\/sk\/wp-json\/wp\/v2\/types\/product"}],"replies":[{"embeddable":true,"href":"https:\/\/antcube.shop\/sk\/wp-json\/wp\/v2\/comments?post=3875"}],"wp:featuredmedia":[{"embeddable":true,"href":"https:\/\/antcube.shop\/sk\/wp-json\/wp\/v2\/media\/3883"}],"wp:attachment":[{"href":"https:\/\/antcube.shop\/sk\/wp-json\/wp\/v2\/media?parent=3875"}],"wp:term":[{"taxonomy":"product_brand","embeddable":true,"href":"https:\/\/antcube.shop\/sk\/wp-json\/wp\/v2\/product_brand?post=3875"},{"taxonomy":"product_cat","embeddable":true,"href":"https:\/\/antcube.shop\/sk\/wp-json\/wp\/v2\/product_cat?post=3875"},{"taxonomy":"product_tag","embeddable":true,"href":"https:\/\/antcube.shop\/sk\/wp-json\/wp\/v2\/product_tag?post=3875"}],"curies":[{"name":"wp","href":"https:\/\/api.w.org\/{rel}","templated":true}]}}