{"id":3625,"date":"2021-11-19T12:53:34","date_gmt":"2021-11-19T11:53:34","guid":{"rendered":"https:\/\/antcube.shop\/produkt\/snapback-hat\/"},"modified":"2024-12-12T12:26:44","modified_gmt":"2024-12-12T11:26:44","slug":"snapback-klobuk","status":"publish","type":"product","link":"https:\/\/antcube.shop\/sk\/produkt\/snapback-klobuk\/","title":{"rendered":"Snapback klob\u00fak"},"content":{"rendered":"<p>Tento klob\u00fak m\u00e1 klasick\u00fd strih, ploch\u00fd okraj a pln\u00fa prackov\u00fa kon\u0161trukciu. V\u010faka nastavite\u013en\u00e9mu zap\u00ednaniu na patentky je klob\u00fak pohodln\u00fd a vyhovuje v\u00e4\u010d\u0161ine ve\u013ekost\u00ed.<\/p>\n<p>- 80% akryl, 20% vlna<br \/>\n- Zelen\u00e1 kamufl\u00e1\u017e je z bavlny 60%, polyesteru 40%<br \/>\n- \u0160trukt\u00farovan\u00fd, 6-panelov\u00fd, vysokoprofilov\u00fd<br \/>\n- 6 vy\u0161\u00edvan\u00fdch o\u010diek<br \/>\n- Plastov\u00fd uz\u00e1ver<br \/>\n- Zelen\u00fd podh\u013ead<br \/>\n- Obvod hlavy: 21\u2033-23\u2033 (54,9 cm-60 cm)<br \/>\n- Pr\u00e1zdny v\u00fdrobok poch\u00e1dzaj\u00faci z Vietnamu alebo Banglad\u00e9\u0161a<\/p>\n<p>&nbsp;<\/p>\n<p>Dod\u00e1vku a v\u00fdrobu produktov v kateg\u00f3rii Merchandise zabezpe\u010duje n\u00e1\u0161 partner PRINTFUL. Objednan\u00edm niektor\u00e9ho z t\u00fdchto v\u00fdrobkov akceptujete zmluvn\u00e9 podmienky, z\u00e1sady ochrany osobn\u00fdch \u00fadajov a z\u00e1sady vr\u00e1tenia tovaru spolo\u010dnosti PRINTFUL.<\/p>\n<p><a href=\"https:\/\/www.printful.com\/policies\/terms-of-service\">Tu n\u00e1jdete V\u0161eobecn\u00e9 obchodn\u00e9 podmienky spolo\u010dnosti PRINTFUL.<\/a><\/p>\n<p><a href=\"https:\/\/www.printful.com\/policies\/returns\">Z\u00e1sady vr\u00e1tenia tovaru spolo\u010dnosti PRINTFUL n\u00e1jdete tu.<\/a><\/p>\n<p><a href=\"https:\/\/www.printful.com\/policies\/privacy\">Z\u00e1sady ochrany osobn\u00fdch \u00fadajov spolo\u010dnosti PRINTFUL n\u00e1jdete tu.<\/a><\/p>","protected":false},"excerpt":{"rendered":"<p>Tento klob\u00fak m\u00e1 klasick\u00fd strih, ploch\u00fd okraj a pln\u00fa prackov\u00fa kon\u0161trukciu. V\u010faka nastavite\u013en\u00e9mu zap\u00ednaniu na patentky je klob\u00fak pohodln\u00fd a vyhovuje v\u00e4\u010d\u0161ine ve\u013ekost\u00ed. - 80% akryl, 20% vlna - Green Camo je 60% bavlna, 40% polyester - \u0160trukt\u00farovan\u00fd, 6-panelov\u00fd, vysokoprofilov\u00fd - 6 vy\u0161\u00edvan\u00fdch o\u010diek - Plastov\u00e9 zap\u00ednanie - Zelen\u00fd podbradn\u00edk - Obvod hlavy: 21\u215d\u2033-23\u215d\u2033","protected":false},"featured_media":3627,"comment_status":"open","ping_status":"closed","template":"","meta":{"_acf_changed":false,"content-type":"","_monsterinsights_skip_tracking":false,"_monsterinsights_sitenote_active":false,"_monsterinsights_sitenote_note":"","_monsterinsights_sitenote_category":0},"product_brand":[],"product_cat":[245],"product_tag":[],"class_list":{"0":"post-3625","1":"product","2":"type-product","3":"status-publish","4":"has-post-thumbnail","6":"product_cat-merchandise","8":"first","9":"instock","10":"taxable","11":"shipping-taxable","12":"purchasable","13":"product-type-simple"},"acf":[],"aioseo_notices":[],"jetpack_sharing_enabled":true,"_links":{"self":[{"href":"https:\/\/antcube.shop\/sk\/wp-json\/wp\/v2\/product\/3625","targetHints":{"allow":["GET"]}}],"collection":[{"href":"https:\/\/antcube.shop\/sk\/wp-json\/wp\/v2\/product"}],"about":[{"href":"https:\/\/antcube.shop\/sk\/wp-json\/wp\/v2\/types\/product"}],"replies":[{"embeddable":true,"href":"https:\/\/antcube.shop\/sk\/wp-json\/wp\/v2\/comments?post=3625"}],"wp:featuredmedia":[{"embeddable":true,"href":"https:\/\/antcube.shop\/sk\/wp-json\/wp\/v2\/media\/3627"}],"wp:attachment":[{"href":"https:\/\/antcube.shop\/sk\/wp-json\/wp\/v2\/media?parent=3625"}],"wp:term":[{"taxonomy":"product_brand","embeddable":true,"href":"https:\/\/antcube.shop\/sk\/wp-json\/wp\/v2\/product_brand?post=3625"},{"taxonomy":"product_cat","embeddable":true,"href":"https:\/\/antcube.shop\/sk\/wp-json\/wp\/v2\/product_cat?post=3625"},{"taxonomy":"product_tag","embeddable":true,"href":"https:\/\/antcube.shop\/sk\/wp-json\/wp\/v2\/product_tag?post=3625"}],"curies":[{"name":"wp","href":"https:\/\/api.w.org\/{rel}","templated":true}]}}