{"id":3599,"date":"2021-11-19T12:47:56","date_gmt":"2021-11-19T11:47:56","guid":{"rendered":"https:\/\/antcube.shop\/produkt\/premium-eco-hoodie\/"},"modified":"2024-12-12T12:27:02","modified_gmt":"2024-12-12T11:27:02","slug":"premiova-mikina","status":"publish","type":"product","link":"https:\/\/antcube.shop\/sk\/produkt\/premiova-mikina\/","title":{"rendered":"Pr\u00e9miov\u00e1 ekologick\u00e1 mikina s kapuc\u0148ou"},"content":{"rendered":"<p>Zozn\u00e1mte sa s pr\u00e9miovou ekologickou mikinou vyrobenou z organick\u00fdch a recyklovan\u00fdch materi\u00e1lov. V\u010faka pohodln\u00e9mu strihu, predn\u00e9mu vrecku a dvojvrstvovej kapucni je t\u00e1to mikina klasick\u00fdm streetwearov\u00fdm k\u00faskom, ktor\u00fd sa d\u00e1 \u0161tylizova\u0165 do viacer\u00fdch r\u00f4znych vzh\u013eadov.<\/p>\n<p>- 85% organick\u00e1 bavlna, 15% recyklovan\u00fd polyester<br \/>\n- Rebrovanie: 97% organick\u00e1 bavlna, 3% elastan<br \/>\n- Vn\u00fatorn\u00e1 strana z br\u00fasenej fl\u00edsovej tkaniny<br \/>\n- Pohodln\u00fd unisex strih<br \/>\n- Dvojvrstvov\u00e1 kapuc\u0148a<br \/>\n- Ploch\u00e9 \u0161n\u00farky s kovov\u00fdmi o\u010dkami pre prvotriedny pocit<br \/>\n- Klokanie vrecko<br \/>\n- Vn\u00fatorn\u00e1\/vonkaj\u0161ia n\u00e1\u0161ivka na ozna\u010denie zna\u010dky<br \/>\n- \u0160t\u00edtok s odtrhnute\u013enou etiketou<\/p>\n<p>&nbsp;<\/p>\n<p>Dod\u00e1vku a v\u00fdrobu produktov v kateg\u00f3rii Merchandise zabezpe\u010duje n\u00e1\u0161 partner PRINTFUL. Objednan\u00edm niektor\u00e9ho z t\u00fdchto v\u00fdrobkov akceptujete zmluvn\u00e9 podmienky, z\u00e1sady ochrany osobn\u00fdch \u00fadajov a z\u00e1sady vr\u00e1tenia tovaru spolo\u010dnosti PRINTFUL.<\/p>\n<p><a href=\"https:\/\/www.printful.com\/policies\/terms-of-service\">Tu n\u00e1jdete V\u0161eobecn\u00e9 obchodn\u00e9 podmienky spolo\u010dnosti PRINTFUL.<\/a><\/p>\n<p><a href=\"https:\/\/www.printful.com\/policies\/returns\">Z\u00e1sady vr\u00e1tenia tovaru spolo\u010dnosti PRINTFUL n\u00e1jdete tu.<\/a><\/p>\n<p><a href=\"https:\/\/www.printful.com\/policies\/privacy\">Z\u00e1sady ochrany osobn\u00fdch \u00fadajov spolo\u010dnosti PRINTFUL n\u00e1jdete tu.<\/a><\/p>","protected":false},"excerpt":{"rendered":"<p>Zozn\u00e1mte sa s pr\u00e9miovou ekologickou mikinou vyrobenou z organick\u00fdch a recyklovan\u00fdch materi\u00e1lov. V\u010faka pohodln\u00e9mu strihu, predn\u00e9mu vrecku a dvojvrstvovej kapucni je t\u00e1to mikina klasick\u00fdm streetwearov\u00fdm k\u00faskom, ktor\u00fd sa d\u00e1 \u0161tylizova\u0165 do viacer\u00fdch r\u00f4znych vzh\u013eadov. - Materi\u00e1l: 85% organick\u00e1 bavlna, 15% recyklovan\u00fd polyester - Rebrovanie: 97% organick\u00e1 bavlna, 3% elastan - Vn\u00fatorn\u00e1 strana z \u010desanej fl\u00edsovej tkaniny","protected":false},"featured_media":3607,"comment_status":"open","ping_status":"closed","template":"","meta":{"_acf_changed":false,"content-type":"","_monsterinsights_skip_tracking":false,"_monsterinsights_sitenote_active":false,"_monsterinsights_sitenote_note":"","_monsterinsights_sitenote_category":0},"product_brand":[],"product_cat":[245],"product_tag":[],"class_list":{"0":"post-3599","1":"product","2":"type-product","3":"status-publish","4":"has-post-thumbnail","6":"product_cat-merchandise","8":"first","9":"instock","10":"taxable","11":"shipping-taxable","12":"purchasable","13":"product-type-variable"},"acf":[],"aioseo_notices":[],"jetpack_sharing_enabled":true,"_links":{"self":[{"href":"https:\/\/antcube.shop\/sk\/wp-json\/wp\/v2\/product\/3599","targetHints":{"allow":["GET"]}}],"collection":[{"href":"https:\/\/antcube.shop\/sk\/wp-json\/wp\/v2\/product"}],"about":[{"href":"https:\/\/antcube.shop\/sk\/wp-json\/wp\/v2\/types\/product"}],"replies":[{"embeddable":true,"href":"https:\/\/antcube.shop\/sk\/wp-json\/wp\/v2\/comments?post=3599"}],"wp:featuredmedia":[{"embeddable":true,"href":"https:\/\/antcube.shop\/sk\/wp-json\/wp\/v2\/media\/3607"}],"wp:attachment":[{"href":"https:\/\/antcube.shop\/sk\/wp-json\/wp\/v2\/media?parent=3599"}],"wp:term":[{"taxonomy":"product_brand","embeddable":true,"href":"https:\/\/antcube.shop\/sk\/wp-json\/wp\/v2\/product_brand?post=3599"},{"taxonomy":"product_cat","embeddable":true,"href":"https:\/\/antcube.shop\/sk\/wp-json\/wp\/v2\/product_cat?post=3599"},{"taxonomy":"product_tag","embeddable":true,"href":"https:\/\/antcube.shop\/sk\/wp-json\/wp\/v2\/product_tag?post=3599"}],"curies":[{"name":"wp","href":"https:\/\/api.w.org\/{rel}","templated":true}]}}