{"id":3575,"date":"2021-11-19T12:45:26","date_gmt":"2021-11-19T11:45:26","guid":{"rendered":"https:\/\/antcube.shop\/produkt\/unisex-organic-cotton-t-shirt\/"},"modified":"2024-12-12T12:27:10","modified_gmt":"2024-12-12T11:27:10","slug":"tricko-z-organickej-bavlny-unisex","status":"publish","type":"product","link":"https:\/\/antcube.shop\/sk\/produkt\/tricko-z-organickej-bavlny-unisex\/","title":{"rendered":"Unisex tri\u010dko z organickej bavlny"},"content":{"rendered":"<p>Toto unisex tri\u010dko vyroben\u00e9 z organickej bavlny 100% je \u00faplne nevyhnutn\u00e9. Je vysokokvalitn\u00e9, ve\u013emi pohodln\u00e9 a najlep\u0161ie zo v\u0161etk\u00e9ho \u0161etrn\u00e9 k \u017eivotn\u00e9mu prostrediu.<\/p>\n<p>- 100% organick\u00e1 prstencovo spriadan\u00e1 bavlna<br \/>\n- Hmotnos\u0165 tkaniny: 5,3 oz\/yd\u00b2 (180 g\/m\u00b2)<br \/>\n- Jednotn\u00fd dres<br \/>\n- Stredn\u00e1 ve\u013ekos\u0165<br \/>\n- Zapusten\u00e9 ruk\u00e1vy<br \/>\n- 1 \u00d7 1 rebro na golieri<br \/>\n- \u0160irok\u00fd dvojihlov\u00fd steh na ruk\u00e1voch a spodn\u00fdch lemoch<br \/>\n- Samolepiaca p\u00e1ska na krk (vn\u00fatorn\u00e1 strana, zadn\u00e1 \u010das\u0165 krku)<br \/>\n- Pr\u00e1zdny v\u00fdrobok poch\u00e1dzaj\u00faci z \u010c\u00edny alebo Banglad\u00e9\u0161a<\/p>\n<p>&nbsp;<\/p>\n<p>Dod\u00e1vku a v\u00fdrobu produktov v kateg\u00f3rii Merchandise zabezpe\u010duje n\u00e1\u0161 partner PRINTFUL. Objednan\u00edm niektor\u00e9ho z t\u00fdchto v\u00fdrobkov akceptujete zmluvn\u00e9 podmienky, z\u00e1sady ochrany osobn\u00fdch \u00fadajov a z\u00e1sady vr\u00e1tenia tovaru spolo\u010dnosti PRINTFUL.<\/p>\n<p><a href=\"https:\/\/www.printful.com\/policies\/terms-of-service\">Tu n\u00e1jdete V\u0161eobecn\u00e9 obchodn\u00e9 podmienky spolo\u010dnosti PRINTFUL.<\/a><\/p>\n<p><a href=\"https:\/\/www.printful.com\/policies\/returns\">Z\u00e1sady vr\u00e1tenia tovaru spolo\u010dnosti PRINTFUL n\u00e1jdete tu.<\/a><\/p>\n<p><a href=\"https:\/\/www.printful.com\/policies\/privacy\">Z\u00e1sady ochrany osobn\u00fdch \u00fadajov spolo\u010dnosti PRINTFUL n\u00e1jdete tu.<\/a><\/p>","protected":false},"excerpt":{"rendered":"<p>Toto unisex tri\u010dko vyroben\u00e9 z organickej bavlny 100% je \u00faplne nevyhnutn\u00e9. Je vysokokvalitn\u00e9, ve\u013emi pohodln\u00e9 a najlep\u0161ie zo v\u0161etk\u00e9ho \u0161etrn\u00e9 k \u017eivotn\u00e9mu prostrediu. - 100% organick\u00e1 ring-spun bavlna - Hmotnos\u0165 tkaniny: 5,3 oz\/yd\u00b2 (180 g\/m\u00b2) - Jednoduch\u00fd d\u017eersej - Stredn\u00fd strih - Vsaden\u00e9 ruk\u00e1vy - 1 \u00d7 1 rebro na golieri - \u0160irok\u00fd dvojihlov\u00fd steh na","protected":false},"featured_media":3582,"comment_status":"open","ping_status":"closed","template":"","meta":{"_acf_changed":false,"content-type":"","_monsterinsights_skip_tracking":false,"_monsterinsights_sitenote_active":false,"_monsterinsights_sitenote_note":"","_monsterinsights_sitenote_category":0},"product_brand":[],"product_cat":[245],"product_tag":[],"class_list":{"0":"post-3575","1":"product","2":"type-product","3":"status-publish","4":"has-post-thumbnail","6":"product_cat-merchandise","8":"first","9":"instock","10":"taxable","11":"shipping-taxable","12":"purchasable","13":"product-type-variable"},"acf":[],"aioseo_notices":[],"jetpack_sharing_enabled":true,"_links":{"self":[{"href":"https:\/\/antcube.shop\/sk\/wp-json\/wp\/v2\/product\/3575","targetHints":{"allow":["GET"]}}],"collection":[{"href":"https:\/\/antcube.shop\/sk\/wp-json\/wp\/v2\/product"}],"about":[{"href":"https:\/\/antcube.shop\/sk\/wp-json\/wp\/v2\/types\/product"}],"replies":[{"embeddable":true,"href":"https:\/\/antcube.shop\/sk\/wp-json\/wp\/v2\/comments?post=3575"}],"wp:featuredmedia":[{"embeddable":true,"href":"https:\/\/antcube.shop\/sk\/wp-json\/wp\/v2\/media\/3582"}],"wp:attachment":[{"href":"https:\/\/antcube.shop\/sk\/wp-json\/wp\/v2\/media?parent=3575"}],"wp:term":[{"taxonomy":"product_brand","embeddable":true,"href":"https:\/\/antcube.shop\/sk\/wp-json\/wp\/v2\/product_brand?post=3575"},{"taxonomy":"product_cat","embeddable":true,"href":"https:\/\/antcube.shop\/sk\/wp-json\/wp\/v2\/product_cat?post=3575"},{"taxonomy":"product_tag","embeddable":true,"href":"https:\/\/antcube.shop\/sk\/wp-json\/wp\/v2\/product_tag?post=3575"}],"curies":[{"name":"wp","href":"https:\/\/api.w.org\/{rel}","templated":true}]}}