{"id":3566,"date":"2021-11-19T12:43:48","date_gmt":"2021-11-19T11:43:48","guid":{"rendered":"https:\/\/antcube.shop\/produkt\/youth-short-sleeve-t-shirt\/"},"modified":"2024-12-12T12:27:18","modified_gmt":"2024-12-12T11:27:18","slug":"tricko-s-kratkym-rukavom-pre-mladych","status":"publish","type":"product","link":"https:\/\/antcube.shop\/sk\/produkt\/tricko-s-kratkym-rukavom-pre-mladych\/","title":{"rendered":"Tri\u010dko s kr\u00e1tkym ruk\u00e1vom pre mlad\u00fdch"},"content":{"rendered":"<p>Toto je tri\u010dko, ktor\u00e9 ste h\u013eadali, a ur\u010dite sa stane ob\u013e\u00faben\u00fdm k\u00faskom v \u0161atn\u00edku ka\u017ed\u00e9ho mlad\u00edka. Je \u013eahk\u00e9, m\u00e4kk\u00e9 a prich\u00e1dza s jedine\u010dn\u00fdm dizajnom.<\/p>\n<p>- 100% \u010desan\u00e1 a kr\u00fa\u017ekovan\u00e1 bavlna<br \/>\n- Vresov\u00e9 farby s\u00fa z \u010desanej a kr\u00fa\u017ekovanej bavlny 52%, polyesteru 48%<br \/>\n- Athletic Heather je z 90% \u010desanej a kr\u00fa\u017ekovanej bavlny, 10% polyesteru<br \/>\n- Hmotnos\u0165 tkaniny: 4,2 oz\/yd\u00b2 (142 g\/m2)<br \/>\n- Predom vyschnut\u00e1 tkanina<br \/>\n- 32 singlov<br \/>\n- Uvo\u013enen\u00fd unisex strih<br \/>\n- Kon\u0161trukcia s bo\u010dn\u00fdmi \u0161vami<br \/>\n- Pr\u00e1zdny v\u00fdrobok poch\u00e1dzaj\u00faci z Nikaraguy, USA alebo Hondurasu<\/p>\n<p>&nbsp;<\/p>\n<p>Dod\u00e1vku a v\u00fdrobu produktov v kateg\u00f3rii Merchandise zabezpe\u010duje n\u00e1\u0161 partner PRINTFUL. Objednan\u00edm niektor\u00e9ho z t\u00fdchto v\u00fdrobkov akceptujete zmluvn\u00e9 podmienky, z\u00e1sady ochrany osobn\u00fdch \u00fadajov a z\u00e1sady vr\u00e1tenia tovaru spolo\u010dnosti PRINTFUL.<\/p>\n<p><a href=\"https:\/\/www.printful.com\/policies\/terms-of-service\">Tu n\u00e1jdete V\u0161eobecn\u00e9 obchodn\u00e9 podmienky spolo\u010dnosti PRINTFUL.<\/a><\/p>\n<p><a href=\"https:\/\/www.printful.com\/policies\/returns\">Z\u00e1sady vr\u00e1tenia tovaru spolo\u010dnosti PRINTFUL n\u00e1jdete tu.<\/a><\/p>\n<p><a href=\"https:\/\/www.printful.com\/policies\/privacy\">Z\u00e1sady ochrany osobn\u00fdch \u00fadajov spolo\u010dnosti PRINTFUL n\u00e1jdete tu.<\/a><\/p>","protected":false},"excerpt":{"rendered":"<p>This is the tee that you&#8217;ve been looking for, and it&#8217;s bound to become a favorite in any youngster&#8217;s wardrobe. It&#8217;s light, soft, and comes with a unique design. \u2022 100% combed and ring-spun cotton \u2022 Heather colors are 52% combed and ring-spun cotton, 48% polyester \u2022 Athletic Heather is 90% combed and ring-spun cotton, [&#8230;]","protected":false},"featured_media":3573,"comment_status":"open","ping_status":"closed","template":"","meta":{"_acf_changed":false,"content-type":"","_monsterinsights_skip_tracking":false,"_monsterinsights_sitenote_active":false,"_monsterinsights_sitenote_note":"","_monsterinsights_sitenote_category":0},"product_brand":[],"product_cat":[245],"product_tag":[],"class_list":{"0":"post-3566","1":"product","2":"type-product","3":"status-publish","4":"has-post-thumbnail","6":"product_cat-merchandise","8":"first","9":"instock","10":"taxable","11":"shipping-taxable","12":"purchasable","13":"product-type-variable"},"acf":[],"aioseo_notices":[],"jetpack_sharing_enabled":true,"_links":{"self":[{"href":"https:\/\/antcube.shop\/sk\/wp-json\/wp\/v2\/product\/3566","targetHints":{"allow":["GET"]}}],"collection":[{"href":"https:\/\/antcube.shop\/sk\/wp-json\/wp\/v2\/product"}],"about":[{"href":"https:\/\/antcube.shop\/sk\/wp-json\/wp\/v2\/types\/product"}],"replies":[{"embeddable":true,"href":"https:\/\/antcube.shop\/sk\/wp-json\/wp\/v2\/comments?post=3566"}],"wp:featuredmedia":[{"embeddable":true,"href":"https:\/\/antcube.shop\/sk\/wp-json\/wp\/v2\/media\/3573"}],"wp:attachment":[{"href":"https:\/\/antcube.shop\/sk\/wp-json\/wp\/v2\/media?parent=3566"}],"wp:term":[{"taxonomy":"product_brand","embeddable":true,"href":"https:\/\/antcube.shop\/sk\/wp-json\/wp\/v2\/product_brand?post=3566"},{"taxonomy":"product_cat","embeddable":true,"href":"https:\/\/antcube.shop\/sk\/wp-json\/wp\/v2\/product_cat?post=3566"},{"taxonomy":"product_tag","embeddable":true,"href":"https:\/\/antcube.shop\/sk\/wp-json\/wp\/v2\/product_tag?post=3566"}],"curies":[{"name":"wp","href":"https:\/\/api.w.org\/{rel}","templated":true}]}}