{"id":3443,"date":"2021-11-18T15:53:00","date_gmt":"2021-11-18T14:53:00","guid":{"rendered":"https:\/\/antcube.shop\/produkt\/mens-heavyweight-tee\/"},"modified":"2024-12-12T12:27:24","modified_gmt":"2024-12-12T11:27:24","slug":"muzi-tazka-vaha-tee","status":"publish","type":"product","link":"https:\/\/antcube.shop\/sk\/produkt\/muzi-tazka-vaha-tee\/","title":{"rendered":"P\u00e1nske tri\u010dko z prvotriednej bavlny"},"content":{"rendered":"<p>Bavlnen\u00e9 p\u00e1nske tri\u010dko 100% Premium v\u00e1m pom\u00f4\u017ee z\u00edska\u0165 \u0161trukt\u00farovanej\u0161\u00ed vzh\u013ead. Pekne sed\u00ed, zachov\u00e1va ostr\u00e9 l\u00ednie na okrajoch a perfektne sa hod\u00ed k vrstven\u00fdm streetwearov\u00fdm outfitom.<br \/>\n- 100% bavlna<br \/>\n- 90% bavlna, 10% polyester<br \/>\n- Hmotnos\u0165 tkaniny: 5,0-5,3 oz\/yd\u00b2 (170-180 g\/m\u00b2)<br \/>\n- Otvoren\u00e1 priadza<br \/>\n- R\u00farkov\u00e1 tkanina<br \/>\n- Prelepen\u00fd krk a ramen\u00e1<br \/>\n- Dvojit\u00fd \u0161ev na ruk\u00e1voch a spodnom leme<br \/>\n- Pr\u00e1zdny v\u00fdrobok poch\u00e1dzaj\u00faci z Hondurasu, Nikaraguy, Haiti, Dominik\u00e1nskej republiky, Banglad\u00e9\u0161a, Mexika<\/p>\n<p>&nbsp;<\/p>\n<p>Dod\u00e1vku a v\u00fdrobu produktov v kateg\u00f3rii Merchandise zabezpe\u010duje n\u00e1\u0161 partner PRINTFUL. Objednan\u00edm niektor\u00e9ho z t\u00fdchto v\u00fdrobkov akceptujete zmluvn\u00e9 podmienky, z\u00e1sady ochrany osobn\u00fdch \u00fadajov a z\u00e1sady vr\u00e1tenia tovaru spolo\u010dnosti PRINTFUL.<\/p>\n<p><a href=\"https:\/\/www.printful.com\/policies\/terms-of-service\">Tu n\u00e1jdete V\u0161eobecn\u00e9 obchodn\u00e9 podmienky spolo\u010dnosti PRINTFUL.<\/a><\/p>\n<p><a href=\"https:\/\/www.printful.com\/policies\/returns\">Z\u00e1sady vr\u00e1tenia tovaru spolo\u010dnosti PRINTFUL n\u00e1jdete tu.<\/a><\/p>\n<p><a href=\"https:\/\/www.printful.com\/policies\/privacy\">Z\u00e1sady ochrany osobn\u00fdch \u00fadajov spolo\u010dnosti PRINTFUL n\u00e1jdete tu.<\/a><\/p>","protected":false},"excerpt":{"rendered":"<p>Bavlnen\u00e9 p\u00e1nske tri\u010dko 100% Premium v\u00e1m pom\u00f4\u017ee z\u00edska\u0165 \u0161trukt\u00farovanej\u0161\u00ed vzh\u013ead. Pekne sed\u00ed, zachov\u00e1va ostr\u00e9 l\u00ednie na okrajoch a perfektne sa hod\u00ed k vrstven\u00fdm streetwearov\u00fdm outfitom. - Bavlna 100% - bavlna 90%, polyester 10% - gram\u00e1\u017e tkaniny: 5,0-5,3 oz\/yd\u00b2 (170-180 g\/m\u00b2) - priadza s otvoren\u00fdm koncom - r\u00farkov\u00e1 tkanina - podlepen\u00fd v\u00fdstrih a","protected":false},"featured_media":3451,"comment_status":"open","ping_status":"closed","template":"","meta":{"_acf_changed":false,"content-type":"","_monsterinsights_skip_tracking":false,"_monsterinsights_sitenote_active":false,"_monsterinsights_sitenote_note":"","_monsterinsights_sitenote_category":0},"product_brand":[],"product_cat":[245],"product_tag":[],"class_list":{"0":"post-3443","1":"product","2":"type-product","3":"status-publish","4":"has-post-thumbnail","6":"product_cat-merchandise","8":"first","9":"instock","10":"taxable","11":"shipping-taxable","12":"purchasable","13":"product-type-variable"},"acf":[],"aioseo_notices":[],"jetpack_sharing_enabled":true,"_links":{"self":[{"href":"https:\/\/antcube.shop\/sk\/wp-json\/wp\/v2\/product\/3443","targetHints":{"allow":["GET"]}}],"collection":[{"href":"https:\/\/antcube.shop\/sk\/wp-json\/wp\/v2\/product"}],"about":[{"href":"https:\/\/antcube.shop\/sk\/wp-json\/wp\/v2\/types\/product"}],"replies":[{"embeddable":true,"href":"https:\/\/antcube.shop\/sk\/wp-json\/wp\/v2\/comments?post=3443"}],"wp:featuredmedia":[{"embeddable":true,"href":"https:\/\/antcube.shop\/sk\/wp-json\/wp\/v2\/media\/3451"}],"wp:attachment":[{"href":"https:\/\/antcube.shop\/sk\/wp-json\/wp\/v2\/media?parent=3443"}],"wp:term":[{"taxonomy":"product_brand","embeddable":true,"href":"https:\/\/antcube.shop\/sk\/wp-json\/wp\/v2\/product_brand?post=3443"},{"taxonomy":"product_cat","embeddable":true,"href":"https:\/\/antcube.shop\/sk\/wp-json\/wp\/v2\/product_cat?post=3443"},{"taxonomy":"product_tag","embeddable":true,"href":"https:\/\/antcube.shop\/sk\/wp-json\/wp\/v2\/product_tag?post=3443"}],"curies":[{"name":"wp","href":"https:\/\/api.w.org\/{rel}","templated":true}]}}