{"id":3277,"date":"2021-11-10T13:27:26","date_gmt":"2021-11-10T12:27:26","guid":{"rendered":"https:\/\/antcube.shop\/produkt\/camponotus-piceus-glanzendschwarze-rossameise\/"},"modified":"2021-11-24T11:42:12","modified_gmt":"2021-11-24T10:42:12","slug":"camponotus-piceus","status":"publish","type":"product","link":"https:\/\/antcube.shop\/sk\/produkt\/camponotus-piceus\/","title":{"rendered":"Camponotus piceus"},"content":{"rendered":"<p>&nbsp;<\/p>\n<table border=\"1\" cellspacing=\"1\" cellpadding=\"1\">\n<tbody>\n<tr>\n<td><strong>Lat. N\u00e1zov:<\/strong><\/td>\n<td><strong><img data-recalc-dims=\"1\" loading=\"lazy\" decoding=\"async\" src=\"https:\/\/i0.wp.com\/www.antstore.net\/shop\/images\/icons\/ants\/lateinname.jpg?resize=30%2C30&#038;ssl=1\" alt=\"\" width=\"30\" height=\"30\" \/><\/strong><\/td>\n<td><em>Ca<\/em><em>mponotus piceus<\/em><\/td>\n<\/tr>\n<tr>\n<td><strong>Spolo\u010dn\u00fd n\u00e1zov<\/strong>:<\/td>\n<td><strong><img data-recalc-dims=\"1\" loading=\"lazy\" decoding=\"async\" src=\"https:\/\/i0.wp.com\/www.antstore.net\/shop\/images\/icons\/ants\/trivialname.jpg?resize=30%2C30&#038;ssl=1\" alt=\"\" width=\"30\" height=\"30\" \/><\/strong><\/td>\n<td>&#8211;<\/td>\n<\/tr>\n<tr>\n<td><strong>Taxon\u00f3mia:<\/strong><\/td>\n<td><strong><img data-recalc-dims=\"1\" loading=\"lazy\" decoding=\"async\" src=\"https:\/\/i0.wp.com\/www.antstore.net\/shop\/images\/icons\/ants\/taxonomie.jpg?resize=30%2C30&#038;ssl=1\" alt=\"\" width=\"30\" height=\"30\" \/><\/strong><\/td>\n<td><strong>Pod\u010de\u013ea\u010f: <\/strong>Formicinae\u00a0<strong>Kme\u0148: <\/strong>Camponotini<\/td>\n<\/tr>\n<tr>\n<td><strong>Udr\u017eiavanie \u00farovne:<\/strong><\/td>\n<td><strong><img data-recalc-dims=\"1\" loading=\"lazy\" decoding=\"async\" src=\"https:\/\/i0.wp.com\/www.antstore.net\/shop\/images\/icons\/ants\/haltungsklasse.jpg?resize=30%2C30&#038;ssl=1\" alt=\"\" width=\"30\" height=\"30\" \/><\/strong><\/td>\n<td><strong>(1)<\/strong>\u00a0pre za\u010diato\u010dn\u00edkov s ve\u013ekos\u0165ou kol\u00f3nie najmenej 10 pracovn\u00edkov<\/td>\n<\/tr>\n<tr>\n<td><strong>Distrib\u00facia:<\/strong><\/td>\n<td><strong><img data-recalc-dims=\"1\" loading=\"lazy\" decoding=\"async\" src=\"https:\/\/i0.wp.com\/www.antstore.net\/shop\/images\/icons\/ants\/verbreitung.jpg?resize=30%2C30&#038;ssl=1\" alt=\"\" width=\"30\" height=\"30\" \/><\/strong><\/td>\n<td>Stredn\u00e1 Eur\u00f3pa, Ju\u017en\u00e1 Eur\u00f3pa<\/td>\n<\/tr>\n<tr>\n<td><strong>S\u00eddlisko:<\/strong><\/td>\n<td><strong><img data-recalc-dims=\"1\" loading=\"lazy\" decoding=\"async\" src=\"https:\/\/i0.wp.com\/www.antstore.net\/shop\/images\/icons\/ants\/habitat.jpg?resize=30%2C30&#038;ssl=1\" alt=\"\" width=\"30\" height=\"30\" \/><\/strong><\/td>\n<td>Xerotermn\u00e9 otvoren\u00e9 biotopy<\/td>\n<\/tr>\n<tr>\n<td><strong>Forma kol\u00f3nie:<\/strong><\/td>\n<td><strong><img data-recalc-dims=\"1\" loading=\"lazy\" decoding=\"async\" src=\"https:\/\/i0.wp.com\/www.antstore.net\/shop\/images\/icons\/ants\/Kolonieform.jpg?resize=30%2C30&#038;ssl=1\" alt=\"\" width=\"30\" height=\"30\" \/><\/strong><\/td>\n<td>monogyne, zriedkavo oligogyne<\/td>\n<\/tr>\n<tr>\n<td><strong>Kr\u00e1\u013eovn\u00e1:<\/strong><\/td>\n<td><strong><img data-recalc-dims=\"1\" loading=\"lazy\" decoding=\"async\" src=\"https:\/\/i0.wp.com\/www.antstore.net\/shop\/images\/icons\/ants\/koenigin.jpg?resize=30%2C30&#038;ssl=1\" alt=\"\" width=\"30\" height=\"30\" \/><\/strong><\/td>\n<td><strong>Ve\u013ekos\u0165:<\/strong>\u00a07 - 9 mm\u00a0<strong>Farba:<\/strong>\u00a0leskl\u00e1 \u010dierna; hrudn\u00edk: hned\u00fd<\/td>\n<\/tr>\n<tr>\n<td><strong>Pracovn\u00edk:<\/strong><\/td>\n<td><img data-recalc-dims=\"1\" loading=\"lazy\" decoding=\"async\" src=\"https:\/\/i0.wp.com\/www.antstore.net\/shop\/images\/icons\/ants\/arbeiterin.jpg?resize=30%2C30&#038;ssl=1\" alt=\"\" width=\"30\" height=\"30\" \/><\/td>\n<td><strong>Ve\u013ekos\u0165:<\/strong><span style=\"font-family: Arial;\">\u00a04 - 7 mm\u00a0<\/span><strong>Farba:<\/strong><span style=\"font-family: Arial;\">\u00a0leskl\u00e1 \u010dierna, nohy \u010dervenkast\u00e9<\/span><\/td>\n<\/tr>\n<tr>\n<td><strong>Vojak:<\/strong><\/td>\n<td><img data-recalc-dims=\"1\" loading=\"lazy\" decoding=\"async\" src=\"https:\/\/i0.wp.com\/www.antstore.net\/shop\/images\/icons\/ants\/soldaten.jpg?resize=30%2C30&#038;ssl=1\" alt=\"\" width=\"30\" height=\"30\" \/><\/td>\n<td>nie je pr\u00edtomn\u00fd<\/td>\n<\/tr>\n<tr>\n<td><strong>Mu\u017ei:<\/strong><\/td>\n<td><img data-recalc-dims=\"1\" loading=\"lazy\" decoding=\"async\" src=\"https:\/\/i0.wp.com\/www.antstore.net\/shop\/images\/icons\/ants\/maennchen.jpg?resize=30%2C30&#038;ssl=1\" alt=\"\" width=\"30\" height=\"30\" \/><\/td>\n<td><b><strong>Ve\u013ekos\u0165: <\/strong><\/b>&#8211;<b><strong> Farba:\u00a0<\/strong><\/b>\u010dierna , \u0161t\u00edhla<\/td>\n<\/tr>\n<tr>\n<td><strong>Potraviny:<\/strong><\/td>\n<td><img data-recalc-dims=\"1\" loading=\"lazy\" decoding=\"async\" src=\"https:\/\/i0.wp.com\/www.antstore.net\/shop\/images\/icons\/ants\/nahrung.jpg?resize=30%2C30&#038;ssl=1\" alt=\"\" width=\"30\" height=\"30\" \/><\/td>\n<td>Medov\u00e1 voda a hmyz, napr. dvojkr\u00eddlovce ako muchy alebo\u00a0<span style=\"font-family: Arial;\">kom\u00e1re<\/span><\/td>\n<\/tr>\n<tr>\n<td><strong>Vlhkos\u0165:<\/strong><\/td>\n<td><strong><img data-recalc-dims=\"1\" loading=\"lazy\" decoding=\"async\" src=\"https:\/\/i0.wp.com\/www.antstore.net\/shop\/images\/icons\/ants\/feuchtigkeit.jpg?resize=30%2C30&#038;ssl=1\" alt=\"\" width=\"30\" height=\"30\" \/><\/strong><\/td>\n<td><b><strong>Ar\u00e9na: <\/strong><\/b>30 &#8211; 50% <b><strong>Nestpart: <\/strong><\/b>50 &#8211; 60%<\/td>\n<\/tr>\n<tr>\n<td><strong>Teplota:<\/strong><\/td>\n<td><strong><img data-recalc-dims=\"1\" loading=\"lazy\" decoding=\"async\" src=\"https:\/\/i0.wp.com\/www.antstore.net\/shop\/images\/icons\/ants\/temperatur.jpg?resize=30%2C30&#038;ssl=1\" alt=\"\" width=\"30\" height=\"30\" \/><\/strong><\/td>\n<td><strong>Ar\u00e9na:<\/strong>\u00a018 - 28\u00b0C\u00a0<strong>Nestpart:<\/strong>\u00a021 - 24\u00b0C<\/td>\n<\/tr>\n<tr>\n<td><strong>Hibern\u00e1cia:<\/strong><\/td>\n<td><img data-recalc-dims=\"1\" loading=\"lazy\" decoding=\"async\" src=\"https:\/\/i0.wp.com\/www.antstore.net\/shop\/images\/icons\/ants\/winterruhe.jpg?resize=30%2C30&#038;ssl=1\" alt=\"\" width=\"30\" height=\"30\" \/><\/td>\n<td>\u00e1no, od konca okt\u00f3bra do konca marca pri 5 - 8 \u00b0C (m\u00e1 endog\u00e9nny biorytmus)<\/td>\n<\/tr>\n<tr>\n<td><strong>Typ hniezda:<\/strong><\/td>\n<td><\/td>\n<td>Vybudova\u0165 ich hniezdo p\u00f4du<\/td>\n<\/tr>\n<tr>\n<td><strong>Typ Formicarium:<\/strong><\/td>\n<td><img data-recalc-dims=\"1\" loading=\"lazy\" decoding=\"async\" src=\"https:\/\/i0.wp.com\/www.antstore.net\/shop\/images\/icons\/ants\/formicarienart.jpg?resize=30%2C30&#038;ssl=1\" alt=\"\" width=\"30\" height=\"30\" \/><\/td>\n<td>Farma, um\u00fdvadlo, um\u00fdvadlo, um\u00fdvadlo s r\u00e1mom, ostrov, akrylov\u00fd valec, tr\u00e1m\/omietka<\/td>\n<\/tr>\n<tr>\n<td><strong>Ve\u013ekos\u0165 formik\u00e1ria:<\/strong><\/td>\n<td><strong><img data-recalc-dims=\"1\" loading=\"lazy\" decoding=\"async\" src=\"https:\/\/i0.wp.com\/www.antstore.net\/shop\/images\/icons\/ants\/formicariengroesse.jpg?resize=30%2C30&#038;ssl=1\" alt=\"\" width=\"30\" height=\"30\" \/><\/strong><\/td>\n<td><b> <strong>Ve\u013ekos\u0165:<\/strong>\u00a0<strong><span style=\"color: #339966;\">M<\/span><\/strong>\u00a0&#8211;\u00a0<strong>L<\/strong><\/b><\/td>\n<\/tr>\n<tr>\n<td><strong>Substr\u00e1t:<\/strong><\/td>\n<td><strong><img data-recalc-dims=\"1\" loading=\"lazy\" decoding=\"async\" src=\"https:\/\/i0.wp.com\/www.antstore.net\/shop\/images\/icons\/ants\/substrat.jpg?resize=30%2C30&#038;ssl=1\" alt=\"\" width=\"30\" height=\"30\" \/><\/strong><\/td>\n<td><b><strong>Farma: <\/strong><\/b>Korok, m\u00e4kk\u00e9 drevo <b><strong>Ar\u00e9na: <\/strong><\/b>Piesok, piesok-pena<\/td>\n<\/tr>\n<tr>\n<td><strong>V\u00fdsadba:<\/strong><\/td>\n<td><img data-recalc-dims=\"1\" loading=\"lazy\" decoding=\"async\" src=\"https:\/\/i0.wp.com\/www.antstore.net\/shop\/images\/icons\/ants\/bepflanzung.jpg?resize=30%2C30&#038;ssl=1\" alt=\"\" width=\"30\" height=\"30\" \/><\/td>\n<td>podobn\u00e9 lesn\u00fdm a horsk\u00fdm oblastiam s machom, tr\u00e1vou a in\u00fdmi rastlinami<\/td>\n<\/tr>\n<tr>\n<td><strong>Dekor\u00e1cie:<\/strong><\/td>\n<td><img data-recalc-dims=\"1\" loading=\"lazy\" decoding=\"async\" src=\"https:\/\/i0.wp.com\/www.antstore.net\/shop\/images\/icons\/ants\/dekoration.jpg?resize=30%2C30&#038;ssl=1\" alt=\"\" width=\"30\" height=\"30\" \/><\/td>\n<td>Pobo\u010dky, korene, stromov\u00e9 semen\u00e1<\/td>\n<\/tr>\n<tr>\n<td><strong>Popis: V s\u00fa\u010dasnosti je na trhu viac ako 10 000 zariaden\u00ed, ktor\u00e9 s\u00fa ur\u010den\u00e9 na predaj:<\/strong><\/td>\n<td><img data-recalc-dims=\"1\" loading=\"lazy\" decoding=\"async\" src=\"https:\/\/i0.wp.com\/www.antstore.net\/shop\/images\/icons\/ants\/beschreibung.jpg?resize=30%2C30&#038;ssl=1\" alt=\"\" width=\"30\" height=\"30\" \/><\/td>\n<td>Camponotus piceus je ve\u013emi vz\u00e1cny mravec, ktor\u00fd je vo\u010di in\u00fdm mravcom plach\u00fd. Kv\u00f4li postupnej strate \u017eivotn\u00e9ho prostredia je na nemeckom \"\u010cervenom zozname\".<\/td>\n<\/tr>\n<tr>\n<td><strong>V\u00fdvoj:<\/strong><\/td>\n<td><strong><img data-recalc-dims=\"1\" loading=\"lazy\" decoding=\"async\" src=\"https:\/\/i0.wp.com\/www.antstore.net\/shop\/images\/icons\/ants\/entwicklung.jpg?resize=30%2C30&#038;ssl=1\" alt=\"\" width=\"30\" height=\"30\" \/><\/strong><\/td>\n<td><strong>Svadobn\u00fd let:\u00a0<\/strong> po\u010das tepl\u00fdch dn\u00ed od konca apr\u00edla do za\u010diatku j\u00fala<br \/>\n<strong>Nad\u00e1cia:\u00a0 <\/strong>klaustr\u00e1lny (bez k\u0155menia)<br \/>\n<strong>Ve\u013ekos\u0165 kol\u00f3nie: <\/strong>mal\u00e9 kol\u00f3nie so 100 a\u017e 200 jedincami<\/td>\n<\/tr>\n<tr>\n<td><strong>Mno\u017estvo:<\/strong><\/td>\n<td><img data-recalc-dims=\"1\" loading=\"lazy\" decoding=\"async\" src=\"https:\/\/i0.wp.com\/www.antstore.net\/shop\/images\/icons\/ants\/menge.jpg?resize=30%2C30&#038;ssl=1\" alt=\"\" width=\"30\" height=\"30\" \/><\/td>\n<td>jedna oplodnen\u00e1 kr\u00e1\u013eovn\u00e1 s robotnicami (pozri v\u00fdber); ml\u00e1\u010fat\u00e1 (v z\u00e1vislosti od sez\u00f3ny a v\u00fdvoja)<\/td>\n<\/tr>\n<tr>\n<td><strong>Webov\u00e9 odkazy:<\/strong><\/td>\n<td><a href=\"http:\/\/www.antstore.net\/viewforum.php?f=9\"><span style=\"color: #0000ff;\"><img data-recalc-dims=\"1\" loading=\"lazy\" decoding=\"async\" src=\"https:\/\/i0.wp.com\/www.antstore.net\/shop\/images\/icons\/ants\/weblinks.jpg?resize=30%2C30&#038;ssl=1\" alt=\"\" width=\"30\" height=\"30\" \/><\/span><\/a><\/td>\n<td><a href=\"http:\/\/www.antstore.net\/viewforum.php?f=124\"><span style=\"color: #0000ff;\">- F\u00f3rum<\/span><\/a><\/p>\n<p><span style=\"color: #0000ff;\"><a href=\"http:\/\/www.antweb.org\/description.do?name=mimicus&amp;genus=myrmecocystus&amp;rank=species&amp;project=bajaants\">- Odkaz na zdroj<\/a><\/span><\/td>\n<\/tr>\n<\/tbody>\n<\/table>\n<p>&nbsp;<\/p>","protected":false},"excerpt":{"rendered":"<p>Udr\u017eiavanie \u00farovne 1<br \/>\nVe\u013ekos\u0165:<span style=\"color: #000000;\"> <strong><span style=\"color: #339966;\">M<\/span><\/strong><\/span> &#8211; <strong>L<\/strong><\/p>","protected":false},"featured_media":3317,"comment_status":"open","ping_status":"closed","template":"","meta":{"_acf_changed":false,"content-type":"","_monsterinsights_skip_tracking":false,"_monsterinsights_sitenote_active":false,"_monsterinsights_sitenote_note":"","_monsterinsights_sitenote_category":0},"product_brand":[],"product_cat":[107,112,108,109],"product_tag":[],"class_list":{"0":"post-3277","1":"product","2":"type-product","3":"status-publish","4":"has-post-thumbnail","6":"product_cat-ants","7":"product_cat-asia","8":"product_cat-northern-europe","9":"product_cat-southern-europe","11":"first","12":"instock","13":"product-type-external"},"acf":[],"aioseo_notices":[],"jetpack_sharing_enabled":true,"_links":{"self":[{"href":"https:\/\/antcube.shop\/sk\/wp-json\/wp\/v2\/product\/3277","targetHints":{"allow":["GET"]}}],"collection":[{"href":"https:\/\/antcube.shop\/sk\/wp-json\/wp\/v2\/product"}],"about":[{"href":"https:\/\/antcube.shop\/sk\/wp-json\/wp\/v2\/types\/product"}],"replies":[{"embeddable":true,"href":"https:\/\/antcube.shop\/sk\/wp-json\/wp\/v2\/comments?post=3277"}],"wp:featuredmedia":[{"embeddable":true,"href":"https:\/\/antcube.shop\/sk\/wp-json\/wp\/v2\/media\/3317"}],"wp:attachment":[{"href":"https:\/\/antcube.shop\/sk\/wp-json\/wp\/v2\/media?parent=3277"}],"wp:term":[{"taxonomy":"product_brand","embeddable":true,"href":"https:\/\/antcube.shop\/sk\/wp-json\/wp\/v2\/product_brand?post=3277"},{"taxonomy":"product_cat","embeddable":true,"href":"https:\/\/antcube.shop\/sk\/wp-json\/wp\/v2\/product_cat?post=3277"},{"taxonomy":"product_tag","embeddable":true,"href":"https:\/\/antcube.shop\/sk\/wp-json\/wp\/v2\/product_tag?post=3277"}],"curies":[{"name":"wp","href":"https:\/\/api.w.org\/{rel}","templated":true}]}}