{"id":3276,"date":"2021-11-10T13:27:18","date_gmt":"2021-11-10T12:27:18","guid":{"rendered":"https:\/\/antcube.shop\/produkt\/myrmica-ruginodis\/"},"modified":"2021-11-24T11:41:53","modified_gmt":"2021-11-24T10:41:53","slug":"myrmica-ruginodis","status":"publish","type":"product","link":"https:\/\/antcube.shop\/sk\/produkt\/myrmica-ruginodis\/","title":{"rendered":"Myrmica ruginodis"},"content":{"rendered":"<p>&nbsp;<\/p>\n<table border=\"1\" cellspacing=\"1\" cellpadding=\"1\">\n<tbody>\n<tr>\n<td><strong>Lat. N\u00e1zov:<\/strong><\/td>\n<td><strong><img data-recalc-dims=\"1\" loading=\"lazy\" decoding=\"async\" src=\"https:\/\/i0.wp.com\/www.antstore.net\/shop\/images\/icons\/ants\/lateinname.jpg?resize=30%2C30&#038;ssl=1\" alt=\"\" width=\"30\" height=\"30\" \/><\/strong><\/td>\n<td><i>Myrmica ruginodis<\/i><\/td>\n<\/tr>\n<tr>\n<td><strong>Spolo\u010dn\u00fd n\u00e1zov<\/strong>:<\/td>\n<td><strong><img data-recalc-dims=\"1\" loading=\"lazy\" decoding=\"async\" src=\"https:\/\/i0.wp.com\/www.antstore.net\/shop\/images\/icons\/ants\/trivialname.jpg?resize=30%2C30&#038;ssl=1\" alt=\"\" width=\"30\" height=\"30\" \/><\/strong><\/td>\n<td>Eur\u00f3psky fireant<\/td>\n<\/tr>\n<tr>\n<td><strong>Taxon\u00f3mia:<\/strong><\/td>\n<td><strong><img data-recalc-dims=\"1\" loading=\"lazy\" decoding=\"async\" src=\"https:\/\/i0.wp.com\/www.antstore.net\/shop\/images\/icons\/ants\/taxonomie.jpg?resize=30%2C30&#038;ssl=1\" alt=\"\" width=\"30\" height=\"30\" \/><\/strong><\/td>\n<td><b><strong>Pod\u010de\u013ea\u010f: <\/strong><\/b>Myrmicinae\u00a0<b><strong>Kme\u0148: <\/strong><\/b>Myrmicini<\/td>\n<\/tr>\n<tr>\n<td><strong>Udr\u017eiavanie \u00farovne:<\/strong><\/td>\n<td><strong><img data-recalc-dims=\"1\" loading=\"lazy\" decoding=\"async\" src=\"https:\/\/i0.wp.com\/www.antstore.net\/shop\/images\/icons\/ants\/haltungsklasse.jpg?resize=30%2C30&#038;ssl=1\" alt=\"\" width=\"30\" height=\"30\" \/><\/strong><\/td>\n<td>\u00a0<strong>(1)<\/strong> \u013eahko sa udr\u017eiavaj\u00fa, maj\u00fa siln\u00e9 \u017eihadlo ako pichnutie ihlou<\/td>\n<\/tr>\n<tr>\n<td><strong>Distrib\u00facia:<\/strong><\/td>\n<td><strong><img data-recalc-dims=\"1\" loading=\"lazy\" decoding=\"async\" src=\"https:\/\/i0.wp.com\/www.antstore.net\/shop\/images\/icons\/ants\/verbreitung.jpg?resize=30%2C30&#038;ssl=1\" alt=\"\" width=\"30\" height=\"30\" \/><\/strong><\/td>\n<td>Ve\u013ek\u00e1 Brit\u00e1nia a\u017e Stredn\u00e1 \u00c1zia, od 18. storo\u010dia aj Severn\u00e1 Amerika<\/td>\n<\/tr>\n<tr>\n<td><strong>S\u00eddlisko:<\/strong><\/td>\n<td><strong><img data-recalc-dims=\"1\" loading=\"lazy\" decoding=\"async\" src=\"https:\/\/i0.wp.com\/www.antstore.net\/shop\/images\/icons\/ants\/habitat.jpg?resize=30%2C30&#038;ssl=1\" alt=\"\" width=\"30\" height=\"30\" \/><\/strong><\/td>\n<td>uprednost\u0148uje vlhk\u00e9 miesta ako l\u00faky alebo otvoren\u00e9 lesypodobne ako Myrmica rubra, ale v\u010faka konkurencii \u010dasto v chladnej\u0161\u00edch lesoch<\/td>\n<\/tr>\n<tr>\n<td><strong>Forma kol\u00f3nie:<\/strong><\/td>\n<td><strong><img data-recalc-dims=\"1\" loading=\"lazy\" decoding=\"async\" src=\"https:\/\/i0.wp.com\/www.antstore.net\/shop\/images\/icons\/ants\/Kolonieform.jpg?resize=30%2C30&#038;ssl=1\" alt=\"\" width=\"30\" height=\"30\" \/><\/strong><\/td>\n<td>Makrog\u00fdn = monog\u00fdn Mikrog\u00fdn = polyg\u00fdn<\/td>\n<\/tr>\n<tr>\n<td><strong>Kr\u00e1\u013eovn\u00e1:<\/strong><\/td>\n<td><strong><img data-recalc-dims=\"1\" loading=\"lazy\" decoding=\"async\" src=\"https:\/\/i0.wp.com\/www.antstore.net\/shop\/images\/icons\/ants\/koenigin.jpg?resize=30%2C30&#038;ssl=1\" alt=\"\" width=\"30\" height=\"30\" \/><\/strong><\/td>\n<td><b><strong>Ve\u013ekos\u0165: <\/strong><\/b>6 - 8 mm <b><strong>Farba: <\/strong><\/b>karm\u00ednov\u00e1 (tmavo\u010derven\u00e1)<\/td>\n<\/tr>\n<tr>\n<td><strong>Pracovn\u00edk:<\/strong><\/td>\n<td><img data-recalc-dims=\"1\" loading=\"lazy\" decoding=\"async\" src=\"https:\/\/i0.wp.com\/www.antstore.net\/shop\/images\/icons\/ants\/arbeiterin.jpg?resize=30%2C30&#038;ssl=1\" alt=\"\" width=\"30\" height=\"30\" \/><\/td>\n<td><b><strong>Ve\u013ekos\u0165: <\/strong><\/b>4 - 7 mm <b><strong>Farba: <\/strong><\/b>karm\u00ednov\u00e1 (tmavo\u010derven\u00e1) a\u017e hnedooran\u017eov\u00e1<\/td>\n<\/tr>\n<tr>\n<td><strong>Vojak:<\/strong><\/td>\n<td><img data-recalc-dims=\"1\" loading=\"lazy\" decoding=\"async\" src=\"https:\/\/i0.wp.com\/www.antstore.net\/shop\/images\/icons\/ants\/soldaten.jpg?resize=30%2C30&#038;ssl=1\" alt=\"\" width=\"30\" height=\"30\" \/><\/td>\n<td>nie je pr\u00edtomn\u00fd<\/td>\n<\/tr>\n<tr>\n<td><strong>Mu\u017ei:<\/strong><\/td>\n<td><img data-recalc-dims=\"1\" loading=\"lazy\" decoding=\"async\" src=\"https:\/\/i0.wp.com\/www.antstore.net\/shop\/images\/icons\/ants\/maennchen.jpg?resize=30%2C30&#038;ssl=1\" alt=\"\" width=\"30\" height=\"30\" \/><\/td>\n<td><strong>Ve\u013ekos\u0165:<\/strong>\u00a04 - 6 mm<strong>\u00a0Farba:<\/strong>\u00a0\u010dierna , \u0161t\u00edhla<\/td>\n<\/tr>\n<tr>\n<td><strong>Potraviny:<\/strong><\/td>\n<td><img data-recalc-dims=\"1\" loading=\"lazy\" decoding=\"async\" src=\"https:\/\/i0.wp.com\/www.antstore.net\/shop\/images\/icons\/ants\/nahrung.jpg?resize=30%2C30&#038;ssl=1\" alt=\"\" width=\"30\" height=\"30\" \/><\/td>\n<td>Medov\u00e1 voda a hmyz, napr. dvojkr\u00eddlovce ako muchy alebo kom\u00e1re<\/td>\n<\/tr>\n<tr>\n<td><strong>Vlhkos\u0165:<\/strong><\/td>\n<td><strong><img data-recalc-dims=\"1\" loading=\"lazy\" decoding=\"async\" src=\"https:\/\/i0.wp.com\/www.antstore.net\/shop\/images\/icons\/ants\/feuchtigkeit.jpg?resize=30%2C30&#038;ssl=1\" alt=\"\" width=\"30\" height=\"30\" \/><\/strong><\/td>\n<td><b><strong>Ar\u00e9na: <\/strong><\/b>30 &#8211; 50% <b><strong>Nestpart: <\/strong><\/b>50 &#8211; 70%<\/td>\n<\/tr>\n<tr>\n<td><strong>Teplota:<\/strong><\/td>\n<td><strong><img data-recalc-dims=\"1\" loading=\"lazy\" decoding=\"async\" src=\"https:\/\/i0.wp.com\/www.antstore.net\/shop\/images\/icons\/ants\/temperatur.jpg?resize=30%2C30&#038;ssl=1\" alt=\"\" width=\"30\" height=\"30\" \/><\/strong><\/td>\n<td><b><strong>Ar\u00e9na: <\/strong><\/b>18 - 28\u00b0C <b><strong>Nestpart:<\/strong><\/b>\u00a021 - 24\u00b0C<\/td>\n<\/tr>\n<tr>\n<td><strong>Hibern\u00e1cia:<\/strong><\/td>\n<td><img data-recalc-dims=\"1\" loading=\"lazy\" decoding=\"async\" src=\"https:\/\/i0.wp.com\/www.antstore.net\/shop\/images\/icons\/ants\/winterruhe.jpg?resize=30%2C30&#038;ssl=1\" alt=\"\" width=\"30\" height=\"30\" \/><\/td>\n<td>\u00e1no, od konca okt\u00f3bra do konca marca pri 5 - 8 \u00b0C<\/td>\n<\/tr>\n<tr>\n<td><strong>Typ hniezda:<\/strong><\/td>\n<td><\/td>\n<td>Hniezda v p\u00f4de, v zhnitom dreve a pod kame\u0148mi alebo v machu<\/td>\n<\/tr>\n<tr>\n<td><strong>Typ Formicarium:<\/strong><\/td>\n<td><img data-recalc-dims=\"1\" loading=\"lazy\" decoding=\"async\" src=\"https:\/\/i0.wp.com\/www.antstore.net\/shop\/images\/icons\/ants\/formicarienart.jpg?resize=30%2C30&#038;ssl=1\" alt=\"\" width=\"30\" height=\"30\" \/><\/td>\n<td>Farma, Farmbasin, Um\u00fdvadlo, Framebasin, Ostrov, Akrylcylinder, Ytong\/Plaster, Digfix<\/td>\n<\/tr>\n<tr>\n<td><strong>Ve\u013ekos\u0165 formik\u00e1ria:<\/strong><\/td>\n<td><strong><img data-recalc-dims=\"1\" loading=\"lazy\" decoding=\"async\" src=\"https:\/\/i0.wp.com\/www.antstore.net\/shop\/images\/icons\/ants\/formicariengroesse.jpg?resize=30%2C30&#038;ssl=1\" alt=\"\" width=\"30\" height=\"30\" \/><\/strong><\/td>\n<td><b> <strong>Ve\u013ekos\u0165:<\/strong>\u00a0<strong>\u00a0S - M<\/strong><\/b><\/td>\n<\/tr>\n<tr>\n<td><strong>Substr\u00e1t:<\/strong><\/td>\n<td><strong><img data-recalc-dims=\"1\" loading=\"lazy\" decoding=\"async\" src=\"https:\/\/i0.wp.com\/www.antstore.net\/shop\/images\/icons\/ants\/substrat.jpg?resize=30%2C30&#038;ssl=1\" alt=\"\" width=\"30\" height=\"30\" \/><\/strong><\/td>\n<td><b><strong>Farma: <\/strong><\/b>Piesok a pena <b><strong>Ar\u00e9na: <\/strong><\/b>Piesok, pieso\u010dnat\u00e1 hlina, drevo<\/td>\n<\/tr>\n<tr>\n<td><strong>V\u00fdsadba:<\/strong><\/td>\n<td><img data-recalc-dims=\"1\" loading=\"lazy\" decoding=\"async\" src=\"https:\/\/i0.wp.com\/www.antstore.net\/shop\/images\/icons\/ants\/bepflanzung.jpg?resize=30%2C30&#038;ssl=1\" alt=\"\" width=\"30\" height=\"30\" \/><\/td>\n<td>podobne ako lesn\u00e9 plochy s machom, tr\u00e1vou a in\u00fdmi rastlinami<\/td>\n<\/tr>\n<tr>\n<td><strong>Dekor\u00e1cie:<\/strong><\/td>\n<td><img data-recalc-dims=\"1\" loading=\"lazy\" decoding=\"async\" src=\"https:\/\/i0.wp.com\/www.antstore.net\/shop\/images\/icons\/ants\/dekoration.jpg?resize=30%2C30&#038;ssl=1\" alt=\"\" width=\"30\" height=\"30\" \/><\/td>\n<td>Pobo\u010dky, korene, stromy,<\/td>\n<\/tr>\n<tr>\n<td><strong>Popis: V s\u00fa\u010dasnosti je na trhu viac ako 10 000 zariaden\u00ed, ktor\u00e9 s\u00fa ur\u010den\u00e9 na predaj:<\/strong><\/td>\n<td><img data-recalc-dims=\"1\" loading=\"lazy\" decoding=\"async\" src=\"https:\/\/i0.wp.com\/www.antstore.net\/shop\/images\/icons\/ants\/beschreibung.jpg?resize=30%2C30&#038;ssl=1\" alt=\"\" width=\"30\" height=\"30\" \/><\/td>\n<td>Kol\u00f3nia je tvrd\u00e1, dobre opevnen\u00e1, akt\u00edvna a trochu agres\u00edvna, nen\u00e1ro\u010dn\u00e1 na \u00fadr\u017ebu. M\u00f4\u017eu v\u00e1s pichn\u00fa\u0165, ke\u010f sa c\u00edtia pod tlakom (podobne ako \u017eih\u013eava)<\/td>\n<\/tr>\n<tr>\n<td><strong>V\u00fdvoj:<\/strong><\/td>\n<td><strong><img data-recalc-dims=\"1\" loading=\"lazy\" decoding=\"async\" src=\"https:\/\/i0.wp.com\/www.antstore.net\/shop\/images\/icons\/ants\/entwicklung.jpg?resize=30%2C30&#038;ssl=1\" alt=\"\" width=\"30\" height=\"30\" \/><\/strong><\/td>\n<td><strong>Svadobn\u00fd let:\u00a0 <\/strong>po\u010das tepl\u00fdch dn\u00ed od augusta do septembra medzi 15:00h a 22:00h<br \/>\n<strong>Nad\u00e1cia:\u00a0 <\/strong>semiklaustr\u00e1lne (kr\u00e1\u013eovn\u00e1 zbiera potravu) alebo adopciou z vaj\u00ed\u010dka na dospel\u00fa robotnicu pribli\u017ene 6 t\u00fd\u017ed\u0148ov (v z\u00e1vislosti od teploty).<br \/>\n<strong>Ve\u013ekos\u0165 kol\u00f3nie: <\/strong>nieko\u013eko 1000 os\u00f4b<\/td>\n<\/tr>\n<tr>\n<td><strong>Mno\u017estvo:<\/strong><\/td>\n<td><img data-recalc-dims=\"1\" loading=\"lazy\" decoding=\"async\" src=\"https:\/\/i0.wp.com\/www.antstore.net\/shop\/images\/icons\/ants\/menge.jpg?resize=30%2C30&#038;ssl=1\" alt=\"\" width=\"30\" height=\"30\" \/><\/td>\n<td>jedna oplodnen\u00e1 kr\u00e1\u013eovn\u00e1 s robotnicami (pozri v\u00fdber); ml\u00e1\u010fat\u00e1 (v z\u00e1vislosti od sez\u00f3ny a v\u00fdvoja)<\/td>\n<\/tr>\n<tr>\n<td><strong>Webov\u00e9 odkazy:<\/strong><\/td>\n<td><a href=\"http:\/\/www.antstore.net\/viewforum.php?f=9\"><span style=\"color: #0000ff;\"><img data-recalc-dims=\"1\" loading=\"lazy\" decoding=\"async\" src=\"https:\/\/i0.wp.com\/www.antstore.net\/shop\/images\/icons\/ants\/weblinks.jpg?resize=30%2C30&#038;ssl=1\" alt=\"\" width=\"30\" height=\"30\" \/><\/span><\/a><\/td>\n<td><a href=\"http:\/\/www.antstore.net\/viewforum.php?f=124\"><span style=\"color: #0000ff;\">- F\u00f3rum<\/span><\/a><\/p>\n<p><span style=\"color: #0000ff;\"><a href=\"http:\/\/www.antweb.org\/description.do?name=mimicus&amp;genus=myrmecocystus&amp;rank=species&amp;project=bajaants\">- Odkaz na zdroj<\/a><\/span><\/td>\n<\/tr>\n<\/tbody>\n<\/table>\n<p>&nbsp;<\/p>","protected":false},"excerpt":{"rendered":"<p>Udr\u017eiavanie \u00farovne 1<br \/>\nVe\u013ekos\u0165:<span style=\"color: #000000;\"> <strong>S <\/strong><strong>&#8211;<\/strong>\u00a0<strong><span style=\"color: #339966;\">M<\/span><\/strong><\/span><\/p>","protected":false},"featured_media":3318,"comment_status":"open","ping_status":"closed","template":"","meta":{"_acf_changed":false,"content-type":"","_monsterinsights_skip_tracking":false,"_monsterinsights_sitenote_active":false,"_monsterinsights_sitenote_note":"","_monsterinsights_sitenote_category":0},"product_brand":[],"product_cat":[107,112,108,109],"product_tag":[],"class_list":{"0":"post-3276","1":"product","2":"type-product","3":"status-publish","4":"has-post-thumbnail","6":"product_cat-ants","7":"product_cat-asia","8":"product_cat-northern-europe","9":"product_cat-southern-europe","11":"first","12":"instock","13":"product-type-external"},"acf":[],"aioseo_notices":[],"jetpack_sharing_enabled":true,"_links":{"self":[{"href":"https:\/\/antcube.shop\/sk\/wp-json\/wp\/v2\/product\/3276","targetHints":{"allow":["GET"]}}],"collection":[{"href":"https:\/\/antcube.shop\/sk\/wp-json\/wp\/v2\/product"}],"about":[{"href":"https:\/\/antcube.shop\/sk\/wp-json\/wp\/v2\/types\/product"}],"replies":[{"embeddable":true,"href":"https:\/\/antcube.shop\/sk\/wp-json\/wp\/v2\/comments?post=3276"}],"wp:featuredmedia":[{"embeddable":true,"href":"https:\/\/antcube.shop\/sk\/wp-json\/wp\/v2\/media\/3318"}],"wp:attachment":[{"href":"https:\/\/antcube.shop\/sk\/wp-json\/wp\/v2\/media?parent=3276"}],"wp:term":[{"taxonomy":"product_brand","embeddable":true,"href":"https:\/\/antcube.shop\/sk\/wp-json\/wp\/v2\/product_brand?post=3276"},{"taxonomy":"product_cat","embeddable":true,"href":"https:\/\/antcube.shop\/sk\/wp-json\/wp\/v2\/product_cat?post=3276"},{"taxonomy":"product_tag","embeddable":true,"href":"https:\/\/antcube.shop\/sk\/wp-json\/wp\/v2\/product_tag?post=3276"}],"curies":[{"name":"wp","href":"https:\/\/api.w.org\/{rel}","templated":true}]}}