{"id":3169,"date":"2021-11-08T10:47:59","date_gmt":"2021-11-08T09:47:59","guid":{"rendered":"https:\/\/antcube.shop\/produkt\/fuhrungsleisten-l-20-2-st\/"},"modified":"2026-04-16T19:23:45","modified_gmt":"2026-04-16T17:23:45","slug":"guide-rails-l-20-2-pcs","status":"publish","type":"product","link":"https:\/\/antcube.shop\/sk\/produkt\/guide-rails-l-20-2-pcs\/","title":{"rendered":"Vodiace li\u0161ty L 20 - 2 ks."},"content":{"rendered":"<p><strong>Rozmery:<\/strong> 4x20x160 mm<\/p>\n<p><strong>Obsah:<\/strong> 2x vodiaca li\u0161ta<\/p>\n<p><strong>Materi\u00e1l:<\/strong> PMMA<\/p>\n<p><strong>Farba:<\/strong> jasn\u00fd, prieh\u013eadn\u00fd<\/p>\n<p><strong>Popis: V s\u00fa\u010dasnosti je na trhu viac ako 10 000 zariaden\u00ed, ktor\u00e9 s\u00fa ur\u010den\u00e9 na predaj:<\/strong> Vodiace li\u0161ty umo\u017e\u0148uj\u00fa presn\u00e9 vlo\u017eenie hniezdnych vlo\u017eiek \/ hniezdnych dosiek do kombi ar\u00e9n alebo stenov\u00fdch fariem so \u0161\u00edrkou hniezda L alebo 20 mm.<\/p>","protected":false},"excerpt":{"rendered":"<p>Pre korkov\u00e9 a sadrov\u00e9 hniezda pri umiestnen\u00ed do kombinovan\u00e9ho zariadenia ANTCUBE<\/p>","protected":false},"featured_media":2994,"comment_status":"open","ping_status":"closed","template":"","meta":{"_acf_changed":false,"content-type":"","_monsterinsights_skip_tracking":false,"_monsterinsights_sitenote_active":false,"_monsterinsights_sitenote_note":"","_monsterinsights_sitenote_category":0},"product_brand":[],"product_cat":[119,239],"product_tag":[],"class_list":{"0":"post-3169","1":"product","2":"type-product","3":"status-publish","4":"has-post-thumbnail","6":"product_cat-formicarium-components","7":"product_cat-useful-additions","9":"first","10":"instock","11":"taxable","12":"shipping-taxable","13":"purchasable","14":"product-type-simple"},"acf":[],"aioseo_notices":[],"jetpack_sharing_enabled":true,"_links":{"self":[{"href":"https:\/\/antcube.shop\/sk\/wp-json\/wp\/v2\/product\/3169","targetHints":{"allow":["GET"]}}],"collection":[{"href":"https:\/\/antcube.shop\/sk\/wp-json\/wp\/v2\/product"}],"about":[{"href":"https:\/\/antcube.shop\/sk\/wp-json\/wp\/v2\/types\/product"}],"replies":[{"embeddable":true,"href":"https:\/\/antcube.shop\/sk\/wp-json\/wp\/v2\/comments?post=3169"}],"wp:featuredmedia":[{"embeddable":true,"href":"https:\/\/antcube.shop\/sk\/wp-json\/wp\/v2\/media\/2994"}],"wp:attachment":[{"href":"https:\/\/antcube.shop\/sk\/wp-json\/wp\/v2\/media?parent=3169"}],"wp:term":[{"taxonomy":"product_brand","embeddable":true,"href":"https:\/\/antcube.shop\/sk\/wp-json\/wp\/v2\/product_brand?post=3169"},{"taxonomy":"product_cat","embeddable":true,"href":"https:\/\/antcube.shop\/sk\/wp-json\/wp\/v2\/product_cat?post=3169"},{"taxonomy":"product_tag","embeddable":true,"href":"https:\/\/antcube.shop\/sk\/wp-json\/wp\/v2\/product_tag?post=3169"}],"curies":[{"name":"wp","href":"https:\/\/api.w.org\/{rel}","templated":true}]}}