{"id":3168,"date":"2021-11-08T10:47:51","date_gmt":"2021-11-08T09:47:51","guid":{"rendered":"https:\/\/antcube.shop\/produkt\/glaswanne-20x20\/"},"modified":"2026-04-10T09:16:17","modified_gmt":"2026-04-10T07:16:17","slug":"glaswanne-20x20","status":"publish","type":"product","link":"https:\/\/antcube.shop\/sk\/produkt\/glaswanne-20x20\/","title":{"rendered":"Sklenen\u00e1 va\u0148a 20\u00d720"},"content":{"rendered":"<p><strong>Rozmery:<\/strong> 22 x 22 x 2 cm<br \/>\n<strong>Vn\u00fatorn\u00fd rozmer:<\/strong> 21 x 21 x 1,6 cm<\/p>\n<p><strong>Obsah:<\/strong><br \/>\n1x va\u0148a 22x22x2 cm zo 4 mm plaven\u00e9ho skla.<\/p>\n<p><strong>Popis: V s\u00fa\u010dasnosti je na trhu viac ako 10 000 zariaden\u00ed, ktor\u00e9 s\u00fa ur\u010den\u00e9 na predaj:<\/strong><br \/>\nSklenen\u00e1 va\u0148a nem\u00e1 \u017eiadne otvory, je vodotesne nalepen\u00e1, a preto ju mo\u017eno naplni\u0165 aj vodou. Bola navrhnut\u00e1 pre na\u0161e hniezda Ytong pre mravce. Tie sa daj\u00fa \u013eahko polieva\u0165 a premiest\u0148ova\u0165 bez toho, aby sa voda dostala na podkladov\u00fa plochu (st\u00f4l, skrinka at\u010f.) alebo aby drsn\u00fd Ytong nepo\u0161kriabal podkladov\u00e9 plochy. Volite\u013ene mo\u017eno r\u00f4zne hniezda umiestni\u0165 centr\u00e1lne ako ostrov\u010dek.<\/p>","protected":false},"excerpt":{"rendered":"<p>Sklenen\u00e1 va\u0148a pre na\u0161e hniezdo Ytong 20\u00d720<\/p>","protected":false},"featured_media":3005,"comment_status":"open","ping_status":"closed","template":"","meta":{"_acf_changed":false,"content-type":"","_monsterinsights_skip_tracking":false,"_monsterinsights_sitenote_active":false,"_monsterinsights_sitenote_note":"","_monsterinsights_sitenote_category":0},"product_brand":[],"product_cat":[119,239],"product_tag":[],"class_list":{"0":"post-3168","1":"product","2":"type-product","3":"status-publish","4":"has-post-thumbnail","6":"product_cat-formicarium-components","7":"product_cat-useful-additions","9":"first","10":"instock","11":"taxable","12":"shipping-taxable","13":"purchasable","14":"product-type-simple"},"acf":[],"aioseo_notices":[],"jetpack_sharing_enabled":true,"_links":{"self":[{"href":"https:\/\/antcube.shop\/sk\/wp-json\/wp\/v2\/product\/3168","targetHints":{"allow":["GET"]}}],"collection":[{"href":"https:\/\/antcube.shop\/sk\/wp-json\/wp\/v2\/product"}],"about":[{"href":"https:\/\/antcube.shop\/sk\/wp-json\/wp\/v2\/types\/product"}],"replies":[{"embeddable":true,"href":"https:\/\/antcube.shop\/sk\/wp-json\/wp\/v2\/comments?post=3168"}],"wp:featuredmedia":[{"embeddable":true,"href":"https:\/\/antcube.shop\/sk\/wp-json\/wp\/v2\/media\/3005"}],"wp:attachment":[{"href":"https:\/\/antcube.shop\/sk\/wp-json\/wp\/v2\/media?parent=3168"}],"wp:term":[{"taxonomy":"product_brand","embeddable":true,"href":"https:\/\/antcube.shop\/sk\/wp-json\/wp\/v2\/product_brand?post=3168"},{"taxonomy":"product_cat","embeddable":true,"href":"https:\/\/antcube.shop\/sk\/wp-json\/wp\/v2\/product_cat?post=3168"},{"taxonomy":"product_tag","embeddable":true,"href":"https:\/\/antcube.shop\/sk\/wp-json\/wp\/v2\/product_tag?post=3168"}],"curies":[{"name":"wp","href":"https:\/\/api.w.org\/{rel}","templated":true}]}}