{"id":3164,"date":"2021-11-08T10:47:18","date_gmt":"2021-11-08T09:47:18","guid":{"rendered":"https:\/\/antcube.shop\/produkt\/fotoruckwand-regenwald-20x20-cube\/"},"modified":"2026-04-04T12:46:28","modified_gmt":"2026-04-04T10:46:28","slug":"foto-zadna-stena-dazdovy-les-20x20","status":"publish","type":"product","link":"https:\/\/antcube.shop\/sk\/produkt\/foto-zadna-stena-dazdovy-les-20x20\/","title":{"rendered":"Fotostena - Da\u017e\u010fov\u00fd prales - 20\u00d720"},"content":{"rendered":"<p><strong>Rozmery:<\/strong> 20x20cm<\/p>\n<p><strong>Materi\u00e1l:<\/strong> Leskl\u00fd f\u00f3liov\u00fd papier<\/p>\n<p><strong>Obsah:<\/strong> 1x zadn\u00e1 stena s fotografiou<\/p>\n<p><strong>Popis: V s\u00fa\u010dasnosti je na trhu viac ako 10 000 zariaden\u00ed, ktor\u00e9 s\u00fa ur\u010den\u00e9 na predaj:<\/strong> T\u00e1to fotostena je prilepen\u00e1 na zadn\u00fa stenu formik\u00e1ria z vonkaj\u0161ej strany, aby vytv\u00e1rala dojem prostredia, ktor\u00e9 zodpoved\u00e1 prirodzen\u00e9mu prostrediu mravcov.<\/p>","protected":false},"excerpt":{"rendered":"<p>Rozmery: Materi\u00e1l: 20x20cm Obsah: leskl\u00fd papier s f\u00f3liou: Obsah: 1x fotografick\u00e1 zadn\u00e1 stena Popis: T\u00e1to fotostena sa nalep\u00ed na zadn\u00fa stranu formik\u00e1ria z vonkaj\u0161ej strany, aby vytvorila dojem prostredia, ktor\u00e9 zodpoved\u00e1 prirodzen\u00e9mu prostrediu mravcov.<\/p>","protected":false},"featured_media":3133,"comment_status":"open","ping_status":"closed","template":"","meta":{"_acf_changed":false,"content-type":"","_monsterinsights_skip_tracking":false,"_monsterinsights_sitenote_active":false,"_monsterinsights_sitenote_note":"","_monsterinsights_sitenote_category":0},"product_brand":[],"product_cat":[97,106],"product_tag":[],"class_list":{"0":"post-3164","1":"product","2":"type-product","3":"status-publish","4":"has-post-thumbnail","6":"product_cat-photo-backwalls","7":"product_cat-rainforest-photo-backwall","9":"first","10":"instock","11":"taxable","12":"shipping-taxable","13":"purchasable","14":"product-type-simple"},"acf":[],"aioseo_notices":[],"jetpack_sharing_enabled":true,"_links":{"self":[{"href":"https:\/\/antcube.shop\/sk\/wp-json\/wp\/v2\/product\/3164","targetHints":{"allow":["GET"]}}],"collection":[{"href":"https:\/\/antcube.shop\/sk\/wp-json\/wp\/v2\/product"}],"about":[{"href":"https:\/\/antcube.shop\/sk\/wp-json\/wp\/v2\/types\/product"}],"replies":[{"embeddable":true,"href":"https:\/\/antcube.shop\/sk\/wp-json\/wp\/v2\/comments?post=3164"}],"wp:featuredmedia":[{"embeddable":true,"href":"https:\/\/antcube.shop\/sk\/wp-json\/wp\/v2\/media\/3133"}],"wp:attachment":[{"href":"https:\/\/antcube.shop\/sk\/wp-json\/wp\/v2\/media?parent=3164"}],"wp:term":[{"taxonomy":"product_brand","embeddable":true,"href":"https:\/\/antcube.shop\/sk\/wp-json\/wp\/v2\/product_brand?post=3164"},{"taxonomy":"product_cat","embeddable":true,"href":"https:\/\/antcube.shop\/sk\/wp-json\/wp\/v2\/product_cat?post=3164"},{"taxonomy":"product_tag","embeddable":true,"href":"https:\/\/antcube.shop\/sk\/wp-json\/wp\/v2\/product_tag?post=3164"}],"curies":[{"name":"wp","href":"https:\/\/api.w.org\/{rel}","templated":true}]}}