{"id":3162,"date":"2021-11-08T10:46:52","date_gmt":"2021-11-08T09:46:52","guid":{"rendered":"https:\/\/antcube.shop\/produkt\/antcube-eck-plattform-8x8-magnet\/"},"modified":"2026-04-14T14:05:22","modified_gmt":"2026-04-14T12:05:22","slug":"antcube-eck-plattform-8x8-magnet","status":"publish","type":"product","link":"https:\/\/antcube.shop\/sk\/produkt\/antcube-eck-plattform-8x8-magnet\/","title":{"rendered":"Rohov\u00e1 plo\u0161ina ANTCUBE 8\u00d78 - magnetick\u00e1"},"content":{"rendered":"<p><strong>Rozmery:<\/strong> 80 x 80 x 22 mm<\/p>\n<p><strong>Materi\u00e1l:<\/strong> akrylov\u00e9 sklo<\/p>\n<p><strong>Farba:<\/strong> transparentn\u00e9<\/p>\n<p><strong>Obsah:<\/strong> 1 ks (3 \u010dasti)<\/p>\n<p><strong>Popis: V s\u00fa\u010dasnosti je na trhu viac ako 10 000 zariaden\u00ed, ktor\u00e9 s\u00fa ur\u010den\u00e9 na predaj:<\/strong><br \/>\nRohov\u00fa plo\u0161inu ANTCUBE 8 \u00d7 8 - magnetick\u00fa mo\u017eno pomocou magnetov upevni\u0165 v akomko\u013evek formik\u00e1riu. Je vhodn\u00e1 najm\u00e4 v na\u0161ich vy\u0161\u0161\u00edch formik\u00e1ri\u00e1ch ANTCUBE, aby ste na \u0148u mohli umiestni\u0165 k\u0155midl\u00e1, misky alebo nap\u00e1ja\u010dky.<br \/>\nRohov\u00fa plo\u0161inu ANTCUBE 8 \u00d7 8 - magnetick\u00fa mo\u017eno premiestni\u0165 do po\u017eadovanej v\u00fd\u0161ky alebo h\u013abky pripevnen\u00edm zvonku pomocou magnetov.<\/p>\n<p><strong>Upozornenie:<\/strong><br \/>\nV d\u00f4sledku v\u00fdrobn\u00e9ho procesu sa na \u010dastiach magnetu m\u00f4\u017eu vyskytn\u00fa\u0165 mierne a\u017e stredne ve\u013ek\u00e9 praskliny.<\/p>\n<p>&nbsp;<\/p>","protected":false},"excerpt":{"rendered":"<p>Rozmery: Materi\u00e1l: akrylov\u00e9 sklo Farba: prieh\u013eadn\u00e1 Obsah: (3 diely) Popis: 1 ks: ANTCUBE rohov\u00e1 plo\u0161ina 8x8 - magnetick\u00e1 sa d\u00e1 pomocou magnetov upevni\u0165 v akomko\u013evek formik\u00e1riu. Je vhodn\u00e1 najm\u00e4 do na\u0161ich vy\u0161\u0161\u00edch formik\u00e1ri\u00ed ANTCUBE, aby ste na \u0148u mohli umiestni\u0165 k\u0155midl\u00e1, misky alebo nap\u00e1ja\u010dky. Na str\u00e1nke","protected":false},"featured_media":3140,"comment_status":"open","ping_status":"closed","template":"","meta":{"_acf_changed":false,"content-type":"","_monsterinsights_skip_tracking":false,"_monsterinsights_sitenote_active":false,"_monsterinsights_sitenote_note":"","_monsterinsights_sitenote_category":0},"product_brand":[],"product_cat":[119,239],"product_tag":[],"class_list":{"0":"post-3162","1":"product","2":"type-product","3":"status-publish","4":"has-post-thumbnail","6":"product_cat-formicarium-components","7":"product_cat-useful-additions","9":"first","10":"instock","11":"taxable","12":"shipping-taxable","13":"purchasable","14":"product-type-simple"},"acf":[],"aioseo_notices":[],"jetpack_sharing_enabled":true,"_links":{"self":[{"href":"https:\/\/antcube.shop\/sk\/wp-json\/wp\/v2\/product\/3162","targetHints":{"allow":["GET"]}}],"collection":[{"href":"https:\/\/antcube.shop\/sk\/wp-json\/wp\/v2\/product"}],"about":[{"href":"https:\/\/antcube.shop\/sk\/wp-json\/wp\/v2\/types\/product"}],"replies":[{"embeddable":true,"href":"https:\/\/antcube.shop\/sk\/wp-json\/wp\/v2\/comments?post=3162"}],"wp:featuredmedia":[{"embeddable":true,"href":"https:\/\/antcube.shop\/sk\/wp-json\/wp\/v2\/media\/3140"}],"wp:attachment":[{"href":"https:\/\/antcube.shop\/sk\/wp-json\/wp\/v2\/media?parent=3162"}],"wp:term":[{"taxonomy":"product_brand","embeddable":true,"href":"https:\/\/antcube.shop\/sk\/wp-json\/wp\/v2\/product_brand?post=3162"},{"taxonomy":"product_cat","embeddable":true,"href":"https:\/\/antcube.shop\/sk\/wp-json\/wp\/v2\/product_cat?post=3162"},{"taxonomy":"product_tag","embeddable":true,"href":"https:\/\/antcube.shop\/sk\/wp-json\/wp\/v2\/product_tag?post=3162"}],"curies":[{"name":"wp","href":"https:\/\/api.w.org\/{rel}","templated":true}]}}