{"id":3161,"date":"2021-11-08T10:46:44","date_gmt":"2021-11-08T09:46:44","guid":{"rendered":"https:\/\/antcube.shop\/produkt\/malvenbluten-100g-getrocknet\/"},"modified":"2026-04-21T18:47:05","modified_gmt":"2026-04-21T16:47:05","slug":"slez-kvety-100g-susene","status":"publish","type":"product","link":"https:\/\/antcube.shop\/sk\/produkt\/slez-kvety-100g-susene\/","title":{"rendered":"Kvety slezov 100g - su\u0161en\u00e9"},"content":{"rendered":"<p><strong>Obsah:<\/strong><br \/>\n100 g su\u0161en\u00fdch sl\u00e9zov\u00fdch kvetov<\/p>\n<p><strong>Popis: V s\u00fa\u010dasnosti je na trhu viac ako 10 000 zariaden\u00ed, ktor\u00e9 s\u00fa ur\u010den\u00e9 na predaj:<\/strong><br \/>\nKvety slezov ako \u017eivn\u00e1 p\u00f4da pre druhy mravcov, ktor\u00e9 sa rozmno\u017euj\u00fa hubami. Je to \u010disto pr\u00edrodn\u00fd produkt.<\/p>\n<p><strong>Pou\u017eitie:<\/strong><br \/>\nKvety slezov = pre druhy mravcov, ktor\u00e9 sa rozmno\u017euj\u00fa hubami.<br \/>\nSuch\u00e9 okvetn\u00e9 l\u00edstky sl\u00fa\u017eia len ako \u017eivn\u00e1 p\u00f4da pre huby mravcov listn\u00e1\u010dov (odpor\u00fa\u010da sa z\u00e1rove\u0148 pon\u00faknu\u0165 \u010derstv\u00e9 l\u00edstky ako zvlh\u010dova\u010d).<br \/>\nKvety, ktor\u00e9 sa maj\u00fa k\u0155mi\u0165, jednoducho vlo\u017ete do komory so such\u00fdm krmivom.<\/p>\n<p><strong>Skladovanie:<\/strong><br \/>\nV suchom prostred\u00ed<\/p>\n<p><strong>Obsahuje:<\/strong><br \/>\n100% su\u0161en\u00e9 kvety slezov<\/p>","protected":false},"excerpt":{"rendered":"<p>Obsah: Obsahuje 100 g su\u0161en\u00fdch kvetov slezovca Popis: Sliezov\u00e9 kvety ako \u017eivn\u00e1 p\u00f4da pre druhy mravcov, ktor\u00e9 sa mno\u017eia hubami. Ide o \u010disto pr\u00edrodn\u00fd produkt. Pou\u017eitie: Sliezov\u00e9 kvety = pre druhy mravcov rozmno\u017euj\u00face huby. Such\u00e9 kvety sl\u00fa\u017eia len ako \u017eivn\u00e1 p\u00f4da pre huby mravcov listn\u00e1\u010dov (pon\u00fakaj\u00face \u010derstv\u00e9 listy ako zvlh\u010dova\u010d z\u00e1rove\u0148 [...]","protected":false},"featured_media":5483,"comment_status":"open","ping_status":"closed","template":"","meta":{"_acf_changed":false,"content-type":"","_monsterinsights_skip_tracking":false,"_monsterinsights_sitenote_active":false,"_monsterinsights_sitenote_note":"","_monsterinsights_sitenote_category":0},"product_brand":[],"product_cat":[115,116],"product_tag":[],"class_list":{"0":"post-3161","1":"product","2":"type-product","3":"status-publish","4":"has-post-thumbnail","6":"product_cat-food-and-feeding","7":"product_cat-food","9":"first","10":"instock","11":"taxable","12":"shipping-taxable","13":"purchasable","14":"product-type-simple"},"acf":[],"aioseo_notices":[],"jetpack_sharing_enabled":true,"_links":{"self":[{"href":"https:\/\/antcube.shop\/sk\/wp-json\/wp\/v2\/product\/3161","targetHints":{"allow":["GET"]}}],"collection":[{"href":"https:\/\/antcube.shop\/sk\/wp-json\/wp\/v2\/product"}],"about":[{"href":"https:\/\/antcube.shop\/sk\/wp-json\/wp\/v2\/types\/product"}],"replies":[{"embeddable":true,"href":"https:\/\/antcube.shop\/sk\/wp-json\/wp\/v2\/comments?post=3161"}],"wp:featuredmedia":[{"embeddable":true,"href":"https:\/\/antcube.shop\/sk\/wp-json\/wp\/v2\/media\/5483"}],"wp:attachment":[{"href":"https:\/\/antcube.shop\/sk\/wp-json\/wp\/v2\/media?parent=3161"}],"wp:term":[{"taxonomy":"product_brand","embeddable":true,"href":"https:\/\/antcube.shop\/sk\/wp-json\/wp\/v2\/product_brand?post=3161"},{"taxonomy":"product_cat","embeddable":true,"href":"https:\/\/antcube.shop\/sk\/wp-json\/wp\/v2\/product_cat?post=3161"},{"taxonomy":"product_tag","embeddable":true,"href":"https:\/\/antcube.shop\/sk\/wp-json\/wp\/v2\/product_tag?post=3161"}],"curies":[{"name":"wp","href":"https:\/\/api.w.org\/{rel}","templated":true}]}}