{"id":3159,"date":"2021-11-08T10:46:28","date_gmt":"2021-11-08T09:46:28","guid":{"rendered":"https:\/\/antcube.shop\/produkt\/rosenblutenblatter-100g-getrocknet\/"},"modified":"2026-04-02T09:54:04","modified_gmt":"2026-04-02T07:54:04","slug":"okvetne-listky-ruzi-100g-susene","status":"publish","type":"product","link":"https:\/\/antcube.shop\/sk\/produkt\/okvetne-listky-ruzi-100g-susene\/","title":{"rendered":"Okvetn\u00e9 l\u00edstky ru\u017e\u00ed 100g - su\u0161en\u00e9"},"content":{"rendered":"<p><strong>Obsah:<\/strong><br \/>\n100 g su\u0161en\u00fdch okvetn\u00fdch l\u00edstkov ru\u017e\u00ed<\/p>\n<p><strong>Popis: V s\u00fa\u010dasnosti je na trhu viac ako 10 000 zariaden\u00ed, ktor\u00e9 s\u00fa ur\u010den\u00e9 na predaj:<\/strong><br \/>\nOkvetn\u00e9 l\u00edstky ru\u017e\u00ed ako \u017eivn\u00e1 p\u00f4da pre druhy mravcov, ktor\u00e9 sa mno\u017eia hubami. Ide o \u010disto pr\u00edrodn\u00fd produkt.<\/p>\n<p><strong>Pou\u017eitie:<\/strong><br \/>\nOkvetn\u00e9 l\u00edstky ru\u017e\u00ed = pre druhy mravcov, ktor\u00e9 sa mno\u017eia hubami.<br \/>\nSuch\u00e9 okvetn\u00e9 l\u00edstky sl\u00fa\u017eia len ako \u017eivn\u00e1 p\u00f4da pre huby mravcov listn\u00e1\u010dov (odpor\u00fa\u010da sa z\u00e1rove\u0148 pon\u00faknu\u0165 \u010derstv\u00e9 l\u00edstky ako zvlh\u010dova\u010d).<br \/>\nOkvetn\u00e9 l\u00edstky, ktor\u00fdmi sa m\u00e1 k\u0155mi\u0165, jednoducho vlo\u017ete do komory so such\u00fdm krmivom.<\/p>\n<p><strong>Skladovanie:<\/strong><br \/>\nV suchom prostred\u00ed<\/p>\n<p><strong>Obsahuje:<\/strong><br \/>\n100% su\u0161en\u00e9 okvetn\u00e9 l\u00edstky ru\u017e\u00ed<\/p>","protected":false},"excerpt":{"rendered":"<p>Contents: 100g dried rose petals Description: Rose petals as a breeding ground for fungus-breeding ant species. It is a purely natural product. Usage: Rose petals = for fungus breeding ant species. The dry petals only serve as a breeding ground for the fungus of leafcutter ants (offering fresh leafs as a moisturizer at the same [&#8230;]","protected":false},"featured_media":5485,"comment_status":"open","ping_status":"closed","template":"","meta":{"_acf_changed":false,"content-type":"","_monsterinsights_skip_tracking":false,"_monsterinsights_sitenote_active":false,"_monsterinsights_sitenote_note":"","_monsterinsights_sitenote_category":0},"product_brand":[],"product_cat":[115,116],"product_tag":[],"class_list":{"0":"post-3159","1":"product","2":"type-product","3":"status-publish","4":"has-post-thumbnail","6":"product_cat-food-and-feeding","7":"product_cat-food","9":"first","10":"instock","11":"taxable","12":"shipping-taxable","13":"purchasable","14":"product-type-simple"},"acf":[],"aioseo_notices":[],"jetpack_sharing_enabled":true,"_links":{"self":[{"href":"https:\/\/antcube.shop\/sk\/wp-json\/wp\/v2\/product\/3159","targetHints":{"allow":["GET"]}}],"collection":[{"href":"https:\/\/antcube.shop\/sk\/wp-json\/wp\/v2\/product"}],"about":[{"href":"https:\/\/antcube.shop\/sk\/wp-json\/wp\/v2\/types\/product"}],"replies":[{"embeddable":true,"href":"https:\/\/antcube.shop\/sk\/wp-json\/wp\/v2\/comments?post=3159"}],"wp:featuredmedia":[{"embeddable":true,"href":"https:\/\/antcube.shop\/sk\/wp-json\/wp\/v2\/media\/5485"}],"wp:attachment":[{"href":"https:\/\/antcube.shop\/sk\/wp-json\/wp\/v2\/media?parent=3159"}],"wp:term":[{"taxonomy":"product_brand","embeddable":true,"href":"https:\/\/antcube.shop\/sk\/wp-json\/wp\/v2\/product_brand?post=3159"},{"taxonomy":"product_cat","embeddable":true,"href":"https:\/\/antcube.shop\/sk\/wp-json\/wp\/v2\/product_cat?post=3159"},{"taxonomy":"product_tag","embeddable":true,"href":"https:\/\/antcube.shop\/sk\/wp-json\/wp\/v2\/product_tag?post=3159"}],"curies":[{"name":"wp","href":"https:\/\/api.w.org\/{rel}","templated":true}]}}