{"id":3158,"date":"2021-11-08T10:46:20","date_gmt":"2021-11-08T09:46:20","guid":{"rendered":"https:\/\/antcube.shop\/produkt\/zuckerlosung-in-2ml-futterrohrchen-10-st\/"},"modified":"2026-04-21T18:47:05","modified_gmt":"2026-04-21T16:47:05","slug":"cukrovy-roztok-v-2-ml-krmnych-skumavkach","status":"publish","type":"product","link":"https:\/\/antcube.shop\/sk\/produkt\/cukrovy-roztok-v-2-ml-krmnych-skumavkach\/","title":{"rendered":"Roztok cukru v 2ml pod\u00e1vacej sk\u00famavke - 10 ks."},"content":{"rendered":"<p><strong>Obsah:<\/strong> 10x 2 ml<\/p>\n<p><strong>Popis: V s\u00fa\u010dasnosti je na trhu viac ako 10 000 zariaden\u00ed, ktor\u00e9 s\u00fa ur\u010den\u00e9 na predaj:<\/strong> Cukrov\u00fd roztok je doplnkov\u00e9 krmivo k ostatn\u00fdm krmiv\u00e1m.<\/p>\n<p><strong>Pou\u017eitie:<\/strong><br \/>\nCukrov\u00fd roztok = pre druhy mravcov, ktor\u00e9 sa \u017eivia cukrom.<br \/>\nIde o doplnkov\u00e9 krmivo (jednorazov\u00e9 krmivo)<br \/>\nM\u00f4\u017ee sa pon\u00faka\u0165 zvierat\u00e1m v dodanom stave. M\u00f4\u017ee sa pou\u017e\u00edva\u0165 a\u017e do vyschnutia cukru. Pred op\u00e4tovn\u00fdm pou\u017eit\u00edm d\u00f4kladne vy\u010distite k\u0155mnu misku\/r\u00farku.<br \/>\nOtvoren\u00e9 balenie sa m\u00f4\u017ee pou\u017e\u00edva\u0165 pevne uzavret\u00e9 a\u017e do uveden\u00e9ho d\u00e1tumu spotreby.<\/p>\n<p><strong>Obsahuje:<\/strong><br \/>\nInverzn\u00fd cukor 55%<br \/>\nSachar\u00f3za 45%<\/p>\n<p><strong>Skladovanie:<\/strong> aby sa zabezpe\u010dila kvalita krmiva, malo by sa skladova\u0165 na tmavom a suchom mieste.<\/p>\n<p><strong>Upozornenie:<\/strong><br \/>\nInform\u00e1cie o pou\u017e\u00edvan\u00ed pr\u00edvodn\u00fdch r\u00farok n\u00e1jdete tu: Odkaz<br \/>\nZlo\u017eenie, analytick\u00e9 zlo\u017eky, d\u00e1tum minim\u00e1lnej trvanlivosti a \u010d\u00edslo \u0161ar\u017ee n\u00e1jdete v pr\u00edbalovom let\u00e1ku.<\/p>\n<p>Informa\u010dn\u00e1 linka +49 30 439703870<\/p>\n<p>Zodpovedn\u00fd org\u00e1n veterin\u00e1rneho a potravinov\u00e9ho dozoru:<br \/>\nVeterin\u00e1rna kancel\u00e1ria Steglitz<br \/>\nK\u00f6nigin-Luise-Str. 92<br \/>\n14195 Berl\u00edn<\/p>","protected":false},"excerpt":{"rendered":"<p>Doplnkov\u00e9 potraviny<\/p>","protected":false},"featured_media":3147,"comment_status":"open","ping_status":"closed","template":"","meta":{"_acf_changed":false,"content-type":"","_monsterinsights_skip_tracking":false,"_monsterinsights_sitenote_active":false,"_monsterinsights_sitenote_note":"","_monsterinsights_sitenote_category":0},"product_brand":[],"product_cat":[115,116],"product_tag":[],"class_list":{"0":"post-3158","1":"product","2":"type-product","3":"status-publish","4":"has-post-thumbnail","6":"product_cat-food-and-feeding","7":"product_cat-food","9":"first","10":"instock","11":"taxable","12":"shipping-taxable","13":"purchasable","14":"product-type-simple"},"acf":[],"aioseo_notices":[],"jetpack_sharing_enabled":true,"_links":{"self":[{"href":"https:\/\/antcube.shop\/sk\/wp-json\/wp\/v2\/product\/3158","targetHints":{"allow":["GET"]}}],"collection":[{"href":"https:\/\/antcube.shop\/sk\/wp-json\/wp\/v2\/product"}],"about":[{"href":"https:\/\/antcube.shop\/sk\/wp-json\/wp\/v2\/types\/product"}],"replies":[{"embeddable":true,"href":"https:\/\/antcube.shop\/sk\/wp-json\/wp\/v2\/comments?post=3158"}],"wp:featuredmedia":[{"embeddable":true,"href":"https:\/\/antcube.shop\/sk\/wp-json\/wp\/v2\/media\/3147"}],"wp:attachment":[{"href":"https:\/\/antcube.shop\/sk\/wp-json\/wp\/v2\/media?parent=3158"}],"wp:term":[{"taxonomy":"product_brand","embeddable":true,"href":"https:\/\/antcube.shop\/sk\/wp-json\/wp\/v2\/product_brand?post=3158"},{"taxonomy":"product_cat","embeddable":true,"href":"https:\/\/antcube.shop\/sk\/wp-json\/wp\/v2\/product_cat?post=3158"},{"taxonomy":"product_tag","embeddable":true,"href":"https:\/\/antcube.shop\/sk\/wp-json\/wp\/v2\/product_tag?post=3158"}],"curies":[{"name":"wp","href":"https:\/\/api.w.org\/{rel}","templated":true}]}}