{"id":3152,"date":"2021-11-08T10:45:38","date_gmt":"2021-11-08T09:45:38","guid":{"rendered":"https:\/\/antcube.shop\/produkt\/antcube-ameisenfarm-xl-20x20-stehend\/"},"modified":"2026-04-10T09:16:05","modified_gmt":"2026-04-10T07:16:05","slug":"antcube-ameisenfarm-xl-20x20-stehend","status":"publish","type":"product","link":"https:\/\/antcube.shop\/sk\/produkt\/antcube-ameisenfarm-xl-20x20-stehend\/","title":{"rendered":"ANTCUBE - Antfarm - XL - 20\u00d720 - stojaci"},"content":{"rendered":"<p><strong>Rozmery (Dx\u0160xV):<\/strong><br \/>\nvonkaj\u0161ie rozmery:190x58x199 mm<br \/>\nVn\u00fatorn\u00e9 rozmery: 184x50x190 mm<\/p>\n<p><strong>Materi\u00e1l:<\/strong><br \/>\nPl\u00e1vaj\u00face sklo, plast<\/p>\n<p><strong>Farba:<\/strong><br \/>\nkri\u0161t\u00e1\u013eovo \u010dist\u00fd<\/p>\n<p><strong>Obsah:<\/strong><br \/>\n1x mravenisko ANTCUBE - rozstup dosiek 52 mm.<br \/>\n1x kryt na mravenisko XL 20\u00d76<br \/>\n2x z\u00e1str\u010dka 4 mm<\/p>\n<p><strong>Pripojenie:<\/strong><br \/>\nNa oboch stran\u00e1ch n\u00e1jdete 27 mm otvor, tak\u017ee t\u00fato farmu mo\u017eno pripoji\u0165 28 mm hadicou alebo na\u0161ou \"spojkou n\u00e1dr\u017ee s hadicou pre 27 mm otvory\".<br \/>\n2x 4 mm otvory so 4 mm z\u00e1tkami.<\/p>\n<p><strong>Popis: V s\u00fa\u010dasnosti je na trhu viac ako 10 000 zariaden\u00ed, ktor\u00e9 s\u00fa ur\u010den\u00e9 na predaj:<\/strong><br \/>\nT\u00e1to plne transparentn\u00e1 mraven\u010dia farma je vhodn\u00e1 pre <strong>XL<\/strong> ve\u013ekos\u0165 druhov mravcov.<\/p>\n<p><strong>Pozn\u00e1mky k v\u00fdrobe<\/strong><br \/>\nSklo sa br\u00fasi pod\u013ea normy DIN 1249 s toleranciou +\/- 1 mm. V pr\u00edpade extr\u00e9mne mal\u00fdch druhov mravcov je nevyhnutn\u00e1 dodato\u010dn\u00e1 ochrana proti vylomeniu.<\/p>\n<p><strong>Pozn\u00e1mka k farme<\/strong><br \/>\nPri prip\u00e1jan\u00ed had\u00edc dbajte na nasleduj\u00face pokyny:<br \/>\nAk sa r\u00farka ve\u013emi \u0165a\u017eko nasadzuje na puzdro konektora, puzdro by sa malo z\u013eahka potrie\u0165 kvapkou n\u00e1\u0161ho oleja alebo pr\u00e1\u0161ku na ochranu proti vylomeniu. Hadica by sa potom mala nasun\u00fa\u0165 na puzdro kr\u00fatiacimi alebo skrutkovac\u00edmi pohybmi bez za\u0165a\u017eovania puzdra pohybmi nahor a nadol.<\/p>","protected":false},"excerpt":{"rendered":"<p>Ve\u013ekos\u0165: <span style=\"font-size: small;\"><span style=\"font-family: Arial;\"><strong>XL<\/strong><\/span><\/span><\/p>","protected":false},"featured_media":3129,"comment_status":"open","ping_status":"closed","template":"","meta":{"_acf_changed":false,"content-type":"","_monsterinsights_skip_tracking":false,"_monsterinsights_sitenote_active":false,"_monsterinsights_sitenote_note":"","_monsterinsights_sitenote_category":0},"product_brand":[],"product_cat":[80,84],"product_tag":[],"class_list":{"0":"post-3152","1":"product","2":"type-product","3":"status-publish","4":"has-post-thumbnail","6":"product_cat-antfarms","7":"product_cat-antfarms-xl","9":"first","10":"instock","11":"taxable","12":"shipping-taxable","13":"purchasable","14":"product-type-simple"},"acf":[],"aioseo_notices":[],"jetpack_sharing_enabled":true,"_links":{"self":[{"href":"https:\/\/antcube.shop\/sk\/wp-json\/wp\/v2\/product\/3152","targetHints":{"allow":["GET"]}}],"collection":[{"href":"https:\/\/antcube.shop\/sk\/wp-json\/wp\/v2\/product"}],"about":[{"href":"https:\/\/antcube.shop\/sk\/wp-json\/wp\/v2\/types\/product"}],"replies":[{"embeddable":true,"href":"https:\/\/antcube.shop\/sk\/wp-json\/wp\/v2\/comments?post=3152"}],"wp:featuredmedia":[{"embeddable":true,"href":"https:\/\/antcube.shop\/sk\/wp-json\/wp\/v2\/media\/3129"}],"wp:attachment":[{"href":"https:\/\/antcube.shop\/sk\/wp-json\/wp\/v2\/media?parent=3152"}],"wp:term":[{"taxonomy":"product_brand","embeddable":true,"href":"https:\/\/antcube.shop\/sk\/wp-json\/wp\/v2\/product_brand?post=3152"},{"taxonomy":"product_cat","embeddable":true,"href":"https:\/\/antcube.shop\/sk\/wp-json\/wp\/v2\/product_cat?post=3152"},{"taxonomy":"product_tag","embeddable":true,"href":"https:\/\/antcube.shop\/sk\/wp-json\/wp\/v2\/product_tag?post=3152"}],"curies":[{"name":"wp","href":"https:\/\/api.w.org\/{rel}","templated":true}]}}