{"id":3087,"date":"2021-10-21T13:24:43","date_gmt":"2021-10-21T11:24:43","guid":{"rendered":"https:\/\/antcube.shop\/produkt\/tranke-2ml-front-dosierbar\/"},"modified":"2026-04-13T09:29:59","modified_gmt":"2026-04-13T07:29:59","slug":"tranke-2ml-front-dosierbar","status":"publish","type":"product","link":"https:\/\/antcube.shop\/sk\/produkt\/tranke-2ml-front-dosierbar\/","title":{"rendered":"Pitn\u00fd \u017e\u013eab 2 ml - d\u00e1vkovanie spredu"},"content":{"rendered":"<p><strong>Rozmery:<\/strong> 30x40x52 mm, 2 ml<\/p>\n<p><strong>Obsah:<\/strong><br \/>\n1x p\u00e4tka s 1x 5mm otvorom (mo\u017enos\u0165 d\u00e1vkovania 0-1mm).<br \/>\n1x mravenisko<\/p>\n<p><strong>Materi\u00e1l:<\/strong> PMMA, PS<\/p>\n<p><strong>Popis: V s\u00fa\u010dasnosti je na trhu viac ako 10 000 zariaden\u00ed, ktor\u00e9 s\u00fa ur\u010den\u00e9 na predaj:<\/strong> To umo\u017e\u0148uje mravcom zabezpe\u010di\u0165 si dostatok vlhkosti vo vn\u00fatri formik\u00e1ria. Ide\u00e1lne aj na obdobie pr\u00e1zdnin. Do n\u00f4h sa teraz m\u00f4\u017eu vklada\u0165 2ml hadi\u010dky s mraven\u010dou potravou. V\u010faka h\u013abke vlo\u017eenia je mo\u017en\u00e9 d\u00e1vkova\u0165 mno\u017estvo potravy.<\/p>\n<p><strong>Farby:<\/strong> transparentn\u00e9<\/p>","protected":false},"excerpt":{"rendered":"<p>Rozmery: 30x40x52 mm, 2 ml<\/p>","protected":false},"featured_media":3136,"comment_status":"open","ping_status":"closed","template":"","meta":{"_acf_changed":false,"content-type":"","_monsterinsights_skip_tracking":false,"_monsterinsights_sitenote_active":false,"_monsterinsights_sitenote_note":"","_monsterinsights_sitenote_category":0},"product_brand":[],"product_cat":[115,117],"product_tag":[],"class_list":{"0":"post-3087","1":"product","2":"type-product","3":"status-publish","4":"has-post-thumbnail","6":"product_cat-food-and-feeding","7":"product_cat-drinkers-for-ants","9":"first","10":"instock","11":"taxable","12":"shipping-taxable","13":"purchasable","14":"product-type-simple"},"acf":[],"aioseo_notices":[],"jetpack_sharing_enabled":true,"_links":{"self":[{"href":"https:\/\/antcube.shop\/sk\/wp-json\/wp\/v2\/product\/3087","targetHints":{"allow":["GET"]}}],"collection":[{"href":"https:\/\/antcube.shop\/sk\/wp-json\/wp\/v2\/product"}],"about":[{"href":"https:\/\/antcube.shop\/sk\/wp-json\/wp\/v2\/types\/product"}],"replies":[{"embeddable":true,"href":"https:\/\/antcube.shop\/sk\/wp-json\/wp\/v2\/comments?post=3087"}],"wp:featuredmedia":[{"embeddable":true,"href":"https:\/\/antcube.shop\/sk\/wp-json\/wp\/v2\/media\/3136"}],"wp:attachment":[{"href":"https:\/\/antcube.shop\/sk\/wp-json\/wp\/v2\/media?parent=3087"}],"wp:term":[{"taxonomy":"product_brand","embeddable":true,"href":"https:\/\/antcube.shop\/sk\/wp-json\/wp\/v2\/product_brand?post=3087"},{"taxonomy":"product_cat","embeddable":true,"href":"https:\/\/antcube.shop\/sk\/wp-json\/wp\/v2\/product_cat?post=3087"},{"taxonomy":"product_tag","embeddable":true,"href":"https:\/\/antcube.shop\/sk\/wp-json\/wp\/v2\/product_tag?post=3087"}],"curies":[{"name":"wp","href":"https:\/\/api.w.org\/{rel}","templated":true}]}}