{"id":3086,"date":"2021-10-21T12:58:59","date_gmt":"2021-10-21T10:58:59","guid":{"rendered":"https:\/\/antcube.shop\/produkt\/korkgranulat-fein-20g\/"},"modified":"2026-04-20T09:58:26","modified_gmt":"2026-04-20T07:58:26","slug":"korkove-zrnka-jemne-20g","status":"publish","type":"product","link":"https:\/\/antcube.shop\/sk\/produkt\/korkove-zrnka-jemne-20g\/","title":{"rendered":"Korkov\u00e9 granule jemn\u00e9 20g"},"content":{"rendered":"<p><strong>Obsah\/objem:<\/strong> 20g \/ ~200ml<\/p>\n<p><strong>Ve\u013ekos\u0165 zrna:<\/strong> 0,5 - 1 mm<\/p>\n<p><strong>Popis: V s\u00fa\u010dasnosti je na trhu viac ako 10 000 zariaden\u00ed, ktor\u00e9 s\u00fa ur\u010den\u00e9 na predaj:<\/strong> Korkov\u00e9 granule sa z\u00edskavaj\u00fa zo spodnej \u010dasti k\u00f4ry korkov\u00fdch dubov. Je to vynikaj\u00faci a prirodzen\u00fd formik\u00e1riov\u00fd substr\u00e1t pre mnoh\u00e9 lesn\u00e9 a savanov\u00e9 druhy mravcov. D\u00e1 sa ve\u013emi dobre pou\u017ei\u0165 ako v\u00fdpl\u0148ov\u00fd materi\u00e1l do na\u0161ich korkov\u00fdch hniezd ANTCUBE.<\/p>","protected":false},"excerpt":{"rendered":"<p><span style=\"color: #000000;\">Granul\u00e1cia: 0,5 - 1 mm<\/span><\/p>","protected":false},"featured_media":2995,"comment_status":"open","ping_status":"closed","template":"","meta":{"_acf_changed":false,"content-type":"","_monsterinsights_skip_tracking":false,"_monsterinsights_sitenote_active":false,"_monsterinsights_sitenote_note":"","_monsterinsights_sitenote_category":0},"product_brand":[],"product_cat":[240],"product_tag":[],"class_list":{"0":"post-3086","1":"product","2":"type-product","3":"status-publish","4":"has-post-thumbnail","6":"product_cat-cork-nest-filling","8":"first","9":"instock","10":"taxable","11":"shipping-taxable","12":"purchasable","13":"product-type-simple"},"acf":[],"aioseo_notices":[],"jetpack_sharing_enabled":true,"_links":{"self":[{"href":"https:\/\/antcube.shop\/sk\/wp-json\/wp\/v2\/product\/3086","targetHints":{"allow":["GET"]}}],"collection":[{"href":"https:\/\/antcube.shop\/sk\/wp-json\/wp\/v2\/product"}],"about":[{"href":"https:\/\/antcube.shop\/sk\/wp-json\/wp\/v2\/types\/product"}],"replies":[{"embeddable":true,"href":"https:\/\/antcube.shop\/sk\/wp-json\/wp\/v2\/comments?post=3086"}],"wp:featuredmedia":[{"embeddable":true,"href":"https:\/\/antcube.shop\/sk\/wp-json\/wp\/v2\/media\/2995"}],"wp:attachment":[{"href":"https:\/\/antcube.shop\/sk\/wp-json\/wp\/v2\/media?parent=3086"}],"wp:term":[{"taxonomy":"product_brand","embeddable":true,"href":"https:\/\/antcube.shop\/sk\/wp-json\/wp\/v2\/product_brand?post=3086"},{"taxonomy":"product_cat","embeddable":true,"href":"https:\/\/antcube.shop\/sk\/wp-json\/wp\/v2\/product_cat?post=3086"},{"taxonomy":"product_tag","embeddable":true,"href":"https:\/\/antcube.shop\/sk\/wp-json\/wp\/v2\/product_tag?post=3086"}],"curies":[{"name":"wp","href":"https:\/\/api.w.org\/{rel}","templated":true}]}}