{"id":2871,"date":"2021-10-13T18:46:51","date_gmt":"2021-10-13T16:46:51","guid":{"rendered":"https:\/\/antcube.shop\/produkt\/beckenverbinder-b-27-und-s-10-16-mm-m25-set\/"},"modified":"2026-04-02T18:12:16","modified_gmt":"2026-04-02T16:12:16","slug":"basin-connector-b-27-and-s-10-16-mm-m25-set","status":"publish","type":"product","link":"https:\/\/antcube.shop\/sk\/produkt\/basin-connector-b-27-and-s-10-16-mm-m25-set\/","title":{"rendered":"Spojka pre um\u00fdvadlo B-27 a S-10-16 mm M25 - sada"},"content":{"rendered":"<p><strong>Rozmery:<\/strong> pre otvor 27 a hadicu 10-16 mm<\/p>\n<p><strong>Obsah:<\/strong><br \/>\n1x skrutkov\u00fd adapt\u00e9r<br \/>\n1x poistn\u00e1 matica<\/p>\n<p><strong>Popis: V s\u00fa\u010dasnosti je na trhu viac ako 10 000 zariaden\u00ed, ktor\u00e9 s\u00fa ur\u010den\u00e9 na predaj:<\/strong> Tento konektor pre um\u00fdvadlo sa zasunie do otvoru a priskrutkuje prilo\u017eenou poistnou maticou. T\u00fdm sa zabezpe\u010d\u00ed, \u017ee spojenie je odoln\u00e9 proti prerazeniu a bezpe\u010dne dr\u017e\u00ed aj pri premiest\u0148ovan\u00ed um\u00fdvadiel. Na druh\u00fd koniec sa vlo\u017e\u00ed vhodn\u00e1 hadica.<\/p>","protected":false},"excerpt":{"rendered":"<p>Rozmery: pre otvor 27 a hadicu 10-16 mm Obsah: Popis: 1x skrutkov\u00fd adapt\u00e9r 1x poistn\u00e1 matica Tento spojovac\u00ed adapt\u00e9r sa zasunie do otvoru a priskrutkuje prilo\u017eenou poistnou maticou. T\u00fdm sa zabezpe\u010d\u00ed, \u017ee spojenie je odoln\u00e9 proti vylomeniu a bezpe\u010dne dr\u017e\u00ed aj pri premiest\u0148ovan\u00ed um\u00fdvadiel. Na druh\u00fd koniec sa vlo\u017e\u00ed vhodn\u00e1 hadica.<\/p>","protected":false},"featured_media":2991,"comment_status":"open","ping_status":"closed","template":"","meta":{"_acf_changed":false,"content-type":"","_monsterinsights_skip_tracking":false,"_monsterinsights_sitenote_active":false,"_monsterinsights_sitenote_note":"","_monsterinsights_sitenote_category":0},"product_brand":[],"product_cat":[121],"product_tag":[],"class_list":{"0":"post-2871","1":"product","2":"type-product","3":"status-publish","4":"has-post-thumbnail","6":"product_cat-connectors","8":"first","9":"instock","10":"taxable","11":"shipping-taxable","12":"purchasable","13":"product-type-simple"},"acf":[],"aioseo_notices":[],"jetpack_sharing_enabled":true,"_links":{"self":[{"href":"https:\/\/antcube.shop\/sk\/wp-json\/wp\/v2\/product\/2871","targetHints":{"allow":["GET"]}}],"collection":[{"href":"https:\/\/antcube.shop\/sk\/wp-json\/wp\/v2\/product"}],"about":[{"href":"https:\/\/antcube.shop\/sk\/wp-json\/wp\/v2\/types\/product"}],"replies":[{"embeddable":true,"href":"https:\/\/antcube.shop\/sk\/wp-json\/wp\/v2\/comments?post=2871"}],"wp:featuredmedia":[{"embeddable":true,"href":"https:\/\/antcube.shop\/sk\/wp-json\/wp\/v2\/media\/2991"}],"wp:attachment":[{"href":"https:\/\/antcube.shop\/sk\/wp-json\/wp\/v2\/media?parent=2871"}],"wp:term":[{"taxonomy":"product_brand","embeddable":true,"href":"https:\/\/antcube.shop\/sk\/wp-json\/wp\/v2\/product_brand?post=2871"},{"taxonomy":"product_cat","embeddable":true,"href":"https:\/\/antcube.shop\/sk\/wp-json\/wp\/v2\/product_cat?post=2871"},{"taxonomy":"product_tag","embeddable":true,"href":"https:\/\/antcube.shop\/sk\/wp-json\/wp\/v2\/product_tag?post=2871"}],"curies":[{"name":"wp","href":"https:\/\/api.w.org\/{rel}","templated":true}]}}