{"id":2869,"date":"2021-10-13T18:46:31","date_gmt":"2021-10-13T16:46:31","guid":{"rendered":"https:\/\/antcube.shop\/produkt\/antcube-gipsnest-20x20-liegend\/"},"modified":"2026-04-14T09:34:55","modified_gmt":"2026-04-14T07:34:55","slug":"antcube-gipsnest-20x20-liegend","status":"publish","type":"product","link":"https:\/\/antcube.shop\/sk\/produkt\/antcube-gipsnest-20x20-liegend\/","title":{"rendered":"ANTCUBE - sadrov\u00e9 hniezdo 20\u00d720 - le\u017eiace"},"content":{"rendered":"<p><strong>Rozmery:<\/strong><br \/>\n<strong>Sadrov\u00e9 hniezdo: <\/strong>190 x 190 x 20 mm<br \/>\n<strong>Sklenen\u00fd kryt:<\/strong> 179 x 179 x 4 mm<\/p>\n<p><strong>Materi\u00e1l:<\/strong> Omietka<\/p>\n<p><strong>Obsah:<\/strong><br \/>\n1x sadrov\u00e9 hniezdo 20 \u00d7 20 s dvoma pripojovac\u00edmi z\u00e1suvkami M 10\/08<br \/>\n1x sklenen\u00fd kryt s 50 mm otvorom<br \/>\n1x akryl - kr\u00fa\u017eok 50 mm pre 27 mm otvor<br \/>\n1x z\u00e1klad\u0148a formik\u00e1ria 20\u00d720<br \/>\n2x krytka mrie\u017eky - 10 mm - nerezov\u00e1 oce\u013e<br \/>\n1x mrie\u017ekov\u00e1 vlo\u017eka - 27 mm - nerezov\u00e1 oce\u013e<\/p>\n<p><strong>Popis: V s\u00fa\u010dasnosti je na trhu viac ako 10 000 zariaden\u00ed, ktor\u00e9 s\u00fa ur\u010den\u00e9 na predaj:<\/strong> Na\u0161e sadrov\u00e9 hniezdo s prefabrikovan\u00fdmi chodbami a kom\u00f4rkami je vhodn\u00e9 pre mnoh\u00e9 druhy mravcov, najm\u00e4 pre druhy, ktor\u00e9 si stavaj\u00fa hniezda vo ve\u013emi pieso\u010dnatej alebo kamenistej p\u00f4de. M\u00e1 dve spojovacie z\u00e1suvky ako pr\u00edstup do hniezda. Omietka m\u00e1 vlastnos\u0165 absorbova\u0165 vodu, tak\u017ee sa v nej uchov\u00e1va ur\u010dit\u00e9 mno\u017estvo vlhkosti. Napriek tomu by sa sadrov\u00e9 hniezdo nemalo pou\u017e\u00edva\u0165 trvalo vlhk\u00e9, preto\u017ee inak m\u00f4\u017ee d\u00f4js\u0165 k vzniku plesn\u00ed (zvy\u0161kami potravy alebo v\u00fdkalmi mravcov). Preto by sa tu pod\u013ea mo\u017enosti mali chova\u0165 druhy z pomerne such\u00fdch oblast\u00ed. I\u0161lo by napr\u00edklad o druhy zo stredomorsk\u00fdch alebo p\u00fa\u0161tnych oblast\u00ed.<\/p>\n<p><strong>Pozn\u00e1mka:<\/strong> Vzh\u013eadom na kon\u0161trukciu nie s\u00fa vhodn\u00e9 pre ve\u013emi mal\u00e9 druhy (napr.: druhy Pheidole, Temnothorax), m\u00f4\u017eu sa vyskytn\u00fa\u0165 medzery 0,3 - 0,5 mm.<\/p>\n<p>Pozn\u00e1mka k pripojovac\u00edm z\u00e1suvk\u00e1m<br \/>\nPri prip\u00e1jan\u00ed alebo odp\u00e1jan\u00ed had\u00edc dbajte na nasleduj\u00face pokyny:<br \/>\nAk sa r\u00farka ve\u013emi \u0165a\u017eko nasadzuje na puzdro konektora, puzdro by sa malo z\u013eahka potrie\u0165 kvapkou n\u00e1\u0161ho oleja alebo pr\u00e1\u0161ku na ochranu proti vylomeniu. Hadica by sa potom mala nasun\u00fa\u0165 na puzdro kr\u00fativ\u00fdmi alebo skrutkovac\u00edmi pohybmi, pri\u010dom sa nesmie nam\u00e1ha\u0165 pohybmi nahor a nadol. To ist\u00e9 plat\u00ed aj pri odstra\u0148ovan\u00ed had\u00edc z pripojovacieho puzdra. Pros\u00edme, aby ste ju jednoducho neodtrh\u00e1vali!<\/p>\n<p>&nbsp;<\/p>\n<p>&nbsp;<\/p>","protected":false},"excerpt":{"rendered":"<p>Rozmery: S\u00e1drov\u00e9 hniezdo: 190 x 190 x 20 mm Sklenen\u00fd kryt: 179 x 179 x 4 mm Materi\u00e1l: Obsah: Sada obsahuje: 1x sadrov\u00e9 hniezdo 20\u00d720 s dvoma pripojovac\u00edmi z\u00e1suvkami M 10\/08 1x sklenen\u00fd kryt s otvorom 50mm 1x akryl - kr\u00fa\u017eok 50mm pre otvor 27mm 1x z\u00e1klad\u0148a Formicarium 20\u00d720 2x mrie\u017ekov\u00e1 krytka - 10mm - nerezov\u00e1 oce\u013e 1x [...]","protected":false},"featured_media":3194,"comment_status":"open","ping_status":"closed","template":"","meta":{"_acf_changed":false,"content-type":"","_monsterinsights_skip_tracking":false,"_monsterinsights_sitenote_active":false,"_monsterinsights_sitenote_note":"","_monsterinsights_sitenote_category":0},"product_brand":[],"product_cat":[80,86],"product_tag":[],"class_list":{"0":"post-2869","1":"product","2":"type-product","3":"status-publish","4":"has-post-thumbnail","6":"product_cat-antfarms","7":"product_cat-formicariums","9":"first","10":"instock","11":"taxable","12":"shipping-taxable","13":"purchasable","14":"product-type-simple"},"acf":[],"aioseo_notices":[],"jetpack_sharing_enabled":true,"_links":{"self":[{"href":"https:\/\/antcube.shop\/sk\/wp-json\/wp\/v2\/product\/2869","targetHints":{"allow":["GET"]}}],"collection":[{"href":"https:\/\/antcube.shop\/sk\/wp-json\/wp\/v2\/product"}],"about":[{"href":"https:\/\/antcube.shop\/sk\/wp-json\/wp\/v2\/types\/product"}],"replies":[{"embeddable":true,"href":"https:\/\/antcube.shop\/sk\/wp-json\/wp\/v2\/comments?post=2869"}],"wp:featuredmedia":[{"embeddable":true,"href":"https:\/\/antcube.shop\/sk\/wp-json\/wp\/v2\/media\/3194"}],"wp:attachment":[{"href":"https:\/\/antcube.shop\/sk\/wp-json\/wp\/v2\/media?parent=2869"}],"wp:term":[{"taxonomy":"product_brand","embeddable":true,"href":"https:\/\/antcube.shop\/sk\/wp-json\/wp\/v2\/product_brand?post=2869"},{"taxonomy":"product_cat","embeddable":true,"href":"https:\/\/antcube.shop\/sk\/wp-json\/wp\/v2\/product_cat?post=2869"},{"taxonomy":"product_tag","embeddable":true,"href":"https:\/\/antcube.shop\/sk\/wp-json\/wp\/v2\/product_tag?post=2869"}],"curies":[{"name":"wp","href":"https:\/\/api.w.org\/{rel}","templated":true}]}}