{"id":2868,"date":"2021-10-13T18:43:30","date_gmt":"2021-10-13T16:43:30","guid":{"rendered":"https:\/\/antcube.shop\/produkt\/antcube-gipsnest-20x20-stehend\/"},"modified":"2026-04-14T12:07:30","modified_gmt":"2026-04-14T10:07:30","slug":"antcube-gipsnest-20x20-stehend","status":"publish","type":"product","link":"https:\/\/antcube.shop\/sk\/produkt\/antcube-gipsnest-20x20-stehend\/","title":{"rendered":"ANTCUBE - Sadrov\u00e9 hniezdo 20\u00d720 - stojace"},"content":{"rendered":"<p><strong>Rozmery:<\/strong> 182 x 159 x 19,5 mm<\/p>\n<p><strong>Materi\u00e1l:<\/strong> S\u00e1dra\/s\u00e1dra<\/p>\n<p>Hod\u00ed sa len do na\u0161ich antfariem <strong>L<\/strong><\/p>\n<p><strong>Popis: V s\u00fa\u010dasnosti je na trhu viac ako 10 000 zariaden\u00ed, ktor\u00e9 s\u00fa ur\u010den\u00e9 na predaj:<\/strong> Na\u0161e sadrov\u00e9 hniezdo s prefabrikovan\u00fdmi chodbami a kom\u00f4rkami je vhodn\u00e9 pre mnoh\u00e9 druhy mravcov, najm\u00e4 pre druhy, ktor\u00e9 si stavaj\u00fa hniezda vo ve\u013emi pieso\u010dnatej alebo kamenistej p\u00f4de. M\u00e1 otvor na pr\u00edstup do hniezda. Omietka m\u00e1 vlastnos\u0165 absorbova\u0165 vodu, tak\u017ee sa v nej uchov\u00e1va ur\u010dit\u00e9 mno\u017estvo vlhkosti. Napriek tomu by sa sadrov\u00e9 hniezdo nemalo pou\u017e\u00edva\u0165 trvalo vlhk\u00e9, preto\u017ee inak m\u00f4\u017ee d\u00f4js\u0165 k vzniku plesn\u00ed (zvy\u0161kami potravy alebo v\u00fdkalmi mravcov). Preto by sa tu pod\u013ea mo\u017enosti mali chova\u0165 druhy z pomerne such\u00fdch oblast\u00ed. I\u0161lo by napr\u00edklad o druhy zo stredomorsk\u00fdch alebo p\u00fa\u0161tnych oblast\u00ed.<\/p>\n<p>&nbsp;<\/p>","protected":false},"excerpt":{"rendered":"<p>Hod\u00ed sa len do na\u0161ich antfariem <strong>L<\/strong><\/p>","protected":false},"featured_media":351,"comment_status":"open","ping_status":"closed","template":"","meta":{"_acf_changed":false,"content-type":"","_monsterinsights_skip_tracking":false,"_monsterinsights_sitenote_active":false,"_monsterinsights_sitenote_note":"","_monsterinsights_sitenote_category":0},"product_brand":[],"product_cat":[87,90],"product_tag":[],"class_list":{"0":"post-2868","1":"product","2":"type-product","3":"status-publish","4":"has-post-thumbnail","6":"product_cat-nest-insets","7":"product_cat-gypsum","9":"first","10":"instock","11":"taxable","12":"shipping-taxable","13":"purchasable","14":"product-type-simple"},"acf":[],"aioseo_notices":[],"jetpack_sharing_enabled":true,"_links":{"self":[{"href":"https:\/\/antcube.shop\/sk\/wp-json\/wp\/v2\/product\/2868","targetHints":{"allow":["GET"]}}],"collection":[{"href":"https:\/\/antcube.shop\/sk\/wp-json\/wp\/v2\/product"}],"about":[{"href":"https:\/\/antcube.shop\/sk\/wp-json\/wp\/v2\/types\/product"}],"replies":[{"embeddable":true,"href":"https:\/\/antcube.shop\/sk\/wp-json\/wp\/v2\/comments?post=2868"}],"wp:featuredmedia":[{"embeddable":true,"href":"https:\/\/antcube.shop\/sk\/wp-json\/wp\/v2\/media\/351"}],"wp:attachment":[{"href":"https:\/\/antcube.shop\/sk\/wp-json\/wp\/v2\/media?parent=2868"}],"wp:term":[{"taxonomy":"product_brand","embeddable":true,"href":"https:\/\/antcube.shop\/sk\/wp-json\/wp\/v2\/product_brand?post=2868"},{"taxonomy":"product_cat","embeddable":true,"href":"https:\/\/antcube.shop\/sk\/wp-json\/wp\/v2\/product_cat?post=2868"},{"taxonomy":"product_tag","embeddable":true,"href":"https:\/\/antcube.shop\/sk\/wp-json\/wp\/v2\/product_tag?post=2868"}],"curies":[{"name":"wp","href":"https:\/\/api.w.org\/{rel}","templated":true}]}}