{"id":2866,"date":"2021-10-13T18:43:01","date_gmt":"2021-10-13T16:43:01","guid":{"rendered":"https:\/\/antcube.shop\/produkt\/antcube-rote-folie-20x20-selbstklebend\/"},"modified":"2025-10-19T21:05:19","modified_gmt":"2025-10-19T19:05:19","slug":"antcube-red-foil-20x20-self-adhesive","status":"publish","type":"product","link":"https:\/\/antcube.shop\/sk\/produkt\/antcube-red-foil-20x20-self-adhesive\/","title":{"rendered":"ANTCUBE - \u010cerven\u00e1 f\u00f3lia 20\u00d720 - samolepiaca"},"content":{"rendered":"<p><strong>Rozmery:<\/strong> 19x19cm<\/p>\n<p><strong>Materi\u00e1l:<\/strong> PVC<\/p>\n<p><strong>Popis: V s\u00fa\u010dasnosti je na trhu viac ako 10 000 zariaden\u00ed, ktor\u00e9 s\u00fa ur\u010den\u00e9 na predaj:<\/strong> Samolepiaca \u010derven\u00e1 prieh\u013eadn\u00e1 f\u00f3lia sa pou\u017e\u00edva na to, aby mravcom dodala pocit podzemia. Preto odpor\u00fa\u010dame pou\u017ei\u0165 tento v\u00fdrobok aspo\u0148 \u010diasto\u010dne v oblasti hniezda. Napriek tomu m\u00f4\u017eete mravce v hniezde dobre pozorova\u0165. Presn\u00fd strih pre ANTCUBE \"Mraven\u010dia farma 20x20cm <strong>S\/M\/L<\/strong> - stoj\u00ed\".<\/p>","protected":false},"excerpt":{"rendered":"<p>Rozmery: Materi\u00e1l: 39x19cm Materi\u00e1l: PVC Popis: 39x19 cm: Na vytvorenie pocitu mravcov v podzem\u00ed sa pou\u017e\u00edva samolepiaca \u010derven\u00e1 prieh\u013eadn\u00e1 f\u00f3lia. Preto odpor\u00fa\u010dame pou\u017ei\u0165 tento v\u00fdrobok aspo\u0148 \u010diasto\u010dne v oblasti hniezda. Napriek tomu m\u00f4\u017eete mravce v hniezde dobre pozorova\u0165. Presne strihan\u00e1 pre ANTCUBE \"Mravenisko 40x20cm S\/M\/L - stojat\u00e9\".<\/p>","protected":false},"featured_media":302,"comment_status":"open","ping_status":"closed","template":"","meta":{"_acf_changed":false,"content-type":"","_monsterinsights_skip_tracking":false,"_monsterinsights_sitenote_active":false,"_monsterinsights_sitenote_note":"","_monsterinsights_sitenote_category":0},"product_brand":[],"product_cat":[119,239],"product_tag":[],"class_list":{"0":"post-2866","1":"product","2":"type-product","3":"status-publish","4":"has-post-thumbnail","6":"product_cat-formicarium-components","7":"product_cat-useful-additions","9":"first","10":"outofstock","11":"taxable","12":"shipping-taxable","13":"purchasable","14":"product-type-simple"},"acf":[],"aioseo_notices":[],"jetpack_sharing_enabled":true,"_links":{"self":[{"href":"https:\/\/antcube.shop\/sk\/wp-json\/wp\/v2\/product\/2866","targetHints":{"allow":["GET"]}}],"collection":[{"href":"https:\/\/antcube.shop\/sk\/wp-json\/wp\/v2\/product"}],"about":[{"href":"https:\/\/antcube.shop\/sk\/wp-json\/wp\/v2\/types\/product"}],"replies":[{"embeddable":true,"href":"https:\/\/antcube.shop\/sk\/wp-json\/wp\/v2\/comments?post=2866"}],"wp:featuredmedia":[{"embeddable":true,"href":"https:\/\/antcube.shop\/sk\/wp-json\/wp\/v2\/media\/302"}],"wp:attachment":[{"href":"https:\/\/antcube.shop\/sk\/wp-json\/wp\/v2\/media?parent=2866"}],"wp:term":[{"taxonomy":"product_brand","embeddable":true,"href":"https:\/\/antcube.shop\/sk\/wp-json\/wp\/v2\/product_brand?post=2866"},{"taxonomy":"product_cat","embeddable":true,"href":"https:\/\/antcube.shop\/sk\/wp-json\/wp\/v2\/product_cat?post=2866"},{"taxonomy":"product_tag","embeddable":true,"href":"https:\/\/antcube.shop\/sk\/wp-json\/wp\/v2\/product_tag?post=2866"}],"curies":[{"name":"wp","href":"https:\/\/api.w.org\/{rel}","templated":true}]}}