{"id":2865,"date":"2021-10-13T18:42:51","date_gmt":"2021-10-13T16:42:51","guid":{"rendered":"https:\/\/antcube.shop\/produkt\/futterspender-2ml-dosierbar\/"},"modified":"2026-04-23T17:22:05","modified_gmt":"2026-04-23T15:22:05","slug":"futterspender-2ml-dosierbar","status":"publish","type":"product","link":"https:\/\/antcube.shop\/sk\/produkt\/futterspender-2ml-dosierbar\/","title":{"rendered":"D\u00e1vkova\u010d krmiva 2 ml - d\u00e1vkovate\u013en\u00fd"},"content":{"rendered":"<p><strong>Rozmery:<\/strong> 30x40x50 mm, 2 ml<\/p>\n<p><strong>Obsah:<\/strong><br \/>\n1x p\u00e4tka s 1x 2,5 mm otvorom (mo\u017eno d\u00e1vkova\u0165 1-2 mm).<br \/>\n1x mravenisko<\/p>\n<p><strong>Materi\u00e1l:<\/strong> PMMA, PS<\/p>\n<p><strong>Popis: V s\u00fa\u010dasnosti je na trhu viac ako 10 000 zariaden\u00ed, ktor\u00e9 s\u00fa ur\u010den\u00e9 na predaj:<\/strong> Pomocou tohto d\u00e1vkova\u010da sa mravce vo formik\u00e1riu m\u00f4\u017eu k\u0155mi\u0165 pon\u00fakanou potravou. Ide\u00e1lne aj na pr\u00e1zdninov\u00e9 obdobie. Do z\u00e1kladne sa daj\u00fa vlo\u017ei\u0165 2ml sk\u00famavky s potravou pre mravce. V\u010faka h\u013abke vlo\u017eenia mo\u017eno d\u00e1vkova\u0165 dostupn\u00e9 mno\u017estvo potravy. D\u00e1vkova\u010d s 2,5 mm \u0161irok\u00fdm v\u00fdstupom je vhodn\u00fd pre v\u0161etky na\u0161e krmiv\u00e1 v pr\u00e1\u0161kovej forme, ako aj pre drobn\u00e9 a medi\u00e1lne zmesi z\u0155n.<\/p>\n<p><strong>Farby:<\/strong> transparentn\u00e9<\/p>","protected":false},"excerpt":{"rendered":"<p>Rozmery: 30x40x50 mm, 2 ml<\/p>","protected":false},"featured_media":306,"comment_status":"open","ping_status":"closed","template":"","meta":{"_acf_changed":false,"content-type":"","_monsterinsights_skip_tracking":false,"_monsterinsights_sitenote_active":false,"_monsterinsights_sitenote_note":"","_monsterinsights_sitenote_category":0},"product_brand":[],"product_cat":[115,118],"product_tag":[],"class_list":{"0":"post-2865","1":"product","2":"type-product","3":"status-publish","4":"has-post-thumbnail","6":"product_cat-food-and-feeding","7":"product_cat-feeding-bowls","9":"first","10":"instock","11":"taxable","12":"shipping-taxable","13":"purchasable","14":"product-type-simple"},"acf":[],"aioseo_notices":[],"jetpack_sharing_enabled":true,"_links":{"self":[{"href":"https:\/\/antcube.shop\/sk\/wp-json\/wp\/v2\/product\/2865","targetHints":{"allow":["GET"]}}],"collection":[{"href":"https:\/\/antcube.shop\/sk\/wp-json\/wp\/v2\/product"}],"about":[{"href":"https:\/\/antcube.shop\/sk\/wp-json\/wp\/v2\/types\/product"}],"replies":[{"embeddable":true,"href":"https:\/\/antcube.shop\/sk\/wp-json\/wp\/v2\/comments?post=2865"}],"wp:featuredmedia":[{"embeddable":true,"href":"https:\/\/antcube.shop\/sk\/wp-json\/wp\/v2\/media\/306"}],"wp:attachment":[{"href":"https:\/\/antcube.shop\/sk\/wp-json\/wp\/v2\/media?parent=2865"}],"wp:term":[{"taxonomy":"product_brand","embeddable":true,"href":"https:\/\/antcube.shop\/sk\/wp-json\/wp\/v2\/product_brand?post=2865"},{"taxonomy":"product_cat","embeddable":true,"href":"https:\/\/antcube.shop\/sk\/wp-json\/wp\/v2\/product_cat?post=2865"},{"taxonomy":"product_tag","embeddable":true,"href":"https:\/\/antcube.shop\/sk\/wp-json\/wp\/v2\/product_tag?post=2865"}],"curies":[{"name":"wp","href":"https:\/\/api.w.org\/{rel}","templated":true}]}}