{"id":2864,"date":"2021-10-13T18:42:41","date_gmt":"2021-10-13T16:42:41","guid":{"rendered":"https:\/\/antcube.shop\/produkt\/antcube-arena-20x20x10-flach\/"},"modified":"2026-04-02T22:01:20","modified_gmt":"2026-04-02T20:01:20","slug":"antcube-arena-20x20x10-flat-2","status":"publish","type":"product","link":"https:\/\/antcube.shop\/sk\/produkt\/antcube-arena-20x20x10-flat-2\/","title":{"rendered":"ANTCUBE - Arena 20x20x10 - ploch\u00e1"},"content":{"rendered":"<p><strong>Rozmery:<\/strong> 200 x 200 x 100 mm; hr\u00fabka skla 4 mm<\/p>\n<p><strong>Materi\u00e1l:<\/strong> plaven\u00e9 sklo<\/p>\n<p><strong>Pripojenie:<\/strong> 2x otvor 27 mm<\/p>\n<p><strong>Popis: V s\u00fa\u010dasnosti je na trhu viac ako 10 000 zariaden\u00ed, ktor\u00e9 s\u00fa ur\u010den\u00e9 na predaj:<\/strong><br \/>\nSklenen\u00e9 um\u00fdvadlo 20x20x10 cm s v\u0155tan\u00edm 2x 27 mm.<br \/>\nV\u0155tanie (stredov\u00fd bod) je vo v\u00fd\u0161ke 3 cm.<\/p>\n<p><strong>Pozn\u00e1mka:<\/strong> Sklo sa br\u00fasi pod\u013ea normy DIN 1249 s toleranciou +\/- 1 mm. V pr\u00edpade extr\u00e9mne mal\u00fdch druhov mravcov je nevyhnutn\u00e1 dodato\u010dn\u00e1 ochrana proti vylomeniu.<\/p>\n<p>&nbsp;<\/p>","protected":false},"excerpt":{"rendered":"<p>Pripojenie: 2x otvor 27 mm<br \/>\nVe\u013ekos\u0165: <strong>S<\/strong>, <strong>M<\/strong>, <strong>L<\/strong>, <strong>XL<\/strong><\/p>","protected":false},"featured_media":327,"comment_status":"open","ping_status":"closed","template":"","meta":{"_acf_changed":false,"content-type":"","_monsterinsights_skip_tracking":false,"_monsterinsights_sitenote_active":false,"_monsterinsights_sitenote_note":"","_monsterinsights_sitenote_category":0},"product_brand":[],"product_cat":[85,86],"product_tag":[],"class_list":{"0":"post-2864","1":"product","2":"type-product","3":"status-publish","4":"has-post-thumbnail","6":"product_cat-ant-arenas","7":"product_cat-formicariums","9":"first","10":"instock","11":"taxable","12":"shipping-taxable","13":"purchasable","14":"product-type-simple"},"acf":[],"aioseo_notices":[],"jetpack_sharing_enabled":true,"_links":{"self":[{"href":"https:\/\/antcube.shop\/sk\/wp-json\/wp\/v2\/product\/2864","targetHints":{"allow":["GET"]}}],"collection":[{"href":"https:\/\/antcube.shop\/sk\/wp-json\/wp\/v2\/product"}],"about":[{"href":"https:\/\/antcube.shop\/sk\/wp-json\/wp\/v2\/types\/product"}],"replies":[{"embeddable":true,"href":"https:\/\/antcube.shop\/sk\/wp-json\/wp\/v2\/comments?post=2864"}],"wp:featuredmedia":[{"embeddable":true,"href":"https:\/\/antcube.shop\/sk\/wp-json\/wp\/v2\/media\/327"}],"wp:attachment":[{"href":"https:\/\/antcube.shop\/sk\/wp-json\/wp\/v2\/media?parent=2864"}],"wp:term":[{"taxonomy":"product_brand","embeddable":true,"href":"https:\/\/antcube.shop\/sk\/wp-json\/wp\/v2\/product_brand?post=2864"},{"taxonomy":"product_cat","embeddable":true,"href":"https:\/\/antcube.shop\/sk\/wp-json\/wp\/v2\/product_cat?post=2864"},{"taxonomy":"product_tag","embeddable":true,"href":"https:\/\/antcube.shop\/sk\/wp-json\/wp\/v2\/product_tag?post=2864"}],"curies":[{"name":"wp","href":"https:\/\/api.w.org\/{rel}","templated":true}]}}