{"id":2862,"date":"2021-10-13T18:42:21","date_gmt":"2021-10-13T16:42:21","guid":{"rendered":"https:\/\/antcube.shop\/produkt\/antcube-digfix-platte-20x20-m\/"},"modified":"2026-04-10T08:53:12","modified_gmt":"2026-04-10T06:53:12","slug":"antcube-digfix-platte-20x20-m","status":"publish","type":"product","link":"https:\/\/antcube.shop\/sk\/produkt\/antcube-digfix-platte-20x20-m\/","title":{"rendered":"ANTCUBE - Digfixov\u00e1 doska 20\u00d720 - M"},"content":{"rendered":"<p><strong>Rozmery:<\/strong> 183x160x10 mm<\/p>\n<p><strong>Materi\u00e1l:<\/strong> Digfix<\/p>\n<p><strong>Popis: V s\u00fa\u010dasnosti je na trhu viac ako 10 000 zariaden\u00ed, ktor\u00e9 s\u00fa ur\u010den\u00e9 na predaj:<\/strong> Doska Digfix je vyroben\u00e1 z materi\u00e1lu vhodn\u00e9ho na hrob a dokonale sa hod\u00ed k na\u0161im mravenisk\u00e1m ANTCUBE. M\u00f4\u017ee sa pou\u017e\u00edva\u0165 za sucha aj za mokra. Je vhodn\u00e1 aj pre mnoh\u00e9 druhy mravcov, najm\u00e4 pre tie, ktor\u00e9 hniezdia v piesku a v (m\u0155tvom) dreve. Mo\u017eno ho pou\u017ei\u0165 namiesto pieskovcovo-hlinit\u00fdch zmes\u00ed alebo hniezdnych vlo\u017eiek z korku. Ve\u013ekou v\u00fdhodou oproti korkov\u00fdm hniezdam je, \u017ee Digfix neplesnivie ani za mokra. To znamen\u00e1, \u017ee druhy mravcov s vysok\u00fdmi n\u00e1rokmi na vlhkos\u0165 mo\u017eno bez probl\u00e9mov z\u00e1sobova\u0165 dostato\u010dn\u00fdm mno\u017estvom vody. Digfix m\u00e1 tie\u017e t\u00fa v\u00fdhodu, \u017ee kopaj\u00face druhy mravcov pri kopan\u00ed neza\u0161pinia sklenen\u00e9 tabule svojho hniezda zeminou, \u010do umo\u017e\u0148uje dokonal\u00fd v\u00fdh\u013ead do hniezda.<\/p>\n<p><strong>Pozn\u00e1mka:<\/strong> Prirodzen\u00fd farebn\u00fd odtie\u0148 sa m\u00f4\u017ee pohybova\u0165 medzi zelenkavou \/ sivohnedou a zemitou hnedou. Odtie\u0148 nem\u00e1 vplyv na kvalitu.<br \/>\nZ d\u00f4vodu v\u00fdroby sa rozmery m\u00f4\u017eu l\u00ed\u0161i\u0165 +\/- 1 mm<\/p>","protected":false},"excerpt":{"rendered":"<p>Ve\u013ekos\u0165: <strong><span style=\"color: #339966;\">M<\/span><\/strong><\/p>","protected":false},"featured_media":344,"comment_status":"open","ping_status":"closed","template":"","meta":{"_acf_changed":false,"content-type":"","_monsterinsights_skip_tracking":false,"_monsterinsights_sitenote_active":false,"_monsterinsights_sitenote_note":"","_monsterinsights_sitenote_category":0},"product_brand":[],"product_cat":[87,88],"product_tag":[],"class_list":{"0":"post-2862","1":"product","2":"type-product","3":"status-publish","4":"has-post-thumbnail","6":"product_cat-nest-insets","7":"product_cat-digfix","9":"first","10":"instock","11":"taxable","12":"shipping-taxable","13":"purchasable","14":"product-type-simple"},"acf":[],"aioseo_notices":[],"jetpack_sharing_enabled":true,"_links":{"self":[{"href":"https:\/\/antcube.shop\/sk\/wp-json\/wp\/v2\/product\/2862","targetHints":{"allow":["GET"]}}],"collection":[{"href":"https:\/\/antcube.shop\/sk\/wp-json\/wp\/v2\/product"}],"about":[{"href":"https:\/\/antcube.shop\/sk\/wp-json\/wp\/v2\/types\/product"}],"replies":[{"embeddable":true,"href":"https:\/\/antcube.shop\/sk\/wp-json\/wp\/v2\/comments?post=2862"}],"wp:featuredmedia":[{"embeddable":true,"href":"https:\/\/antcube.shop\/sk\/wp-json\/wp\/v2\/media\/344"}],"wp:attachment":[{"href":"https:\/\/antcube.shop\/sk\/wp-json\/wp\/v2\/media?parent=2862"}],"wp:term":[{"taxonomy":"product_brand","embeddable":true,"href":"https:\/\/antcube.shop\/sk\/wp-json\/wp\/v2\/product_brand?post=2862"},{"taxonomy":"product_cat","embeddable":true,"href":"https:\/\/antcube.shop\/sk\/wp-json\/wp\/v2\/product_cat?post=2862"},{"taxonomy":"product_tag","embeddable":true,"href":"https:\/\/antcube.shop\/sk\/wp-json\/wp\/v2\/product_tag?post=2862"}],"curies":[{"name":"wp","href":"https:\/\/api.w.org\/{rel}","templated":true}]}}