{"id":2859,"date":"2021-10-13T18:41:44","date_gmt":"2021-10-13T16:41:44","guid":{"rendered":"https:\/\/antcube.shop\/produkt\/tranke-klar-20ml-schwamm\/"},"modified":"2026-04-10T10:27:05","modified_gmt":"2026-04-10T08:27:05","slug":"tranke-klar-20ml-schwamm","status":"publish","type":"product","link":"https:\/\/antcube.shop\/sk\/produkt\/tranke-klar-20ml-schwamm\/","title":{"rendered":"Pitn\u00fd \u017e\u013eab \u010d\u00edry 20 ml - \u0161pongia"},"content":{"rendered":"<p><strong>Rozmery:<\/strong> 40x50x68 mm, 20 ml<\/p>\n<p><strong>Obsah:<\/strong><br \/>\n1x z\u00e1klad\u0148a so 4x 3 mm otvormi a integrovanou hubkou.<br \/>\n1x n\u00e1dr\u017eka na vodu 62x22mm (20ml)<br \/>\n1x \u0161pongia 30 mm<\/p>\n<p><strong>Materi\u00e1l:<\/strong> PS, PMMA, pena (extr\u00e9mne jemne p\u00f3rovit\u00e1 a absorp\u010dn\u00e1)<\/p>\n<p><strong>Popis: V s\u00fa\u010dasnosti je na trhu viac ako 10 000 zariaden\u00ed, ktor\u00e9 s\u00fa ur\u010den\u00e9 na predaj:<\/strong> To umo\u017e\u0148uje mravcom zabezpe\u010di\u0165 si dostatok vlhkosti vo formik\u00e1riu. Ide\u00e1lne aj na pr\u00e1zdninov\u00e9 obdobie. N\u00e1dr\u017eku na vodu s objemom 20 ml mo\u017eno vlo\u017ei\u0165 do nohy (Pozor: N\u00e1dr\u017eku nezas\u00favajte cel\u00fa, ale len po \u00farove\u0148 hubky, aby ste nepreru\u0161ili pr\u00edvod vody). Hubka s v\u00e4\u010d\u0161\u00edm priemerom ako prilo\u017een\u00e1 n\u00e1dr\u017eka umo\u017e\u0148uje prenikanie vlhkosti do podstavca. \u0160tyri jemn\u00e9 18 mm otvory v z\u00e1kladni umiestnen\u00e9 vo v\u0161etk\u00fdch \u0161tyroch svetov\u00fdch stran\u00e1ch umo\u017e\u0148uj\u00fa k\u0155menie kol\u00f3ni\u00ed s ve\u013ek\u00fdm po\u010dtom zvierat. Odstr\u00e1nen\u00edm peny sa zvierat\u00e1m zabezpe\u010d\u00ed dostato\u010dn\u00fd pr\u00edsun tekutiny.<\/p>\n<p><strong>Farby:<\/strong> kri\u0161t\u00e1\u013eovo \u010dist\u00fd, siv\u00fd<\/p>\n<p>&nbsp;<\/p>","protected":false},"excerpt":{"rendered":"<p><strong>Rozmery:<\/strong> 40x50x68 mm, 20 ml<\/p>","protected":false},"featured_media":3004,"comment_status":"open","ping_status":"closed","template":"","meta":{"_acf_changed":false,"content-type":"","_monsterinsights_skip_tracking":false,"_monsterinsights_sitenote_active":false,"_monsterinsights_sitenote_note":"","_monsterinsights_sitenote_category":0},"product_brand":[],"product_cat":[115,117],"product_tag":[],"class_list":{"0":"post-2859","1":"product","2":"type-product","3":"status-publish","4":"has-post-thumbnail","6":"product_cat-food-and-feeding","7":"product_cat-drinkers-for-ants","9":"first","10":"instock","11":"taxable","12":"shipping-taxable","13":"purchasable","14":"product-type-simple"},"acf":[],"aioseo_notices":[],"jetpack_sharing_enabled":true,"_links":{"self":[{"href":"https:\/\/antcube.shop\/sk\/wp-json\/wp\/v2\/product\/2859","targetHints":{"allow":["GET"]}}],"collection":[{"href":"https:\/\/antcube.shop\/sk\/wp-json\/wp\/v2\/product"}],"about":[{"href":"https:\/\/antcube.shop\/sk\/wp-json\/wp\/v2\/types\/product"}],"replies":[{"embeddable":true,"href":"https:\/\/antcube.shop\/sk\/wp-json\/wp\/v2\/comments?post=2859"}],"wp:featuredmedia":[{"embeddable":true,"href":"https:\/\/antcube.shop\/sk\/wp-json\/wp\/v2\/media\/3004"}],"wp:attachment":[{"href":"https:\/\/antcube.shop\/sk\/wp-json\/wp\/v2\/media?parent=2859"}],"wp:term":[{"taxonomy":"product_brand","embeddable":true,"href":"https:\/\/antcube.shop\/sk\/wp-json\/wp\/v2\/product_brand?post=2859"},{"taxonomy":"product_cat","embeddable":true,"href":"https:\/\/antcube.shop\/sk\/wp-json\/wp\/v2\/product_cat?post=2859"},{"taxonomy":"product_tag","embeddable":true,"href":"https:\/\/antcube.shop\/sk\/wp-json\/wp\/v2\/product_tag?post=2859"}],"curies":[{"name":"wp","href":"https:\/\/api.w.org\/{rel}","templated":true}]}}