{"id":2858,"date":"2021-10-13T18:41:35","date_gmt":"2021-10-13T16:41:35","guid":{"rendered":"https:\/\/antcube.shop\/produkt\/napf-klar-1x20-schwamm\/"},"modified":"2026-04-08T08:48:12","modified_gmt":"2026-04-08T06:48:12","slug":"napf-klar-1x20-schwamm","status":"publish","type":"product","link":"https:\/\/antcube.shop\/sk\/produkt\/napf-klar-1x20-schwamm\/","title":{"rendered":"Misa \u010d\u00edra 1\u00d720 - huba"},"content":{"rendered":"<p><strong>Rozmery:<\/strong> 30 x 40 x 7 mm<\/p>\n<p><strong>Materi\u00e1l:<\/strong> PMMA, pena (extr\u00e9mne jemne p\u00f3rovit\u00e1 a absorp\u010dn\u00e1).<\/p>\n<p><strong>Popis: V s\u00fa\u010dasnosti je na trhu viac ako 10 000 zariaden\u00ed, ktor\u00e9 s\u00fa ur\u010den\u00e9 na predaj:<\/strong> \u0160tvorcov\u00e1 miska s k\u0155mnym \u017e\u013eabom vr\u00e1tane zodpovedaj\u00facej hubky (ka\u017ed\u00e1 s priemerom 20 mm) na k\u0155menie.<\/p>","protected":false},"excerpt":{"rendered":"<p><strong>Rozmery:<\/strong> 30 x 40 mm, materi\u00e1l: akryl\u00e1tov\u00e9 sklo, pena (extr\u00e9mne jemn\u00e9 p\u00f3ry a absorpcia)<\/p>","protected":false},"featured_media":304,"comment_status":"open","ping_status":"closed","template":"","meta":{"_acf_changed":false,"content-type":"","_monsterinsights_skip_tracking":false,"_monsterinsights_sitenote_active":false,"_monsterinsights_sitenote_note":"","_monsterinsights_sitenote_category":0},"product_brand":[],"product_cat":[115,118],"product_tag":[],"class_list":{"0":"post-2858","1":"product","2":"type-product","3":"status-publish","4":"has-post-thumbnail","6":"product_cat-food-and-feeding","7":"product_cat-feeding-bowls","9":"first","10":"instock","11":"taxable","12":"shipping-taxable","13":"purchasable","14":"product-type-simple"},"acf":[],"aioseo_notices":[],"jetpack_sharing_enabled":true,"_links":{"self":[{"href":"https:\/\/antcube.shop\/sk\/wp-json\/wp\/v2\/product\/2858","targetHints":{"allow":["GET"]}}],"collection":[{"href":"https:\/\/antcube.shop\/sk\/wp-json\/wp\/v2\/product"}],"about":[{"href":"https:\/\/antcube.shop\/sk\/wp-json\/wp\/v2\/types\/product"}],"replies":[{"embeddable":true,"href":"https:\/\/antcube.shop\/sk\/wp-json\/wp\/v2\/comments?post=2858"}],"wp:featuredmedia":[{"embeddable":true,"href":"https:\/\/antcube.shop\/sk\/wp-json\/wp\/v2\/media\/304"}],"wp:attachment":[{"href":"https:\/\/antcube.shop\/sk\/wp-json\/wp\/v2\/media?parent=2858"}],"wp:term":[{"taxonomy":"product_brand","embeddable":true,"href":"https:\/\/antcube.shop\/sk\/wp-json\/wp\/v2\/product_brand?post=2858"},{"taxonomy":"product_cat","embeddable":true,"href":"https:\/\/antcube.shop\/sk\/wp-json\/wp\/v2\/product_cat?post=2858"},{"taxonomy":"product_tag","embeddable":true,"href":"https:\/\/antcube.shop\/sk\/wp-json\/wp\/v2\/product_tag?post=2858"}],"curies":[{"name":"wp","href":"https:\/\/api.w.org\/{rel}","templated":true}]}}