{"id":2854,"date":"2021-10-13T18:40:55","date_gmt":"2021-10-13T16:40:55","guid":{"rendered":"https:\/\/antcube.shop\/produkt\/mini-thermo-hygrometer-analog-display-hangend\/"},"modified":"2026-04-11T10:12:08","modified_gmt":"2026-04-11T08:12:08","slug":"mini-thermo-hygrometer-analog-display-hangend-2","status":"publish","type":"product","link":"https:\/\/antcube.shop\/sk\/produkt\/mini-thermo-hygrometer-analog-display-hangend-2\/","title":{"rendered":"Mini teplomer anal\u00f3gov\u00fd - displej - z\u00e1vesn\u00fd"},"content":{"rendered":"<p><strong>Rozmery:<\/strong> 75 mm x 45 mm, h\u013abka 20 mm<\/p>\n<p><strong>Materi\u00e1l:<\/strong> kov \/ akryl<\/p>\n<p><strong>Farba:<\/strong> kov, strieborn\u00e1 \/ transparentn\u00e1<\/p>\n<p><strong>Obsah:<\/strong> 1x anal\u00f3gov\u00fd kovov\u00fd mini teplomer - 25 mm, 1x anal\u00f3gov\u00fd kovov\u00fd mini vlhkomer - 25 mm, 1x dr\u017eiak z akrylov\u00e9ho skla s v\u00fdrezmi pre meracie pr\u00edstroje - 75x45 mm, 1x podstavec z akrylov\u00e9ho skla - 75x20 mm, 2x prieh\u013eadn\u00e9 lepiace podlo\u017eky - 30x20 mm<\/p>\n<p><strong>Popis: V s\u00fa\u010dasnosti je na trhu viac ako 10 000 zariaden\u00ed, ktor\u00e9 s\u00fa ur\u010den\u00e9 na predaj:<\/strong><br \/>\nS\u00faprava sa sklad\u00e1 z anal\u00f3gov\u00e9ho teplomera a vlhkomera vyroben\u00fdch z kovu (25 mm), ktor\u00e9 s\u00fa vlo\u017een\u00e9 do akrylovej sklenenej dosky (75x45 mm). Displej sa pripev\u0148uje pomocou dvoch prieh\u013eadn\u00fdch lepiacich podlo\u017eiek, ktor\u00e9 mo\u017eno pou\u017ei\u0165 na pripevnenie z\u00e1kladne (75x20 mm) nad hlavou na kryty alebo r\u00e1my.<\/p>\n<p><strong>Tip:<\/strong><br \/>\nMeracie pr\u00edstroje na zadnej strane musia zosta\u0165 vo\u013en\u00e9, inak m\u00f4\u017ee d\u00f4js\u0165 k chyb\u00e1m merania.<\/p>\n<p><strong>Presnos\u0165:<\/strong> +\/- 2\u00b0C , +\/- 4\u00b0F<br \/>\n<strong>Presnos\u0165:<\/strong> +\/- 5%<\/p>","protected":false},"excerpt":{"rendered":"<p>Sada teplomera a vlhkomera z kovu (25 mm) vlo\u017een\u00e9ho do akrylovej sklenenej dosky (75x45 mm)<\/p>","protected":false},"featured_media":311,"comment_status":"open","ping_status":"closed","template":"","meta":{"_acf_changed":false,"content-type":"","_monsterinsights_skip_tracking":false,"_monsterinsights_sitenote_active":false,"_monsterinsights_sitenote_note":"","_monsterinsights_sitenote_category":0},"product_brand":[],"product_cat":[119,239],"product_tag":[],"class_list":{"0":"post-2854","1":"product","2":"type-product","3":"status-publish","4":"has-post-thumbnail","6":"product_cat-formicarium-components","7":"product_cat-useful-additions","9":"first","10":"instock","11":"taxable","12":"shipping-taxable","13":"purchasable","14":"product-type-simple"},"acf":[],"aioseo_notices":[],"jetpack_sharing_enabled":true,"_links":{"self":[{"href":"https:\/\/antcube.shop\/sk\/wp-json\/wp\/v2\/product\/2854","targetHints":{"allow":["GET"]}}],"collection":[{"href":"https:\/\/antcube.shop\/sk\/wp-json\/wp\/v2\/product"}],"about":[{"href":"https:\/\/antcube.shop\/sk\/wp-json\/wp\/v2\/types\/product"}],"replies":[{"embeddable":true,"href":"https:\/\/antcube.shop\/sk\/wp-json\/wp\/v2\/comments?post=2854"}],"wp:featuredmedia":[{"embeddable":true,"href":"https:\/\/antcube.shop\/sk\/wp-json\/wp\/v2\/media\/311"}],"wp:attachment":[{"href":"https:\/\/antcube.shop\/sk\/wp-json\/wp\/v2\/media?parent=2854"}],"wp:term":[{"taxonomy":"product_brand","embeddable":true,"href":"https:\/\/antcube.shop\/sk\/wp-json\/wp\/v2\/product_brand?post=2854"},{"taxonomy":"product_cat","embeddable":true,"href":"https:\/\/antcube.shop\/sk\/wp-json\/wp\/v2\/product_cat?post=2854"},{"taxonomy":"product_tag","embeddable":true,"href":"https:\/\/antcube.shop\/sk\/wp-json\/wp\/v2\/product_tag?post=2854"}],"curies":[{"name":"wp","href":"https:\/\/api.w.org\/{rel}","templated":true}]}}