{"id":2849,"date":"2021-10-13T18:40:06","date_gmt":"2021-10-13T16:40:06","guid":{"rendered":"https:\/\/antcube.shop\/produkt\/gitterkappe-6mm-edelstahl\/"},"modified":"2026-04-02T17:33:33","modified_gmt":"2026-04-02T15:33:33","slug":"mriezkovy-uzaver-6-mm-z-nehrdzavejucej-ocele","status":"publish","type":"product","link":"https:\/\/antcube.shop\/sk\/produkt\/mriezkovy-uzaver-6-mm-z-nehrdzavejucej-ocele\/","title":{"rendered":"Mrie\u017ekov\u00fd uz\u00e1ver - 6 mm - Nerezov\u00e1 oce\u013e"},"content":{"rendered":"<p><strong>Mno\u017estvo:<\/strong> 1 kus<\/p>\n<p><strong>Rozmery:<\/strong> 6 mm (vn\u00fatorn\u00fd priemer), 10 \u00d7 4 mm (vonkaj\u0161ie rozmery)<\/p>\n<p><strong>Farba:<\/strong> transparentn\u00e9<\/p>\n<p><strong>Materi\u00e1l:<\/strong> nerezov\u00e1 oce\u013e, akryl<\/p>\n<p><strong>Popis: V s\u00fa\u010dasnosti je na trhu viac ako 10 000 zariaden\u00ed, ktor\u00e9 s\u00fa ur\u010den\u00e9 na predaj:<\/strong><br \/>\nT\u00e1to mrie\u017ekov\u00e1 \u010diapo\u010dka s ve\u013emi jemnou mrie\u017ekou z nehrdzavej\u00facej ocele (0,2 mm) sa d\u00e1 nasadi\u0165 na z\u00e1suvku, r\u00farku alebo koniec hadice a poskytuje dobr\u00e9 vetranie formik\u00e1ria bez toho, aby sa mravce mohli dosta\u0165 von. Mrie\u017eka z nehrdzavej\u00facej ocele aj r\u00e1m z akrylov\u00e9ho skla s\u00fa prieh\u013eadn\u00e9.<\/p>\n<p><strong>Pozn\u00e1mka:<\/strong> Vhodn\u00e9 aj na ve\u013emi siln\u00e9 druhy hryzcov, ako s\u00fa mravce listonohy!<\/p>\n<p>&nbsp;<\/p>","protected":false},"excerpt":{"rendered":"<p>Mno\u017estvo: Rozmery: 1 ks Farba: prieh\u013eadn\u00e1 Materi\u00e1l: nehrdzavej\u00faca oce\u013e, akryl Popis: 1 ks: T\u00e1to mrie\u017ekov\u00e1 \u010diapo\u010dka s ve\u013emi jemnou mrie\u017ekou z nehrdzavej\u00facej ocele (0,2 mm) sa d\u00e1 nasadi\u0165 na z\u00e1suvku, r\u00farku alebo koniec hadice a zabezpe\u010duje dobr\u00e9 vetranie formik\u00e1ria bez toho, aby sa mravce mohli dosta\u0165 von. Obe str\u00e1nky","protected":false},"featured_media":334,"comment_status":"open","ping_status":"closed","template":"","meta":{"_acf_changed":false,"content-type":"","_monsterinsights_skip_tracking":false,"_monsterinsights_sitenote_active":false,"_monsterinsights_sitenote_note":"","_monsterinsights_sitenote_category":0},"product_brand":[],"product_cat":[238],"product_tag":[],"class_list":{"0":"post-2849","1":"product","2":"type-product","3":"status-publish","4":"has-post-thumbnail","6":"product_cat-grid-caps-plugs-and-inserts","8":"first","9":"instock","10":"taxable","11":"shipping-taxable","12":"purchasable","13":"product-type-simple"},"acf":[],"aioseo_notices":[],"jetpack_sharing_enabled":true,"_links":{"self":[{"href":"https:\/\/antcube.shop\/sk\/wp-json\/wp\/v2\/product\/2849","targetHints":{"allow":["GET"]}}],"collection":[{"href":"https:\/\/antcube.shop\/sk\/wp-json\/wp\/v2\/product"}],"about":[{"href":"https:\/\/antcube.shop\/sk\/wp-json\/wp\/v2\/types\/product"}],"replies":[{"embeddable":true,"href":"https:\/\/antcube.shop\/sk\/wp-json\/wp\/v2\/comments?post=2849"}],"wp:featuredmedia":[{"embeddable":true,"href":"https:\/\/antcube.shop\/sk\/wp-json\/wp\/v2\/media\/334"}],"wp:attachment":[{"href":"https:\/\/antcube.shop\/sk\/wp-json\/wp\/v2\/media?parent=2849"}],"wp:term":[{"taxonomy":"product_brand","embeddable":true,"href":"https:\/\/antcube.shop\/sk\/wp-json\/wp\/v2\/product_brand?post=2849"},{"taxonomy":"product_cat","embeddable":true,"href":"https:\/\/antcube.shop\/sk\/wp-json\/wp\/v2\/product_cat?post=2849"},{"taxonomy":"product_tag","embeddable":true,"href":"https:\/\/antcube.shop\/sk\/wp-json\/wp\/v2\/product_tag?post=2849"}],"curies":[{"name":"wp","href":"https:\/\/api.w.org\/{rel}","templated":true}]}}