{"id":2848,"date":"2021-10-13T18:39:56","date_gmt":"2021-10-13T16:39:56","guid":{"rendered":"https:\/\/antcube.shop\/produkt\/tranke-2ml-360-grad\/"},"modified":"2026-04-10T16:50:23","modified_gmt":"2026-04-10T14:50:23","slug":"pitny-koryto-2ml-360-stupnov","status":"publish","type":"product","link":"https:\/\/antcube.shop\/sk\/produkt\/pitny-koryto-2ml-360-stupnov\/","title":{"rendered":"Pitn\u00fd \u017e\u013eab 2ml - 360 stup\u0148ov"},"content":{"rendered":"<p><strong>Rozmery:<\/strong> 30x40x52 mm, 2 ml<\/p>\n<p><strong>Obsah:<\/strong><br \/>\n1x p\u00e4tka s 24x 0,5mm otvormi<br \/>\n1x mravenisko<\/p>\n<p><strong>Materi\u00e1l:<\/strong> PLA, PS, PMMA<\/p>\n<p><strong>Popis: V s\u00fa\u010dasnosti je na trhu viac ako 10 000 zariaden\u00ed, ktor\u00e9 s\u00fa ur\u010den\u00e9 na predaj:<\/strong> To umo\u017e\u0148uje mravcom zabezpe\u010di\u0165 si dostatok vlhkosti vo vn\u00fatri formik\u00e1ria. Ide\u00e1lne aj na obdobie pr\u00e1zdnin. Tuby s potravou pre mravce s objemom 2 ml sa teraz daj\u00fa vlo\u017ei\u0165 do nohy. V\u010faka 24 jemn\u00fdm 0,5 mm otvorom umiestnen\u00fdm v uhle 360\u00b0 mo\u017eno z\u00e1sobova\u0165 kol\u00f3nie s ve\u013emi mnoh\u00fdmi aj ve\u013emi mal\u00fdmi druhmi.<\/p>\n<p><strong>Farba:<\/strong> transparentn\u00e9<\/p>\n<p>&nbsp;<\/p>","protected":false},"excerpt":{"rendered":"<p>Rozmery: 30x40x52 mm, 2 ml<\/p>","protected":false},"featured_media":305,"comment_status":"open","ping_status":"closed","template":"","meta":{"_acf_changed":false,"content-type":"","_monsterinsights_skip_tracking":false,"_monsterinsights_sitenote_active":false,"_monsterinsights_sitenote_note":"","_monsterinsights_sitenote_category":0},"product_brand":[],"product_cat":[115,117],"product_tag":[],"class_list":{"0":"post-2848","1":"product","2":"type-product","3":"status-publish","4":"has-post-thumbnail","6":"product_cat-food-and-feeding","7":"product_cat-drinkers-for-ants","9":"first","10":"instock","11":"taxable","12":"shipping-taxable","13":"purchasable","14":"product-type-simple"},"acf":[],"aioseo_notices":[],"jetpack_sharing_enabled":true,"_links":{"self":[{"href":"https:\/\/antcube.shop\/sk\/wp-json\/wp\/v2\/product\/2848","targetHints":{"allow":["GET"]}}],"collection":[{"href":"https:\/\/antcube.shop\/sk\/wp-json\/wp\/v2\/product"}],"about":[{"href":"https:\/\/antcube.shop\/sk\/wp-json\/wp\/v2\/types\/product"}],"replies":[{"embeddable":true,"href":"https:\/\/antcube.shop\/sk\/wp-json\/wp\/v2\/comments?post=2848"}],"wp:featuredmedia":[{"embeddable":true,"href":"https:\/\/antcube.shop\/sk\/wp-json\/wp\/v2\/media\/305"}],"wp:attachment":[{"href":"https:\/\/antcube.shop\/sk\/wp-json\/wp\/v2\/media?parent=2848"}],"wp:term":[{"taxonomy":"product_brand","embeddable":true,"href":"https:\/\/antcube.shop\/sk\/wp-json\/wp\/v2\/product_brand?post=2848"},{"taxonomy":"product_cat","embeddable":true,"href":"https:\/\/antcube.shop\/sk\/wp-json\/wp\/v2\/product_cat?post=2848"},{"taxonomy":"product_tag","embeddable":true,"href":"https:\/\/antcube.shop\/sk\/wp-json\/wp\/v2\/product_tag?post=2848"}],"curies":[{"name":"wp","href":"https:\/\/api.w.org\/{rel}","templated":true}]}}