{"id":2842,"date":"2021-10-13T18:37:40","date_gmt":"2021-10-13T16:37:40","guid":{"rendered":"https:\/\/antcube.shop\/produkt\/ameisenarena-rahmen-20x20\/"},"modified":"2026-04-07T21:28:14","modified_gmt":"2026-04-07T19:28:14","slug":"ameisenarena-rahmen-20x20","status":"publish","type":"product","link":"https:\/\/antcube.shop\/sk\/produkt\/ameisenarena-rahmen-20x20\/","title":{"rendered":"R\u00e1m mraveniska 20\u00d720"},"content":{"rendered":"<p><strong>Rozmery (Dx\u0160xV):<\/strong> 20x20x0,4 cm<\/p>\n<p><strong>Materi\u00e1l:<\/strong> plaven\u00e9 sklo<\/p>\n<p><strong>Farba:<\/strong> kri\u0161t\u00e1\u013eovo \u010dist\u00fd \/ prieh\u013eadn\u00fd<\/p>\n<p><strong>Obsah:<\/strong><br \/>\n1x r\u00e1m mraveniska<\/p>\n<p><strong>Popis: V s\u00fa\u010dasnosti je na trhu viac ako 10 000 zariaden\u00ed, ktor\u00e9 s\u00fa ur\u010den\u00e9 na predaj:<\/strong><br \/>\nR\u00e1m zo skla pre mravenisko ako ochrana proti vniknutiu.<\/p>\n<p><strong>Pou\u017eitie:<\/strong><br \/>\nR\u00e1m mraveniska je r\u00e1m vyroben\u00fd zo skla, ktor\u00fd je umiestnen\u00fd na mravenisku a zo spodnej strany je opatren\u00fd ochranou proti vytrhnutiu (olej, pr\u00e1\u0161ok alebo lak), \u010d\u00edm sa zabr\u00e1ni vytrhnutiu mravcov.<\/p>\n<p><strong>Upozornenie:<\/strong><br \/>\nKe\u010f\u017ee je v\u00fdrobok vyroben\u00fd zo skla, a preto je citliv\u00fd, treba s n\u00edm zaobch\u00e1dza\u0165 ve\u013emi opatrne. Sklo sa br\u00fasi pod\u013ea normy DIN 1249 s toleranciou +\/- 1 mm. V pr\u00edpade extr\u00e9mne mal\u00fdch druhov mravcov je nevyhnutn\u00e1 dodato\u010dn\u00e1 ochrana proti rozbitiu.<\/p>\n<p>&nbsp;<\/p>","protected":false},"excerpt":{"rendered":"<p>Rozmery (Dx\u0160xV): 20x20x0,4 cm Materi\u00e1l: plaven\u00e9 sklo Farba: kri\u0161t\u00e1\u013eovo \u010dist\u00e1 \/ prieh\u013eadn\u00e1 Obsah: Obsahuje: 1x r\u00e1mik na mravenisko Popis: R\u00e1mik na mravenisko: R\u00e1m zo skla pre mravenisko ako ochrana proti vylomeniu. Pou\u017eitie: R\u00e1m mraveniska je r\u00e1m zo skla, ktor\u00fd sa umiest\u0148uje na mravenisko a je vybaven\u00fd ochranou proti vylomeniu.","protected":false},"featured_media":332,"comment_status":"open","ping_status":"closed","template":"","meta":{"_acf_changed":false,"content-type":"","_monsterinsights_skip_tracking":false,"_monsterinsights_sitenote_active":false,"_monsterinsights_sitenote_note":"","_monsterinsights_sitenote_category":0},"product_brand":[],"product_cat":[91,93],"product_tag":[],"class_list":{"0":"post-2842","1":"product","2":"type-product","3":"status-publish","4":"has-post-thumbnail","6":"product_cat-formicarium-modules","7":"product_cat-arena-frame","9":"first","10":"instock","11":"taxable","12":"shipping-taxable","13":"purchasable","14":"product-type-simple"},"acf":[],"aioseo_notices":[],"jetpack_sharing_enabled":true,"_links":{"self":[{"href":"https:\/\/antcube.shop\/sk\/wp-json\/wp\/v2\/product\/2842","targetHints":{"allow":["GET"]}}],"collection":[{"href":"https:\/\/antcube.shop\/sk\/wp-json\/wp\/v2\/product"}],"about":[{"href":"https:\/\/antcube.shop\/sk\/wp-json\/wp\/v2\/types\/product"}],"replies":[{"embeddable":true,"href":"https:\/\/antcube.shop\/sk\/wp-json\/wp\/v2\/comments?post=2842"}],"wp:featuredmedia":[{"embeddable":true,"href":"https:\/\/antcube.shop\/sk\/wp-json\/wp\/v2\/media\/332"}],"wp:attachment":[{"href":"https:\/\/antcube.shop\/sk\/wp-json\/wp\/v2\/media?parent=2842"}],"wp:term":[{"taxonomy":"product_brand","embeddable":true,"href":"https:\/\/antcube.shop\/sk\/wp-json\/wp\/v2\/product_brand?post=2842"},{"taxonomy":"product_cat","embeddable":true,"href":"https:\/\/antcube.shop\/sk\/wp-json\/wp\/v2\/product_cat?post=2842"},{"taxonomy":"product_tag","embeddable":true,"href":"https:\/\/antcube.shop\/sk\/wp-json\/wp\/v2\/product_tag?post=2842"}],"curies":[{"name":"wp","href":"https:\/\/api.w.org\/{rel}","templated":true}]}}