{"id":2841,"date":"2021-10-13T18:37:30","date_gmt":"2021-10-13T16:37:30","guid":{"rendered":"https:\/\/antcube.shop\/produkt\/food-mix-set-standard\/"},"modified":"2026-04-11T13:18:17","modified_gmt":"2026-04-11T11:18:17","slug":"food-mix-set-standard","status":"publish","type":"product","link":"https:\/\/antcube.shop\/sk\/produkt\/food-mix-set-standard\/","title":{"rendered":"Sada potravinov\u00fdch zmes\u00ed - \u0161tandardn\u00e1"},"content":{"rendered":"<p><strong>Obsah:<\/strong> 2 ml na pr\u00edvodn\u00fa hadi\u010dku<br \/>\n2x prote\u00ednov\u00e1 potrava (PP)<br \/>\n2x bielkovinov\u00e1 potrava FD hmyz (PI)<br \/>\n2x sacharidov\u00e1 potravina (K)<br \/>\n2x ovocn\u00e9 jedlo (F)<br \/>\n2x roztok cukrov\u00e9ho medu (ZH)<br \/>\n1x \u0161pongia<\/p>\n<p><span data-text-color=\"alert\"><strong>Pozor:<\/strong> <\/span>Pr\u00e1\u0161ok zmie\u0161ajte s kvapkou vody, preto\u017ee such\u00fd ho zvierat\u00e1 neprij\u00edmaj\u00fa!<\/p>\n<p><strong>Popis: V s\u00fa\u010dasnosti je na trhu viac ako 10 000 zariaden\u00ed, ktor\u00e9 s\u00fa ur\u010den\u00e9 na predaj:<\/strong><br \/>\nToto je k\u0155mna zmes pre r\u00f4zne druhy mravcov, ktor\u00e9 sa \u017eivia sacharidmi a bielkovinami. Obsahuje v\u0161etko, \u010do mravce potrebuj\u00fa pre vyv\u00e1\u017een\u00fa stravu. Ke\u010f\u017ee jednotliv\u00e9 k\u0155mne d\u00e1vky s\u00fa naplnen\u00e9 v samostatn\u00fdch tub\u00e1ch, \u013eahko sa d\u00e1vkuj\u00fa. Bielkovinov\u00e9, sacharidov\u00e9 a ovocn\u00e9 krmivo sa odpor\u00fa\u010da minim\u00e1lne navlh\u010di\u0165 trochou vody. T\u00fdm sa z\u00e1rove\u0148 zabr\u00e1ni vytekaniu pr\u00e1\u0161ku pri pou\u017eit\u00ed v \"stredovom\" formik\u00e1riu v mravenisku.<\/p>\n<p><strong>Pou\u017eitie\/aplik\u00e1cia:<\/strong><br \/>\nProte\u00ednov\u00e1 potrava = pre hmyzo\u017erav\u00e9 druhy mravcov (Eulipotyphla).<br \/>\nJe to doplnkov\u00e9 krmivo (k\u0155mna zmes)<br \/>\nMal by sa zmie\u0161a\u0165 s kvapkou vody a potom sa m\u00f4\u017ee uchov\u00e1va\u0165 len 1 de\u0148, ke\u010f je mokr\u00fd. Pred op\u00e4tovn\u00fdm pou\u017eit\u00edm d\u00f4kladne vy\u010distite k\u0155mnu misku\/tubu.<br \/>\nOtvoren\u00e9 balenie by sa malo pou\u017e\u00edva\u0165 dobre uzavret\u00e9 (ak sa skladuje v suchu) a\u017e do uveden\u00e9ho d\u00e1tumu (d\u00e1tum minim\u00e1lnej trvanlivosti).<\/p>\n<p>Bielkovinov\u00e9 krmivo FD = pre hmyzo\u017erav\u00e9 druhy mravcov (Eulipotyphla)<br \/>\nJe to doplnkov\u00e9 krmivo (k\u0155mna zmes).<br \/>\nMal by sa zmie\u0161a\u0165 s kvapkou vody a potom sa m\u00f4\u017ee uchov\u00e1va\u0165 len 1 de\u0148, ke\u010f je mokr\u00fd. Pred op\u00e4tovn\u00fdm pou\u017eit\u00edm d\u00f4kladne vy\u010distite k\u0155mnu misku\/tubu.<br \/>\nOtvoren\u00e9 balenie by sa malo pou\u017e\u00edva\u0165 dobre uzavret\u00e9 (ak sa skladuje v suchu) a\u017e do uveden\u00e9ho d\u00e1tumu (d\u00e1tum minim\u00e1lnej trvanlivosti).<\/p>\n<p>Sacharidov\u00e1 potrava = pre druhy mravcov \u017eiviace sa cukrom\/medom<br \/>\nJe to doplnkov\u00e9 krmivo (k\u0155mna zmes)<br \/>\nM\u00f4\u017ee sa zmie\u0161a\u0165 s kvapkou vody a potom m\u00e1 po navlh\u010den\u00ed trvanlivos\u0165 3 dni. Pred op\u00e4tovn\u00fdm pou\u017eit\u00edm d\u00f4kladne vy\u010distite k\u0155mnu misku\/tubu.<br \/>\nOtvoren\u00e9 balenie sa m\u00e1 pou\u017e\u00edva\u0165 dobre uzavret\u00e9 (ak sa skladuje v suchu) a\u017e do uveden\u00e9ho d\u00e1tumu (d\u00e1tum minim\u00e1lnej trvanlivosti).<\/p>\n<p>Ovocn\u00e1 potrava = pre druhy mravcov \u017eiviace sa ovoc\u00edm (frugivores)<br \/>\nIde o doplnkov\u00e9 krmivo (jednorazov\u00e9 krmivo)<br \/>\nM\u00f4\u017ee sa zmie\u0161a\u0165 s kvapkou vody a po navlh\u010den\u00ed m\u00e1 trvanlivos\u0165 3 dni. Pred op\u00e4tovn\u00fdm pou\u017eit\u00edm d\u00f4kladne vy\u010distite k\u0155mnu misku\/tubu.<br \/>\nOtvoren\u00e9 balenie sa m\u00e1 pou\u017e\u00edva\u0165 dobre uzavret\u00e9 (ak sa skladuje v suchu) a\u017e do uveden\u00e9ho d\u00e1tumu (d\u00e1tum minim\u00e1lnej trvanlivosti).<\/p>\n<p>Roztok cukru a medu = pre druhy mravcov \u017eiviace sa cukrom\/medom.<br \/>\nJe to doplnkov\u00e9 krmivo (k\u0155mna zmes)<br \/>\nM\u00f4\u017ee sa pon\u00faka\u0165 zvierat\u00e1m v dodanom stave. Ke\u010f\u017ee vlhkos\u0165 zni\u017euje koncentr\u00e1ciu cukru a za\u010d\u00edna sa proces kvasenia, krmivo by sa malo vymie\u0148a\u0165 ka\u017ed\u00e9 3 dni. Pred op\u00e4tovn\u00fdm pou\u017eit\u00edm d\u00f4kladne vy\u010distite k\u0155mnu misku\/r\u00farku.<br \/>\nOtvoren\u00e9 balenie by sa malo pou\u017e\u00edva\u0165 pevne uzavret\u00e9 a\u017e do uveden\u00e9ho d\u00e1tumu spotreby.<\/p>\n<p><strong>Upozornenie:<\/strong><br \/>\nInform\u00e1cie o tom, ako pou\u017e\u00edva\u0165 k\u0155mne hadi\u010dky, n\u00e1jdete tu: Odkaz<br \/>\nKompletn\u00e9 krmivo pre hmyzo\u017erav\u00e9 mravce.<br \/>\nZlo\u017eenie, analytick\u00e9 zlo\u017eky, d\u00e1tum minim\u00e1lnej trvanlivosti a \u010d\u00edslo \u0161ar\u017ee n\u00e1jdete v pr\u00edbalovom let\u00e1ku.<\/p>\n<p>Informa\u010dn\u00e1 linka +49 30 439703870<\/p>\n<p>Zodpovedn\u00fd org\u00e1n veterin\u00e1rneho a potravinov\u00e9ho dozoru:<br \/>\nVeterin\u00e1rna kancel\u00e1ria Steglitz<br \/>\nK\u00f6nigin-Luise-Str. 92<br \/>\n14195 Berl\u00edn<\/p>","protected":false},"excerpt":{"rendered":"<p>Kompletn\u00e9 krmivo<\/p>","protected":false},"featured_media":309,"comment_status":"open","ping_status":"closed","template":"","meta":{"_acf_changed":false,"content-type":"","_monsterinsights_skip_tracking":false,"_monsterinsights_sitenote_active":false,"_monsterinsights_sitenote_note":"","_monsterinsights_sitenote_category":0},"product_brand":[],"product_cat":[115,116],"product_tag":[],"class_list":{"0":"post-2841","1":"product","2":"type-product","3":"status-publish","4":"has-post-thumbnail","6":"product_cat-food-and-feeding","7":"product_cat-food","9":"first","10":"instock","11":"taxable","12":"shipping-taxable","13":"purchasable","14":"product-type-simple"},"acf":[],"aioseo_notices":[],"jetpack_sharing_enabled":true,"_links":{"self":[{"href":"https:\/\/antcube.shop\/sk\/wp-json\/wp\/v2\/product\/2841","targetHints":{"allow":["GET"]}}],"collection":[{"href":"https:\/\/antcube.shop\/sk\/wp-json\/wp\/v2\/product"}],"about":[{"href":"https:\/\/antcube.shop\/sk\/wp-json\/wp\/v2\/types\/product"}],"replies":[{"embeddable":true,"href":"https:\/\/antcube.shop\/sk\/wp-json\/wp\/v2\/comments?post=2841"}],"wp:featuredmedia":[{"embeddable":true,"href":"https:\/\/antcube.shop\/sk\/wp-json\/wp\/v2\/media\/309"}],"wp:attachment":[{"href":"https:\/\/antcube.shop\/sk\/wp-json\/wp\/v2\/media?parent=2841"}],"wp:term":[{"taxonomy":"product_brand","embeddable":true,"href":"https:\/\/antcube.shop\/sk\/wp-json\/wp\/v2\/product_brand?post=2841"},{"taxonomy":"product_cat","embeddable":true,"href":"https:\/\/antcube.shop\/sk\/wp-json\/wp\/v2\/product_cat?post=2841"},{"taxonomy":"product_tag","embeddable":true,"href":"https:\/\/antcube.shop\/sk\/wp-json\/wp\/v2\/product_tag?post=2841"}],"curies":[{"name":"wp","href":"https:\/\/api.w.org\/{rel}","templated":true}]}}