{"id":2839,"date":"2021-10-13T18:37:12","date_gmt":"2021-10-13T16:37:12","guid":{"rendered":"https:\/\/antcube.shop\/produkt\/bodengrund-regenwald-1-kg\/"},"modified":"2026-04-17T21:44:09","modified_gmt":"2026-04-17T19:44:09","slug":"bodengrund-regenwald-1-kg","status":"publish","type":"product","link":"https:\/\/antcube.shop\/sk\/produkt\/bodengrund-regenwald-1-kg\/","title":{"rendered":"Substr\u00e1t - Rainforest - 1 kg"},"content":{"rendered":"<p><strong>Obsah:<\/strong> 1 kg<\/p>\n<p><strong>Materi\u00e1l:<\/strong> piesok, ra\u0161elina, humus, hlina<\/p>\n<p><strong>Farba:<\/strong> hned\u00e1, b\u00e9\u017eov\u00e1<\/p>\n<p><strong>Popis: V s\u00fa\u010dasnosti je na trhu viac ako 10 000 zariaden\u00ed, ktor\u00e9 s\u00fa ur\u010den\u00e9 na predaj:<\/strong> T\u00e1to pr\u00edrodn\u00e1 p\u00f4da da\u017e\u010fov\u00e9ho pralesa pozost\u00e1va zo zmesi piesku, ra\u0161eliny, humusu a \u00edlu.<br \/>\nM\u00e1 o nie\u010do ni\u017e\u0161\u00ed obsah \u00edlu ako be\u017en\u00e1 p\u00f4da da\u017e\u010fov\u00e9ho pralesa, ale v\u010faka tomu sa v nej mravcom \u013eah\u0161ie kope a mravce ju ove\u013ea lep\u0161ie prij\u00edmaj\u00fa. Je vhodn\u00e1 pre v\u0161etky druhy mravcov \u017eij\u00facich v p\u00f4de da\u017e\u010fov\u00e9ho pralesa alebo v\u0161eobecne vo vlhk\u00fdch tropick\u00fdch biotopoch.<\/p>\n<p><strong>Pou\u017eitie:<\/strong> P\u00f4du na kopanie mo\u017eno pou\u017ei\u0165 pre hniezdo a ar\u00e9nu!<\/p>\n<p><strong>Pozn\u00e1mka:<\/strong> ke\u010f\u017ee ide o \u010disto pr\u00edrodn\u00fd produkt, m\u00f4\u017eu sa vyskytn\u00fa\u0165 mal\u00e9 rozdiely vo farbe a \u0161trukt\u00fare, ktor\u00e9 nem\u00f4\u017eeme ovplyvni\u0165.<\/p>\n<p><strong>D\u00f4le\u017eit\u00e9:<\/strong> Pred pou\u017eit\u00edm substr\u00e1t navlh\u010dite, aby sa zmes mohla spoji\u0165 a v mravenisku sa pevne uchytila. Okrem toho pr\u00edli\u0161 such\u00fd a pra\u0161n\u00fd substr\u00e1t m\u00f4\u017ee sp\u00f4sobi\u0165 zablokovanie d\u00fdchac\u00edch ciest mravcov a v najhor\u0161om pr\u00edpade udusenie zvierat.<\/p>","protected":false},"excerpt":{"rendered":"<p>Pr\u00edrodn\u00fd osobitn\u00fd biotop p\u00f4da\/substr\u00e1t<\/p>","protected":false},"featured_media":5501,"comment_status":"open","ping_status":"closed","template":"","meta":{"_acf_changed":false,"content-type":"","_monsterinsights_skip_tracking":false,"_monsterinsights_sitenote_active":false,"_monsterinsights_sitenote_note":"","_monsterinsights_sitenote_category":0},"product_brand":[],"product_cat":[96],"product_tag":[],"class_list":{"0":"post-2839","1":"product","2":"type-product","3":"status-publish","4":"has-post-thumbnail","6":"product_cat-soil","8":"first","9":"instock","10":"taxable","11":"shipping-taxable","12":"purchasable","13":"product-type-simple"},"acf":[],"aioseo_notices":[],"jetpack_sharing_enabled":true,"_links":{"self":[{"href":"https:\/\/antcube.shop\/sk\/wp-json\/wp\/v2\/product\/2839","targetHints":{"allow":["GET"]}}],"collection":[{"href":"https:\/\/antcube.shop\/sk\/wp-json\/wp\/v2\/product"}],"about":[{"href":"https:\/\/antcube.shop\/sk\/wp-json\/wp\/v2\/types\/product"}],"replies":[{"embeddable":true,"href":"https:\/\/antcube.shop\/sk\/wp-json\/wp\/v2\/comments?post=2839"}],"wp:featuredmedia":[{"embeddable":true,"href":"https:\/\/antcube.shop\/sk\/wp-json\/wp\/v2\/media\/5501"}],"wp:attachment":[{"href":"https:\/\/antcube.shop\/sk\/wp-json\/wp\/v2\/media?parent=2839"}],"wp:term":[{"taxonomy":"product_brand","embeddable":true,"href":"https:\/\/antcube.shop\/sk\/wp-json\/wp\/v2\/product_brand?post=2839"},{"taxonomy":"product_cat","embeddable":true,"href":"https:\/\/antcube.shop\/sk\/wp-json\/wp\/v2\/product_cat?post=2839"},{"taxonomy":"product_tag","embeddable":true,"href":"https:\/\/antcube.shop\/sk\/wp-json\/wp\/v2\/product_tag?post=2839"}],"curies":[{"name":"wp","href":"https:\/\/api.w.org\/{rel}","templated":true}]}}