{"id":2838,"date":"2021-10-13T18:37:02","date_gmt":"2021-10-13T16:37:02","guid":{"rendered":"https:\/\/antcube.shop\/produkt\/bodengrund-wiese-1-kg\/"},"modified":"2026-04-04T20:31:22","modified_gmt":"2026-04-04T18:31:22","slug":"bodengrund-wiese-1-kg","status":"publish","type":"product","link":"https:\/\/antcube.shop\/sk\/produkt\/bodengrund-wiese-1-kg\/","title":{"rendered":"Substr\u00e1t - l\u00faka - 1 kg"},"content":{"rendered":"<p><strong>Obsah:<\/strong> 1 kg<\/p>\n<p><strong>Materi\u00e1l:<\/strong> piesok, ra\u0161elina, humus, hlina, preosiata<\/p>\n<p><strong>Farba:<\/strong> hned\u00e1, b\u00e9\u017eov\u00e1<\/p>\n<p><strong>Popis: V s\u00fa\u010dasnosti je na trhu viac ako 10 000 zariaden\u00ed, ktor\u00e9 s\u00fa ur\u010den\u00e9 na predaj:<\/strong> T\u00e1to l\u00fa\u010dna p\u00f4da pozost\u00e1va preva\u017ene z piesku s miernym obsahom \u00edlu a pr\u00edrodn\u00fdch vl\u00e1knit\u00fdch zlo\u017eiek.<br \/>\nJe to prirodzen\u00e1 p\u00f4da pre v\u0161etky druhy mravcov \u017eij\u00facich na poliach alebo l\u00fakach.<\/p>\n<p><strong>Pou\u017eitie:<\/strong> pre hniezda a ar\u00e9ny mo\u017eno pou\u017ei\u0165 zeminu na hrabanie!<\/p>\n<p><strong>Pozn\u00e1mka:<\/strong> ke\u010f\u017ee ide o \u010disto pr\u00edrodn\u00fd produkt, m\u00f4\u017eu sa vyskytn\u00fa\u0165 mal\u00e9 rozdiely vo farbe a \u0161trukt\u00fare, ktor\u00e9 nem\u00f4\u017eeme ovplyvni\u0165.<\/p>\n<p><strong>D\u00f4le\u017eit\u00e9:<\/strong> Pred pou\u017eit\u00edm substr\u00e1t navlh\u010dite, aby sa zmes mohla spoji\u0165 a v mravenisku sa pevne uchytila. Okrem toho pr\u00edli\u0161 such\u00fd a pra\u0161n\u00fd substr\u00e1t m\u00f4\u017ee sp\u00f4sobi\u0165 zablokovanie d\u00fdchac\u00edch ciest mravcov a v najhor\u0161om pr\u00edpade udusenie zvierat.<\/p>","protected":false},"excerpt":{"rendered":"<p>Pr\u00edrodn\u00fd osobitn\u00fd biotop p\u00f4da\/substr\u00e1t<\/p>","protected":false},"featured_media":5506,"comment_status":"open","ping_status":"closed","template":"","meta":{"_acf_changed":false,"content-type":"","_monsterinsights_skip_tracking":false,"_monsterinsights_sitenote_active":false,"_monsterinsights_sitenote_note":"","_monsterinsights_sitenote_category":0},"product_brand":[],"product_cat":[96],"product_tag":[],"class_list":{"0":"post-2838","1":"product","2":"type-product","3":"status-publish","4":"has-post-thumbnail","6":"product_cat-soil","8":"first","9":"instock","10":"taxable","11":"shipping-taxable","12":"purchasable","13":"product-type-simple"},"acf":[],"aioseo_notices":[],"jetpack_sharing_enabled":true,"_links":{"self":[{"href":"https:\/\/antcube.shop\/sk\/wp-json\/wp\/v2\/product\/2838","targetHints":{"allow":["GET"]}}],"collection":[{"href":"https:\/\/antcube.shop\/sk\/wp-json\/wp\/v2\/product"}],"about":[{"href":"https:\/\/antcube.shop\/sk\/wp-json\/wp\/v2\/types\/product"}],"replies":[{"embeddable":true,"href":"https:\/\/antcube.shop\/sk\/wp-json\/wp\/v2\/comments?post=2838"}],"wp:featuredmedia":[{"embeddable":true,"href":"https:\/\/antcube.shop\/sk\/wp-json\/wp\/v2\/media\/5506"}],"wp:attachment":[{"href":"https:\/\/antcube.shop\/sk\/wp-json\/wp\/v2\/media?parent=2838"}],"wp:term":[{"taxonomy":"product_brand","embeddable":true,"href":"https:\/\/antcube.shop\/sk\/wp-json\/wp\/v2\/product_brand?post=2838"},{"taxonomy":"product_cat","embeddable":true,"href":"https:\/\/antcube.shop\/sk\/wp-json\/wp\/v2\/product_cat?post=2838"},{"taxonomy":"product_tag","embeddable":true,"href":"https:\/\/antcube.shop\/sk\/wp-json\/wp\/v2\/product_tag?post=2838"}],"curies":[{"name":"wp","href":"https:\/\/api.w.org\/{rel}","templated":true}]}}