{"id":2829,"date":"2021-10-13T18:35:37","date_gmt":"2021-10-13T16:35:37","guid":{"rendered":"https:\/\/antcube.shop\/produkt\/formicarienstopfen-fur-50mm-bohrung\/"},"modified":"2026-04-14T19:51:10","modified_gmt":"2026-04-14T17:51:10","slug":"formicarium-plug-for-50mm-hole","status":"publish","type":"product","link":"https:\/\/antcube.shop\/sk\/produkt\/formicarium-plug-for-50mm-hole\/","title":{"rendered":"Formik\u00e1rov\u00e1 z\u00e1tka pre 50 mm otvor"},"content":{"rendered":"<p><strong>Mno\u017estvo:<\/strong> 1 kus<\/p>\n<p><strong>Rozmery:<\/strong> 59 x 10 mm<\/p>\n<p><strong>Materi\u00e1l:<\/strong> PE plast<\/p>\n<p><strong>Farba:<\/strong> prieh\u013eadn\u00fd, mlie\u010dny<\/p>\n<p><strong>Popis: V s\u00fa\u010dasnosti je na trhu viac ako 10 000 zariaden\u00ed, ktor\u00e9 s\u00fa ur\u010den\u00e9 na predaj:<\/strong> Na uzatv\u00e1ranie kruhov\u00fdch otvorov vo formik\u00e1ri\u00e1ch s priemerom 27 mm.<\/p>\n<p><strong>Volite\u013ene s otvorom:<\/strong><br \/>\n- 20 mm otvor je vhodn\u00fd pre konektory hadi\u010diek n\u00e1dr\u017ee 27 mm - 14, 16, 20 mm - prieh\u013eadn\u00e9.<br \/>\n- 27 mm otvor je vhodn\u00fd pre 3\/4 palcov\u00e9 a M25 kovania<\/p>","protected":false},"excerpt":{"rendered":"<p>Mno\u017estvo: Rozmery: 1 ks 59 x 10 mm Materi\u00e1l: farba: prieh\u013eadn\u00e1, mlie\u010dna Na uzatv\u00e1ranie okr\u00fahlych otvorov vo formik\u00e1ri\u00e1ch s priemerom 50 mm. Volite\u013ene s otvorom: - otvor 20 mm vhodn\u00fd pre konektory trubice n\u00e1dr\u017ee 27 mm - 14, 16, 20 mm - prieh\u013eadn\u00fd. - 27 mm otvor je vhodn\u00fd pre 3\/4 palcov\u00e9 a M25 tvarovky<\/p>","protected":false},"featured_media":343,"comment_status":"open","ping_status":"closed","template":"","meta":{"_acf_changed":false,"content-type":"","_monsterinsights_skip_tracking":false,"_monsterinsights_sitenote_active":false,"_monsterinsights_sitenote_note":"","_monsterinsights_sitenote_category":0},"product_brand":[],"product_cat":[238],"product_tag":[],"class_list":{"0":"post-2829","1":"product","2":"type-product","3":"status-publish","4":"has-post-thumbnail","6":"product_cat-grid-caps-plugs-and-inserts","8":"first","9":"instock","10":"taxable","11":"shipping-taxable","12":"purchasable","13":"product-type-simple"},"acf":[],"aioseo_notices":[],"jetpack_sharing_enabled":true,"_links":{"self":[{"href":"https:\/\/antcube.shop\/sk\/wp-json\/wp\/v2\/product\/2829","targetHints":{"allow":["GET"]}}],"collection":[{"href":"https:\/\/antcube.shop\/sk\/wp-json\/wp\/v2\/product"}],"about":[{"href":"https:\/\/antcube.shop\/sk\/wp-json\/wp\/v2\/types\/product"}],"replies":[{"embeddable":true,"href":"https:\/\/antcube.shop\/sk\/wp-json\/wp\/v2\/comments?post=2829"}],"wp:featuredmedia":[{"embeddable":true,"href":"https:\/\/antcube.shop\/sk\/wp-json\/wp\/v2\/media\/343"}],"wp:attachment":[{"href":"https:\/\/antcube.shop\/sk\/wp-json\/wp\/v2\/media?parent=2829"}],"wp:term":[{"taxonomy":"product_brand","embeddable":true,"href":"https:\/\/antcube.shop\/sk\/wp-json\/wp\/v2\/product_brand?post=2829"},{"taxonomy":"product_cat","embeddable":true,"href":"https:\/\/antcube.shop\/sk\/wp-json\/wp\/v2\/product_cat?post=2829"},{"taxonomy":"product_tag","embeddable":true,"href":"https:\/\/antcube.shop\/sk\/wp-json\/wp\/v2\/product_tag?post=2829"}],"curies":[{"name":"wp","href":"https:\/\/api.w.org\/{rel}","templated":true}]}}