{"id":2826,"date":"2021-10-13T18:34:38","date_gmt":"2021-10-13T16:34:38","guid":{"rendered":"https:\/\/antcube.shop\/produkt\/schaumstoffwischer-150x18x25mm-5er-pack\/"},"modified":"2026-04-08T16:06:12","modified_gmt":"2026-04-08T14:06:12","slug":"foam-wiper-150x18x25mm-pack-of-5","status":"publish","type":"product","link":"https:\/\/antcube.shop\/sk\/produkt\/foam-wiper-150x18x25mm-pack-of-5\/","title":{"rendered":"Penov\u00e9 stiera\u010de 150x18x2,5mm - balenie 5 kusov"},"content":{"rendered":"<p><strong>Rozmery:<\/strong> D\u013a\u017eka 150 mm, penov\u00e1 hlava 40x40x20 mm.<\/p>\n<p><strong>Mno\u017estvo:<\/strong> 5 ks.<\/p>\n<p><strong>Materi\u00e1l:<\/strong> pena, PS<\/p>\n<p><strong>Popis: V s\u00fa\u010dasnosti je na trhu viac ako 10 000 zariaden\u00ed, ktor\u00e9 s\u00fa ur\u010den\u00e9 na predaj:<\/strong><br \/>\nPenov\u00fd stiera\u010d so \u0161tvorcovou hlavou na r\u00f4zne aplik\u00e1cie.<br \/>\nPr\u00edklady:<br \/>\n1.) na \u010distenie okien.<\/p>\n<p>2.) Ako medov\u00e1 huba<\/p>\n<p>3.) Ako pitn\u00fd \u017e\u013eab, preto\u017ee saje vodu<\/p>\n<p>4.) aplikova\u0165 olej na ochranu proti vylomeniu<\/p>\n<p>&nbsp;<\/p>","protected":false},"excerpt":{"rendered":"<p>Rozmery: D\u013a\u017eka 150 mm, penov\u00e1 hlava 40x40x20 mm. Mno\u017estvo: Po\u010det kusov: 5 ks. Materi\u00e1l: pena, PS Popis: Stieracia pena so \u0161tvorcovou hlavou na r\u00f4zne aplik\u00e1cie. Pr\u00edklady: 1.) na \u010distenie okien. 2.) Ako medov\u00e1 hubka 3.) Ako pitn\u00fd \u017e\u013eab, preto\u017ee nas\u00e1va vodu 4.) na aplik\u00e1ciu ochrann\u00e9ho oleja proti vyr\u00e1\u017ekam &nbsp;<\/p>","protected":false},"featured_media":307,"comment_status":"open","ping_status":"closed","template":"","meta":{"_acf_changed":false,"content-type":"","_monsterinsights_skip_tracking":false,"_monsterinsights_sitenote_active":false,"_monsterinsights_sitenote_note":"","_monsterinsights_sitenote_category":0},"product_brand":[],"product_cat":[237],"product_tag":[],"class_list":{"0":"post-2826","1":"product","2":"type-product","3":"status-publish","4":"has-post-thumbnail","6":"product_cat-tools","8":"first","9":"instock","10":"taxable","11":"shipping-taxable","12":"purchasable","13":"product-type-simple"},"acf":[],"aioseo_notices":[],"jetpack_sharing_enabled":true,"_links":{"self":[{"href":"https:\/\/antcube.shop\/sk\/wp-json\/wp\/v2\/product\/2826","targetHints":{"allow":["GET"]}}],"collection":[{"href":"https:\/\/antcube.shop\/sk\/wp-json\/wp\/v2\/product"}],"about":[{"href":"https:\/\/antcube.shop\/sk\/wp-json\/wp\/v2\/types\/product"}],"replies":[{"embeddable":true,"href":"https:\/\/antcube.shop\/sk\/wp-json\/wp\/v2\/comments?post=2826"}],"wp:featuredmedia":[{"embeddable":true,"href":"https:\/\/antcube.shop\/sk\/wp-json\/wp\/v2\/media\/307"}],"wp:attachment":[{"href":"https:\/\/antcube.shop\/sk\/wp-json\/wp\/v2\/media?parent=2826"}],"wp:term":[{"taxonomy":"product_brand","embeddable":true,"href":"https:\/\/antcube.shop\/sk\/wp-json\/wp\/v2\/product_brand?post=2826"},{"taxonomy":"product_cat","embeddable":true,"href":"https:\/\/antcube.shop\/sk\/wp-json\/wp\/v2\/product_cat?post=2826"},{"taxonomy":"product_tag","embeddable":true,"href":"https:\/\/antcube.shop\/sk\/wp-json\/wp\/v2\/product_tag?post=2826"}],"curies":[{"name":"wp","href":"https:\/\/api.w.org\/{rel}","templated":true}]}}