{"id":2825,"date":"2021-10-13T18:33:32","date_gmt":"2021-10-13T16:33:32","guid":{"rendered":"https:\/\/antcube.shop\/produkt\/ytongnest-20x20\/"},"modified":"2026-04-14T11:48:54","modified_gmt":"2026-04-14T09:48:54","slug":"ytongnest-20x20","status":"publish","type":"product","link":"https:\/\/antcube.shop\/sk\/produkt\/ytongnest-20x20\/","title":{"rendered":"Ytongnest - 20\u00d720"},"content":{"rendered":"<p><strong>Materi\u00e1l:<\/strong> p\u00f3robet\u00f3n, sklo, plast PMMA a PVC<\/p>\n<p><strong>Pripojenie:<\/strong> 2x 14 mm otvory<\/p>\n<p><strong>Obsah:<\/strong><br \/>\n1x p\u00f3robet\u00f3nov\u00fd blok 20x20x5 cm s 20 mm hlbok\u00fdmi komorami.<br \/>\n1x sklenen\u00e1 doska 20 \u00d7 20 cm s otvorom 50 mm<br \/>\n1x 50 mm kr\u00fa\u017eok s 27 mm otvorom<br \/>\n2x z\u00e1tka Formicarium 13 mm<br \/>\n1x z\u00e1tka Formicarium 27 mm<\/p>\n<p><strong>Popis: V s\u00fa\u010dasnosti je na trhu viac ako 10 000 zariaden\u00ed, ktor\u00e9 s\u00fa ur\u010den\u00e9 na predaj:<\/strong><br \/>\nYtong je zna\u010dka, samotn\u00fd materi\u00e1l sa naz\u00fdva p\u00f3robet\u00f3n.<br \/>\nV\u010faka vlastnostiam zadr\u017eiavania vody je tento materi\u00e1l vhodn\u00fd na chov mravcov.<br \/>\nJe mo\u017en\u00e9 v \u0148om chova\u0165 ve\u013ek\u00e9 mno\u017estvo druhov hrab\u00e1\u010dov zo such\u00fdch aj vlhk\u00fdch biotopov.<br \/>\nV z\u00e1vislosti od druhu mravcov sa odpor\u00fa\u010da pokry\u0165 dno kom\u00f4r p\u00f4dnym substr\u00e1tom. Niektor\u00e9 druhy sa takto c\u00edtia pohodlnej\u0161ie a napr\u00edklad druhy mravcov rodu Ponerinae potrebuj\u00fa p\u00f4du, aby sa ich larvy mohli spr\u00e1vne zakukli\u0165.<br \/>\nOdpor\u00fa\u010dame pripoji\u0165 k hniezdu ar\u00e9nu, aby sa dalo pou\u017ei\u0165 ako plnohodnotn\u00e9 formik\u00e1rium.<\/p>\n<p><strong>Tip:<\/strong><br \/>\nAby voda po navlh\u010den\u00ed priestoru hniezda Ytong nevytekala von a nezhroma\u017e\u010fovala sa na povrchu n\u00e1bytku pod n\u00edm alebo aby drsn\u00fd materi\u00e1l nepo\u0161kriabal povrchy, odpor\u00fa\u010dame objedna\u0165 si k na\u0161im hniezdam Ytong jednu z na\u0161ich vhodn\u00fdch sklenen\u00fdch vani\u010diek. Tie s\u00fa vodotesn\u00e9, a tak \u00fa\u010dinne chr\u00e1nia podkladov\u00e9 povrchy pred po\u0161koden\u00edm vodou a po\u0161kriaban\u00edm.<\/p>\n<p><strong>Pou\u017eitie:<\/strong><br \/>\n<strong>Pre druhy mravcov ve\u013ekosti M - L.<\/strong><br \/>\nP\u00f3robet\u00f3n je ve\u013emi krehk\u00fd a krehk\u00fd materi\u00e1l. Z d\u00f4vodu v\u00fdrobn\u00e9ho procesu preto nie je mo\u017en\u00e9 zabr\u00e1ni\u0165 tomu, aby sa v rohoch a na hran\u00e1ch objavili mierne zlomy a nerovnosti.<br \/>\nZ tohto d\u00f4vodu nie s\u00fa hniezda Ytong vhodn\u00e9 pre ve\u013emi mal\u00e9 druhy mravcov ve\u013ekosti S, preto\u017ee tieto druhy by sa tu mohli \u013eahko vyliahnu\u0165.<\/p>","protected":false},"excerpt":{"rendered":"<p>Pripojenie: 2x 14 mm otvor<br \/>\nVe\u013ekos\u0165: <strong><span style=\"color: #339966;\">M<\/span><\/strong><strong> &#8211; <span style=\"color: #0000ff;\">L<\/span><\/strong><\/p>","protected":false},"featured_media":3010,"comment_status":"open","ping_status":"closed","template":"","meta":{"_acf_changed":false,"content-type":"","_monsterinsights_skip_tracking":false,"_monsterinsights_sitenote_active":false,"_monsterinsights_sitenote_note":"","_monsterinsights_sitenote_category":0},"product_brand":[],"product_cat":[80,86],"product_tag":[],"class_list":{"0":"post-2825","1":"product","2":"type-product","3":"status-publish","4":"has-post-thumbnail","6":"product_cat-antfarms","7":"product_cat-formicariums","9":"first","10":"instock","11":"taxable","12":"shipping-taxable","13":"purchasable","14":"product-type-simple"},"acf":[],"aioseo_notices":[],"jetpack_sharing_enabled":true,"_links":{"self":[{"href":"https:\/\/antcube.shop\/sk\/wp-json\/wp\/v2\/product\/2825","targetHints":{"allow":["GET"]}}],"collection":[{"href":"https:\/\/antcube.shop\/sk\/wp-json\/wp\/v2\/product"}],"about":[{"href":"https:\/\/antcube.shop\/sk\/wp-json\/wp\/v2\/types\/product"}],"replies":[{"embeddable":true,"href":"https:\/\/antcube.shop\/sk\/wp-json\/wp\/v2\/comments?post=2825"}],"wp:featuredmedia":[{"embeddable":true,"href":"https:\/\/antcube.shop\/sk\/wp-json\/wp\/v2\/media\/3010"}],"wp:attachment":[{"href":"https:\/\/antcube.shop\/sk\/wp-json\/wp\/v2\/media?parent=2825"}],"wp:term":[{"taxonomy":"product_brand","embeddable":true,"href":"https:\/\/antcube.shop\/sk\/wp-json\/wp\/v2\/product_brand?post=2825"},{"taxonomy":"product_cat","embeddable":true,"href":"https:\/\/antcube.shop\/sk\/wp-json\/wp\/v2\/product_cat?post=2825"},{"taxonomy":"product_tag","embeddable":true,"href":"https:\/\/antcube.shop\/sk\/wp-json\/wp\/v2\/product_tag?post=2825"}],"curies":[{"name":"wp","href":"https:\/\/api.w.org\/{rel}","templated":true}]}}