{"id":2823,"date":"2021-10-13T18:33:03","date_gmt":"2021-10-13T16:33:03","guid":{"rendered":"https:\/\/antcube.shop\/produkt\/becken-schlauchverbinder-27mm-14-16-20-mm-transparent\/"},"modified":"2026-04-08T08:47:29","modified_gmt":"2026-04-08T06:47:29","slug":"becken-schlauchverbinder-27mm-14-16-20-mm-transparent","status":"publish","type":"product","link":"https:\/\/antcube.shop\/sk\/produkt\/becken-schlauchverbinder-27mm-14-16-20-mm-transparent\/","title":{"rendered":"Hadicov\u00e1 spojka na um\u00fdvadlo 27 mm - 14, 16, 20 mm - transparentn\u00e1"},"content":{"rendered":"<p><strong>Rozmery:\u00a0<\/strong><br \/>\nVn\u00fatorn\u00fd priemer = 14 mm<br \/>\nVonkaj\u0161\u00ed priemer = 16 mm (prv\u00fd stupe\u0148), 20 mm (druh\u00fd stupe\u0148)<br \/>\nD\u013a\u017eka = 36 mm<\/p>\n<p><strong>Obsah:<\/strong><br \/>\n1x hadicov\u00e1 pr\u00edpojka na um\u00fdvadlo<br \/>\n1x up\u00ednac\u00ed kr\u00fa\u017eok<\/p>\n<p><strong>Pripojenie:<\/strong><br \/>\nUm\u00fdvadlo : Vhodn\u00e9 do 27 mm (3\/4\") otvorov s hr\u00fabkou steny 4 mm!<br \/>\nHadice: 14\/10 - hadica je pevne zasunut\u00e1 do obj\u00edmky 14 mm<br \/>\nR\u00farka 20\/16 je pevne pripevnen\u00e1 na prvom 16 mm stupni<br \/>\nHadica 22\/18 je upevnen\u00e1 na druhom 20 mm stupni<br \/>\nHadica 24\/20 je vo\u013ene nasaden\u00e1 na druhom 20 mm stupni<\/p>\n<p><strong>Popis: V s\u00fa\u010dasnosti je na trhu viac ako 10 000 zariaden\u00ed, ktor\u00e9 s\u00fa ur\u010den\u00e9 na predaj:<\/strong><br \/>\nTento konektor um\u00fdvadla sa zasunie cez 27 mm otvor s hr\u00fabkou steny skla 4 mm. Up\u00ednac\u00ed kr\u00fa\u017eok upev\u0148uje konektor na sklenen\u00e9 um\u00fdvadlo. Na druh\u00fd koniec puzdra mo\u017eno pripoji\u0165 r\u00farky s vonkaj\u0161\u00edm priemerom 14 mm alebo vn\u00fatorn\u00fdm priemerom 16 mm alebo 20 mm.<\/p>","protected":false},"excerpt":{"rendered":"<p>Rozmery: Vn\u00fatorn\u00fd priemer = 14 mm Vonkaj\u0161\u00ed priemer = 16 mm (prv\u00fd stupe\u0148), 20 mm (druh\u00fd stupe\u0148) D\u013a\u017eka = 36 mm Obsah: 1x hadicov\u00e1 spojka na um\u00fdvadlo 1x up\u00ednac\u00ed kr\u00fa\u017eok Pripojenie: Um\u00fdvadlo : Pasuje do 27mm (3\/4\") otvorov s hr\u00fabkou steny 4mm! Hadice: Hadica 14\/10 sa pevne zasunie do obj\u00edmky 14mm Hadica 20\/16 sa pevne nasad\u00ed na","protected":false},"featured_media":357,"comment_status":"open","ping_status":"closed","template":"","meta":{"_acf_changed":false,"content-type":"","_monsterinsights_skip_tracking":false,"_monsterinsights_sitenote_active":false,"_monsterinsights_sitenote_note":"","_monsterinsights_sitenote_category":0},"product_brand":[],"product_cat":[121],"product_tag":[],"class_list":{"0":"post-2823","1":"product","2":"type-product","3":"status-publish","4":"has-post-thumbnail","6":"product_cat-connectors","8":"first","9":"instock","10":"taxable","11":"shipping-taxable","12":"purchasable","13":"product-type-simple"},"acf":[],"aioseo_notices":[],"jetpack_sharing_enabled":true,"_links":{"self":[{"href":"https:\/\/antcube.shop\/sk\/wp-json\/wp\/v2\/product\/2823","targetHints":{"allow":["GET"]}}],"collection":[{"href":"https:\/\/antcube.shop\/sk\/wp-json\/wp\/v2\/product"}],"about":[{"href":"https:\/\/antcube.shop\/sk\/wp-json\/wp\/v2\/types\/product"}],"replies":[{"embeddable":true,"href":"https:\/\/antcube.shop\/sk\/wp-json\/wp\/v2\/comments?post=2823"}],"wp:featuredmedia":[{"embeddable":true,"href":"https:\/\/antcube.shop\/sk\/wp-json\/wp\/v2\/media\/357"}],"wp:attachment":[{"href":"https:\/\/antcube.shop\/sk\/wp-json\/wp\/v2\/media?parent=2823"}],"wp:term":[{"taxonomy":"product_brand","embeddable":true,"href":"https:\/\/antcube.shop\/sk\/wp-json\/wp\/v2\/product_brand?post=2823"},{"taxonomy":"product_cat","embeddable":true,"href":"https:\/\/antcube.shop\/sk\/wp-json\/wp\/v2\/product_cat?post=2823"},{"taxonomy":"product_tag","embeddable":true,"href":"https:\/\/antcube.shop\/sk\/wp-json\/wp\/v2\/product_tag?post=2823"}],"curies":[{"name":"wp","href":"https:\/\/api.w.org\/{rel}","templated":true}]}}