{"id":2821,"date":"2021-10-13T18:28:32","date_gmt":"2021-10-13T16:28:32","guid":{"rendered":"https:\/\/antcube.shop\/produkt\/handlupe-2fach-30mm\/"},"modified":"2026-04-15T17:09:38","modified_gmt":"2026-04-15T15:09:38","slug":"rucna-lupa-2x-30-mm","status":"publish","type":"product","link":"https:\/\/antcube.shop\/sk\/produkt\/rucna-lupa-2x-30-mm\/","title":{"rendered":"Ru\u010dn\u00e1 lupa - 2x - 30 mm"},"content":{"rendered":"<p><strong>Rozmery (Dx\u0160xV):<\/strong> 80x36x2 mm<\/p>\n<p><strong>Materi\u00e1l:<\/strong> plast<\/p>\n<p><strong>Farba:<\/strong> transparentn\u00e9<\/p>\n<p><strong>Obsah:<\/strong><br \/>\n<strong>1x<\/strong> ru\u010dn\u00e1 lupa<\/p>\n<p><strong>Technick\u00e9 \u0161pecifik\u00e1cie:<\/strong><br \/>\nZv\u00e4\u010d\u0161enie = 2x<\/p>\n<p><strong>Popis \/ pou\u017eitie:<\/strong><br \/>\nRu\u010dn\u00e1 lupa na kontrolu mravcov alebo k\u0155mneho hmyzu.<\/p>\n<p><strong>Upozornenie:<\/strong><br \/>\nJednoduch\u00e9 spracovanie a jednoduch\u00e1 kvalita, preto\u017ee je vyroben\u00fd z plastu a je citliv\u00fd na po\u0161kriabanie.<\/p>","protected":false},"excerpt":{"rendered":"<p>Rozmery (Dx\u0160xV): 80x36x2 mm Materi\u00e1l: plast Farba: transparentn\u00e1 Obsah: Technick\u00e9 \u0161pecifik\u00e1cie: 1x ru\u010dn\u00e1 lupa: Popis \/ pou\u017eitie: Zv\u00e4\u010d\u0161enie = 2x: Ru\u010dn\u00e1 lupa na kontrolu mravcov alebo k\u0155mneho hmyzu. Upozornenie: Jednoduch\u00e9 spracovanie a jednoduch\u00e1 kvalita, preto\u017ee je vyroben\u00e1 z plastu a je citliv\u00e1 na po\u0161kriabanie.<\/p>","protected":false},"featured_media":310,"comment_status":"open","ping_status":"closed","template":"","meta":{"_acf_changed":false,"content-type":"","_monsterinsights_skip_tracking":false,"_monsterinsights_sitenote_active":false,"_monsterinsights_sitenote_note":"","_monsterinsights_sitenote_category":0},"product_brand":[],"product_cat":[237],"product_tag":[],"class_list":{"0":"post-2821","1":"product","2":"type-product","3":"status-publish","4":"has-post-thumbnail","6":"product_cat-tools","8":"first","9":"instock","10":"taxable","11":"shipping-taxable","12":"purchasable","13":"product-type-simple"},"acf":[],"aioseo_notices":[],"jetpack_sharing_enabled":true,"_links":{"self":[{"href":"https:\/\/antcube.shop\/sk\/wp-json\/wp\/v2\/product\/2821","targetHints":{"allow":["GET"]}}],"collection":[{"href":"https:\/\/antcube.shop\/sk\/wp-json\/wp\/v2\/product"}],"about":[{"href":"https:\/\/antcube.shop\/sk\/wp-json\/wp\/v2\/types\/product"}],"replies":[{"embeddable":true,"href":"https:\/\/antcube.shop\/sk\/wp-json\/wp\/v2\/comments?post=2821"}],"wp:featuredmedia":[{"embeddable":true,"href":"https:\/\/antcube.shop\/sk\/wp-json\/wp\/v2\/media\/310"}],"wp:attachment":[{"href":"https:\/\/antcube.shop\/sk\/wp-json\/wp\/v2\/media?parent=2821"}],"wp:term":[{"taxonomy":"product_brand","embeddable":true,"href":"https:\/\/antcube.shop\/sk\/wp-json\/wp\/v2\/product_brand?post=2821"},{"taxonomy":"product_cat","embeddable":true,"href":"https:\/\/antcube.shop\/sk\/wp-json\/wp\/v2\/product_cat?post=2821"},{"taxonomy":"product_tag","embeddable":true,"href":"https:\/\/antcube.shop\/sk\/wp-json\/wp\/v2\/product_tag?post=2821"}],"curies":[{"name":"wp","href":"https:\/\/api.w.org\/{rel}","templated":true}]}}